{"id":78905,"date":"2024-05-03T10:51:09","date_gmt":"2024-05-03T10:51:09","guid":{"rendered":"https:\/\/onlinehardwareshop.de\/index.php\/produkt\/wd-red-sa500-sata-ssd-4tb-2\/"},"modified":"2025-05-14T11:02:18","modified_gmt":"2025-05-14T11:02:18","slug":"wd-red-sa500-sata-ssd-4tb","status":"publish","type":"product","link":"https:\/\/onlinehardwareshop.de\/index.php\/produkt\/wd-red-sa500-sata-ssd-4tb\/","title":{"rendered":"WD RED SA500 SATA SSD 4TB"},"content":{"rendered":"<p>Hinweis: Diese 2,5-Zoll-SSD hat ein SATA-Interface und funktioniert nur, wenn das System SATA unterst\u00fctzt wird. \u00dcberpr\u00fcfe dies in der Gebrauchsanleitung deines Motherboards.  Verbessere die Leistungen und die Reaktionsgeschwindigkeit deines NAS mit der WD RED SA500 SATA SSD 4\u00a0TB. Die WD Red hat eine Schreibgeschwindigkeit von 530\u00a0MB\/s und eine Lesegeschwindigkeit von 560\u00a0MB\/s. Auf 4 Terabyte Speicherplatz speicherst du bis zu 400.000 Fotos oder 120 Stunden an 4K-Bildmaterial. Diese SSD wurde speziell f\u00fcr den Rund-um-die-Uhr-Gebrauch in einem NAS-System entwickelt. Dank der 3D-NAND-Technologie ist der Energieverbrauch geringer als bei 2D NAND, weshalb du bei deinem NAS Stromkosten einsparst. Aufgrund besserem und schnellerem Caching gro\u00dfer Dateien ist diese Festplatte f\u00fcr leistungsintensive Anwendungen wie OLTP Databases, Umgebungen mit mehreren Nutzern sowie zum Rendern von Bildmaterial geeignet.<\/p>\n","protected":false},"excerpt":{"rendered":"<p>Hinweis: Diese 2,5-Zoll-SSD hat ein SATA-Interface und funktioniert nur, wenn das System SATA unterst\u00fctzt wird. \u00dcberpr\u00fcfe dies in der Gebrauchsanleitung deines Motherboards.  Verbessere die Leistungen und die Reaktionsgeschwindigkeit deines NAS mit der WD RED SA500 SATA SSD 4\u00a0TB. Die WD Red hat eine Schreibgeschwindigkeit von 530\u00a0MB\/s und eine Lesegeschwindigkeit von 560\u00a0MB\/s. Auf 4 Terabyte Speicherplatz speicherst du bis zu 400.000 Fotos oder 120 Stunden an 4K-Bildmaterial. Diese SSD wurde speziell f\u00fcr den Rund-um-die-Uhr-Gebrauch in einem NAS-System entwickelt. Dank der 3D-NAND-Technologie ist der Energieverbrauch geringer als bei 2D NAND, weshalb du bei deinem NAS Stromkosten einsparst. Aufgrund besserem und schnellerem Caching gro\u00dfer Dateien ist diese Festplatte f\u00fcr leistungsintensive Anwendungen wie OLTP Databases, Umgebungen mit mehreren Nutzern sowie zum Rendern von Bildmaterial geeignet.<\/p>\n","protected":false},"featured_media":0,"comment_status":"closed","ping_status":"open","template":"","meta":{"_acf_changed":false},"brand":[645],"product_brand":[],"product_cat":[2957],"product_tag":[2958],"class_list":{"0":"post-78905","1":"product","2":"type-product","3":"status-publish","5":"brand-western-digital","6":"product_cat-solid-state-drives-ssd","7":"product_tag-25-inch-ssd","8":"pa_condition-new","9":"pa_coolblue-de-verzending-morgen-gratis-geliefert","10":"pa_ean-18615","11":"pa_mpn-wds400t2r0a","13":"first","14":"instock","15":"product-type-external"},"acf":[],"_links":{"self":[{"href":"https:\/\/onlinehardwareshop.de\/index.php\/wp-json\/wp\/v2\/product\/78905","targetHints":{"allow":["GET"]}}],"collection":[{"href":"https:\/\/onlinehardwareshop.de\/index.php\/wp-json\/wp\/v2\/product"}],"about":[{"href":"https:\/\/onlinehardwareshop.de\/index.php\/wp-json\/wp\/v2\/types\/product"}],"replies":[{"embeddable":true,"href":"https:\/\/onlinehardwareshop.de\/index.php\/wp-json\/wp\/v2\/comments?post=78905"}],"wp:attachment":[{"href":"https:\/\/onlinehardwareshop.de\/index.php\/wp-json\/wp\/v2\/media?parent=78905"}],"wp:term":[{"taxonomy":"brand","embeddable":true,"href":"https:\/\/onlinehardwareshop.de\/index.php\/wp-json\/wp\/v2\/brand?post=78905"},{"taxonomy":"product_brand","embeddable":true,"href":"https:\/\/onlinehardwareshop.de\/index.php\/wp-json\/wp\/v2\/product_brand?post=78905"},{"taxonomy":"product_cat","embeddable":true,"href":"https:\/\/onlinehardwareshop.de\/index.php\/wp-json\/wp\/v2\/product_cat?post=78905"},{"taxonomy":"product_tag","embeddable":true,"href":"https:\/\/onlinehardwareshop.de\/index.php\/wp-json\/wp\/v2\/product_tag?post=78905"}],"curies":[{"name":"wp","href":"https:\/\/api.w.org\/{rel}","templated":true}]}}