{"id":78888,"date":"2025-02-05T09:23:38","date_gmt":"2025-02-05T09:23:38","guid":{"rendered":"https:\/\/onlinehardwareshop.de\/index.php\/produkt\/siemens-et631ffp8e-2\/"},"modified":"2025-05-14T11:00:08","modified_gmt":"2025-05-14T11:00:08","slug":"siemens-et631ffp8e","status":"publish","type":"product","link":"https:\/\/onlinehardwareshop.de\/index.php\/produkt\/siemens-et631ffp8e\/","title":{"rendered":"Siemens ET631FFP8E"},"content":{"rendered":"<p>Auf dem Siemens ET631FFP8E ist genug Platz f\u00fcr einen gro\u00dfen Suppentopf. Das Glaskeramik-Kochfeld hat eine erweiterbare Zone. Diese nutzt du sowohl f\u00fcr eine kleine Kasserolle als auch f\u00fcr einen gro\u00dfen Br\u00e4ter. M\u00f6chtest du einen Topf mit Wasser oder Suppe schnell zum Kochen bringen? Dann schalte die Boostfunktion ein. Damit erhitzt sich das Wasser fast doppelt so schnell. Nachdem du die Nudeln hineingegeben hast, stellst du minutengenau den Timer ein. So sch\u00fcttest du deine Spaghetti genau zum richten Zeitpunkt ab. Mit 17 Kochstufen stellst du die Temperatur pr\u00e4zise ein. Daher brennt deine Sauce nicht an, wenn du gerade auf die Reispfanne konzentriert bist.<\/p>\n","protected":false},"excerpt":{"rendered":"<p>Auf dem Siemens ET631FFP8E ist genug Platz f\u00fcr einen gro\u00dfen Suppentopf. Das Glaskeramik-Kochfeld hat eine erweiterbare Zone. Diese nutzt du sowohl f\u00fcr eine kleine Kasserolle als auch f\u00fcr einen gro\u00dfen Br\u00e4ter. M\u00f6chtest du einen Topf mit Wasser oder Suppe schnell zum Kochen bringen? Dann schalte die Boostfunktion ein. Damit erhitzt sich das Wasser fast doppelt so schnell. Nachdem du die Nudeln hineingegeben hast, stellst du minutengenau den Timer ein. So sch\u00fcttest du deine Spaghetti genau zum richten Zeitpunkt ab. Mit 17 Kochstufen stellst du die Temperatur pr\u00e4zise ein. Daher brennt deine Sauce nicht an, wenn du gerade auf die Reispfanne konzentriert bist.<\/p>\n","protected":false},"featured_media":0,"comment_status":"closed","ping_status":"open","template":"","meta":{"_acf_changed":false},"brand":[2594],"product_brand":[],"product_cat":[2595],"product_tag":[2596],"class_list":{"0":"post-78888","1":"product","2":"type-product","3":"status-publish","5":"brand-siemens","6":"product_cat-kochfelder","7":"product_tag-inbouw-keramische-kookplaten","8":"pa_condition-new","9":"pa_coolblue-de-verzending-morgen-gratis-geliefert","10":"pa_ean-18561","11":"pa_mpn-et631ffp8e","13":"first","14":"instock","15":"product-type-external"},"acf":[],"_links":{"self":[{"href":"https:\/\/onlinehardwareshop.de\/index.php\/wp-json\/wp\/v2\/product\/78888","targetHints":{"allow":["GET"]}}],"collection":[{"href":"https:\/\/onlinehardwareshop.de\/index.php\/wp-json\/wp\/v2\/product"}],"about":[{"href":"https:\/\/onlinehardwareshop.de\/index.php\/wp-json\/wp\/v2\/types\/product"}],"replies":[{"embeddable":true,"href":"https:\/\/onlinehardwareshop.de\/index.php\/wp-json\/wp\/v2\/comments?post=78888"}],"wp:attachment":[{"href":"https:\/\/onlinehardwareshop.de\/index.php\/wp-json\/wp\/v2\/media?parent=78888"}],"wp:term":[{"taxonomy":"brand","embeddable":true,"href":"https:\/\/onlinehardwareshop.de\/index.php\/wp-json\/wp\/v2\/brand?post=78888"},{"taxonomy":"product_brand","embeddable":true,"href":"https:\/\/onlinehardwareshop.de\/index.php\/wp-json\/wp\/v2\/product_brand?post=78888"},{"taxonomy":"product_cat","embeddable":true,"href":"https:\/\/onlinehardwareshop.de\/index.php\/wp-json\/wp\/v2\/product_cat?post=78888"},{"taxonomy":"product_tag","embeddable":true,"href":"https:\/\/onlinehardwareshop.de\/index.php\/wp-json\/wp\/v2\/product_tag?post=78888"}],"curies":[{"name":"wp","href":"https:\/\/api.w.org\/{rel}","templated":true}]}}