{"id":78887,"date":"2024-04-28T00:56:15","date_gmt":"2024-04-28T00:56:15","guid":{"rendered":"https:\/\/onlinehardwareshop.de\/index.php\/produkt\/hp-laserjet-pro-mfp-4002dn-1-zustzlicher-schwarzer-toner-2\/"},"modified":"2025-05-14T10:59:58","modified_gmt":"2025-05-14T10:59:58","slug":"hp-laserjet-pro-mfp-4002dn-1-zustzlicher-schwarzer-toner","status":"publish","type":"product","link":"https:\/\/onlinehardwareshop.de\/index.php\/produkt\/hp-laserjet-pro-mfp-4002dn-1-zustzlicher-schwarzer-toner\/","title":{"rendered":"HP LaserJet Pro MFP 4002dn + 1 zus&#xE4;tzlicher schwarzer Toner"},"content":{"rendered":"<p>Mit dem Set aus HP LaserJet Pro MFP 4002dn + 1 zus\u00e4tzlicher schwarzer Toner hast du einen ordentlichen Tintenvorrat im Haus. Drucke bis zu 40 Seiten pro Minute mit dem HP LaserJet Pro 4002dn, der sich f\u00fcr ein kleines bis mittelgro\u00dfes B\u00fcro eignet. Dank der hohen Druckgeschwindigkeit stehst du vor dem Drucker nicht mehr Schlange. Der Drucker druckt auch automatisch beidseitig, was Papier spart. Der HP LaserJet Pro 4002dn hat zwei Papierkassetten, in die insgesamt 350 B\u00f6gen Papier passen. Das erspart dir das Nachf\u00fcllen. Dank der kompakten Gr\u00f6\u00dfe passt der Drucker ordentlich auf deinen Schreibtisch. Dieser Drucker hat kein WLAN. Druckauftr\u00e4ge verschickst du daher \u00fcber ein USB-Kabel oder \u00fcber ein Netzwerkkabel, das du mit deinem Modem verbindest.   Drucker mit dynamischer Sicherheit  Bestimmte HP Drucker sind daf\u00fcr ausgelegt, nur mit Patronen zu funktionieren, die neue oder wiederverwendete HP Chips oder elektronische HP Schaltkreise aufweisen. Diese Drucker nutzen dynamische Sicherheitsfunktionen, um Patronen zu blockieren, die mit einem Chip oder einem elektronischen Schaltkreis ausgestattet sind, die nicht von HP stammen. Die Wirksamkeit dieser Funktionen wird durch regelm\u00e4\u00dfige Firmware-Updates garantiert, sodass auch Patronen blockiert werden, die fr\u00fcher durchaus funktioniert haben. Wiederverwendete HP Chips und elektronische HP Schaltkreise erm\u00f6glichen die Nutzung wiederverwendeter, recycelter und neu bef\u00fcllter Patronen.<\/p>\n","protected":false},"excerpt":{"rendered":"<p>Mit dem Set aus HP LaserJet Pro MFP 4002dn + 1 zus\u00e4tzlicher schwarzer Toner hast du einen ordentlichen Tintenvorrat im Haus. Drucke bis zu 40 Seiten pro Minute mit dem HP LaserJet Pro 4002dn, der sich f\u00fcr ein kleines bis mittelgro\u00dfes B\u00fcro eignet. Dank der hohen Druckgeschwindigkeit stehst du vor dem Drucker nicht mehr Schlange. Der Drucker druckt auch automatisch beidseitig, was Papier spart. Der HP LaserJet Pro 4002dn hat zwei Papierkassetten, in die insgesamt 350 B\u00f6gen Papier passen. Das erspart dir das Nachf\u00fcllen. Dank der kompakten Gr\u00f6\u00dfe passt der Drucker ordentlich auf deinen Schreibtisch. Dieser Drucker hat kein WLAN. Druckauftr\u00e4ge verschickst du daher \u00fcber ein USB-Kabel oder \u00fcber ein Netzwerkkabel, das du mit deinem Modem verbindest.   Drucker mit dynamischer Sicherheit  Bestimmte HP Drucker sind daf\u00fcr ausgelegt, nur mit Patronen zu funktionieren, die neue oder wiederverwendete HP Chips oder elektronische HP Schaltkreise aufweisen. Diese Drucker nutzen dynamische Sicherheitsfunktionen, um Patronen zu blockieren, die mit einem Chip oder einem elektronischen Schaltkreis ausgestattet sind, die nicht von HP stammen. Die Wirksamkeit dieser Funktionen wird durch regelm\u00e4\u00dfige Firmware-Updates garantiert, sodass auch Patronen blockiert werden, die fr\u00fcher durchaus funktioniert haben. Wiederverwendete HP Chips und elektronische HP Schaltkreise erm\u00f6glichen die Nutzung wiederverwendeter, recycelter und neu bef\u00fcllter Patronen.<\/p>\n","protected":false},"featured_media":0,"comment_status":"closed","ping_status":"open","template":"","meta":{"_acf_changed":false},"brand":[90],"product_brand":[],"product_cat":[2205],"product_tag":[4823],"class_list":{"0":"post-78887","1":"product","2":"type-product","3":"status-publish","5":"brand-hp","6":"product_cat-drucker","7":"product_tag-laserprinters","8":"pa_condition-new","9":"pa_coolblue-de-verzending-morgen-gratis-geliefert","10":"pa_ean-18559","12":"first","13":"instock","14":"product-type-external"},"acf":[],"_links":{"self":[{"href":"https:\/\/onlinehardwareshop.de\/index.php\/wp-json\/wp\/v2\/product\/78887","targetHints":{"allow":["GET"]}}],"collection":[{"href":"https:\/\/onlinehardwareshop.de\/index.php\/wp-json\/wp\/v2\/product"}],"about":[{"href":"https:\/\/onlinehardwareshop.de\/index.php\/wp-json\/wp\/v2\/types\/product"}],"replies":[{"embeddable":true,"href":"https:\/\/onlinehardwareshop.de\/index.php\/wp-json\/wp\/v2\/comments?post=78887"}],"wp:attachment":[{"href":"https:\/\/onlinehardwareshop.de\/index.php\/wp-json\/wp\/v2\/media?parent=78887"}],"wp:term":[{"taxonomy":"brand","embeddable":true,"href":"https:\/\/onlinehardwareshop.de\/index.php\/wp-json\/wp\/v2\/brand?post=78887"},{"taxonomy":"product_brand","embeddable":true,"href":"https:\/\/onlinehardwareshop.de\/index.php\/wp-json\/wp\/v2\/product_brand?post=78887"},{"taxonomy":"product_cat","embeddable":true,"href":"https:\/\/onlinehardwareshop.de\/index.php\/wp-json\/wp\/v2\/product_cat?post=78887"},{"taxonomy":"product_tag","embeddable":true,"href":"https:\/\/onlinehardwareshop.de\/index.php\/wp-json\/wp\/v2\/product_tag?post=78887"}],"curies":[{"name":"wp","href":"https:\/\/api.w.org\/{rel}","templated":true}]}}