{"id":78886,"date":"2025-02-24T18:42:06","date_gmt":"2025-02-24T18:42:06","guid":{"rendered":"https:\/\/onlinehardwareshop.de\/index.php\/produkt\/hp-laserjet-pro-mfp-4002dw-1-zustzlicher-schwarzer-toner-2\/"},"modified":"2025-05-14T10:59:53","modified_gmt":"2025-05-14T10:59:53","slug":"hp-laserjet-pro-mfp-4002dw-1-zustzlicher-schwarzer-toner","status":"publish","type":"product","link":"https:\/\/onlinehardwareshop.de\/index.php\/produkt\/hp-laserjet-pro-mfp-4002dw-1-zustzlicher-schwarzer-toner\/","title":{"rendered":"HP LaserJet Pro MFP 4002dw + 1 zus&#xE4;tzlicher schwarzer Toner"},"content":{"rendered":"<p>Mit dem Set aus HP LaserJet Pro MFP 4002dw + 1 zus\u00e4tzlicher schwarzer Toner hast du genug Tinte f\u00fcr deine Textdokumente. Neben dem Starttoner erh\u00e4ltst du einen zus\u00e4tzlichen schwarzen Toner, sodass du Tausende von Seiten druckst, bevor du neue Tinte brauchst. Drucke bis zu 40 Seiten pro Minute mit dem HP LaserJet Pro 4002dw, der sich f\u00fcr ein kleines bis mittelgro\u00dfes B\u00fcro eignet. Dank der hohen Druckgeschwindigkeit musst du vor dem Drucker nicht mehr Schlange stehen. Der Drucker druckt auch automatisch doppelseitig, was Papier einspart. Druckauftr\u00e4ge lassen sich einfach kabellos \u00fcber Wi-Fi Direct oder Apple AirPrint senden. Der HP LaserJet Pro 4002dw hat zwei Papierkassetten, in die insgesamt 350 B\u00f6gen Papier passen. Das erspart dir das Nachf\u00fcllen. Dank der kompakten Gr\u00f6\u00dfe passt der Drucker ordentlich auf deinen Schreibtisch.   Drucker mit dynamischer Sicherheit  Bestimmte HP Drucker sind daf\u00fcr ausgelegt, nur mit Patronen zu funktionieren, die neue oder wiederverwendete HP Chips oder elektronische HP Schaltkreise aufweisen. Diese Drucker nutzen dynamische Sicherheitsfunktionen, um Patronen zu blockieren, die mit einem Chip oder einer elektronischen Schaltung ausgestattet sind, die nicht von HP stammen. Die Wirksamkeit dieser Funktionen wird durch regelm\u00e4\u00dfige Firmware-Updates garantiert, sodass auch Patronen blockiert werden, die fr\u00fcher durchaus funktioniert haben. Wiederverwendete HP Chips und elektronische HP Schaltungen erm\u00f6glichen die Nutzung wiederverwendeter, recycelter und neu bef\u00fcllter Patronen.<\/p>\n","protected":false},"excerpt":{"rendered":"<p>Mit dem Set aus HP LaserJet Pro MFP 4002dw + 1 zus\u00e4tzlicher schwarzer Toner hast du genug Tinte f\u00fcr deine Textdokumente. Neben dem Starttoner erh\u00e4ltst du einen zus\u00e4tzlichen schwarzen Toner, sodass du Tausende von Seiten druckst, bevor du neue Tinte brauchst. Drucke bis zu 40 Seiten pro Minute mit dem HP LaserJet Pro 4002dw, der sich f\u00fcr ein kleines bis mittelgro\u00dfes B\u00fcro eignet. Dank der hohen Druckgeschwindigkeit musst du vor dem Drucker nicht mehr Schlange stehen. Der Drucker druckt auch automatisch doppelseitig, was Papier einspart. Druckauftr\u00e4ge lassen sich einfach kabellos \u00fcber Wi-Fi Direct oder Apple AirPrint senden. Der HP LaserJet Pro 4002dw hat zwei Papierkassetten, in die insgesamt 350 B\u00f6gen Papier passen. Das erspart dir das Nachf\u00fcllen. Dank der kompakten Gr\u00f6\u00dfe passt der Drucker ordentlich auf deinen Schreibtisch.   Drucker mit dynamischer Sicherheit  Bestimmte HP Drucker sind daf\u00fcr ausgelegt, nur mit Patronen zu funktionieren, die neue oder wiederverwendete HP Chips oder elektronische HP Schaltkreise aufweisen. Diese Drucker nutzen dynamische Sicherheitsfunktionen, um Patronen zu blockieren, die mit einem Chip oder einer elektronischen Schaltung ausgestattet sind, die nicht von HP stammen. Die Wirksamkeit dieser Funktionen wird durch regelm\u00e4\u00dfige Firmware-Updates garantiert, sodass auch Patronen blockiert werden, die fr\u00fcher durchaus funktioniert haben. Wiederverwendete HP Chips und elektronische HP Schaltungen erm\u00f6glichen die Nutzung wiederverwendeter, recycelter und neu bef\u00fcllter Patronen.<\/p>\n","protected":false},"featured_media":0,"comment_status":"closed","ping_status":"open","template":"","meta":{"_acf_changed":false},"brand":[90],"product_brand":[],"product_cat":[2205],"product_tag":[4823],"class_list":{"0":"post-78886","1":"product","2":"type-product","3":"status-publish","5":"brand-hp","6":"product_cat-drucker","7":"product_tag-laserprinters","8":"pa_condition-new","9":"pa_coolblue-de-verzending-morgen-gratis-geliefert","10":"pa_ean-18558","12":"first","13":"instock","14":"product-type-external"},"acf":[],"_links":{"self":[{"href":"https:\/\/onlinehardwareshop.de\/index.php\/wp-json\/wp\/v2\/product\/78886","targetHints":{"allow":["GET"]}}],"collection":[{"href":"https:\/\/onlinehardwareshop.de\/index.php\/wp-json\/wp\/v2\/product"}],"about":[{"href":"https:\/\/onlinehardwareshop.de\/index.php\/wp-json\/wp\/v2\/types\/product"}],"replies":[{"embeddable":true,"href":"https:\/\/onlinehardwareshop.de\/index.php\/wp-json\/wp\/v2\/comments?post=78886"}],"wp:attachment":[{"href":"https:\/\/onlinehardwareshop.de\/index.php\/wp-json\/wp\/v2\/media?parent=78886"}],"wp:term":[{"taxonomy":"brand","embeddable":true,"href":"https:\/\/onlinehardwareshop.de\/index.php\/wp-json\/wp\/v2\/brand?post=78886"},{"taxonomy":"product_brand","embeddable":true,"href":"https:\/\/onlinehardwareshop.de\/index.php\/wp-json\/wp\/v2\/product_brand?post=78886"},{"taxonomy":"product_cat","embeddable":true,"href":"https:\/\/onlinehardwareshop.de\/index.php\/wp-json\/wp\/v2\/product_cat?post=78886"},{"taxonomy":"product_tag","embeddable":true,"href":"https:\/\/onlinehardwareshop.de\/index.php\/wp-json\/wp\/v2\/product_tag?post=78886"}],"curies":[{"name":"wp","href":"https:\/\/api.w.org\/{rel}","templated":true}]}}