{"id":78883,"date":"2025-05-03T07:03:18","date_gmt":"2025-05-03T07:03:18","guid":{"rendered":"https:\/\/onlinehardwareshop.de\/index.php\/produkt\/hp-color-laserjet-pro-mfp-4302dw-1-zustzlicher-schwarzer-xl-toner-2\/"},"modified":"2025-05-14T10:59:39","modified_gmt":"2025-05-14T10:59:39","slug":"hp-color-laserjet-pro-mfp-4302dw-1-zustzlicher-schwarzer-xl-toner","status":"publish","type":"product","link":"https:\/\/onlinehardwareshop.de\/index.php\/produkt\/hp-color-laserjet-pro-mfp-4302dw-1-zustzlicher-schwarzer-xl-toner\/","title":{"rendered":"HP Color LaserJet Pro MFP 4302dw + 1 zus&#xE4;tzlicher schwarzer XL-Toner"},"content":{"rendered":"<p>Mit dem Set, bestehend aus HP Color LaserJet Pro MFP 4302dw + 1 Toner-Ersatzset, erh\u00e4ltst du einen schwarzen Tonervorrat zu deinem Drucker. In diesem Set ist neben dem Starttoner auch ein XL-Toner enthalten, mit dem du bis zu 7.500 Schwarz-Wei\u00df-Seiten druckst. Mit dem HP Color LaserJet Pro MFP 4302fdw druckst, scannst und kopierst du deine Arbeitsdokumente. Dieser Laserdrucker druckt in Schwarz-Wei\u00df und in Farbe, sodass du farbenfrohe Tabellen und Grafiken ausdruckst. Drucken, Kopieren und Scannen erfolgt schnell mit bis zu 33 Seiten pro Minute. Dank des automatischen Dokumenteneinzugs scannst oder kopierst du einen Stapel mit bis zu 50 Seiten auf einmal. Die Druckauftr\u00e4ge lassen sich bequem vom B\u00fcrostuhl aus wahlweise \u00fcber Apple AirPrint oder Wi-Fi Direct senden. Mit Wi-Fi Direct verbindet man den Laptop direkt mit dem Drucker, ohne dass ein Modem dazwischenfunkt. Diesen Drucker kannst du zudem per Kabel mit dem PC verbinden, was zum Beispiel dann angenehm ist, wenn du kein Internet hast. Dieser Laserdrucker besitzt zwei Papierkassetten, in denen Platz f\u00fcr 300 B\u00f6gen Papier ist.<\/p>\n","protected":false},"excerpt":{"rendered":"<p>Mit dem Set, bestehend aus HP Color LaserJet Pro MFP 4302dw + 1 Toner-Ersatzset, erh\u00e4ltst du einen schwarzen Tonervorrat zu deinem Drucker. In diesem Set ist neben dem Starttoner auch ein XL-Toner enthalten, mit dem du bis zu 7.500 Schwarz-Wei\u00df-Seiten druckst. Mit dem HP Color LaserJet Pro MFP 4302fdw druckst, scannst und kopierst du deine Arbeitsdokumente. Dieser Laserdrucker druckt in Schwarz-Wei\u00df und in Farbe, sodass du farbenfrohe Tabellen und Grafiken ausdruckst. Drucken, Kopieren und Scannen erfolgt schnell mit bis zu 33 Seiten pro Minute. Dank des automatischen Dokumenteneinzugs scannst oder kopierst du einen Stapel mit bis zu 50 Seiten auf einmal. Die Druckauftr\u00e4ge lassen sich bequem vom B\u00fcrostuhl aus wahlweise \u00fcber Apple AirPrint oder Wi-Fi Direct senden. Mit Wi-Fi Direct verbindet man den Laptop direkt mit dem Drucker, ohne dass ein Modem dazwischenfunkt. Diesen Drucker kannst du zudem per Kabel mit dem PC verbinden, was zum Beispiel dann angenehm ist, wenn du kein Internet hast. Dieser Laserdrucker besitzt zwei Papierkassetten, in denen Platz f\u00fcr 300 B\u00f6gen Papier ist.<\/p>\n","protected":false},"featured_media":0,"comment_status":"closed","ping_status":"open","template":"","meta":{"_acf_changed":false},"brand":[90],"product_brand":[],"product_cat":[2205],"product_tag":[4823],"class_list":{"0":"post-78883","1":"product","2":"type-product","3":"status-publish","5":"brand-hp","6":"product_cat-drucker","7":"product_tag-laserprinters","8":"pa_condition-new","9":"pa_coolblue-de-verzending-morgen-gratis-geliefert","10":"pa_ean-27386","12":"first","13":"instock","14":"product-type-external"},"acf":[],"_links":{"self":[{"href":"https:\/\/onlinehardwareshop.de\/index.php\/wp-json\/wp\/v2\/product\/78883","targetHints":{"allow":["GET"]}}],"collection":[{"href":"https:\/\/onlinehardwareshop.de\/index.php\/wp-json\/wp\/v2\/product"}],"about":[{"href":"https:\/\/onlinehardwareshop.de\/index.php\/wp-json\/wp\/v2\/types\/product"}],"replies":[{"embeddable":true,"href":"https:\/\/onlinehardwareshop.de\/index.php\/wp-json\/wp\/v2\/comments?post=78883"}],"wp:attachment":[{"href":"https:\/\/onlinehardwareshop.de\/index.php\/wp-json\/wp\/v2\/media?parent=78883"}],"wp:term":[{"taxonomy":"brand","embeddable":true,"href":"https:\/\/onlinehardwareshop.de\/index.php\/wp-json\/wp\/v2\/brand?post=78883"},{"taxonomy":"product_brand","embeddable":true,"href":"https:\/\/onlinehardwareshop.de\/index.php\/wp-json\/wp\/v2\/product_brand?post=78883"},{"taxonomy":"product_cat","embeddable":true,"href":"https:\/\/onlinehardwareshop.de\/index.php\/wp-json\/wp\/v2\/product_cat?post=78883"},{"taxonomy":"product_tag","embeddable":true,"href":"https:\/\/onlinehardwareshop.de\/index.php\/wp-json\/wp\/v2\/product_tag?post=78883"}],"curies":[{"name":"wp","href":"https:\/\/api.w.org\/{rel}","templated":true}]}}