{"id":78878,"date":"2024-01-18T20:27:51","date_gmt":"2024-01-18T20:27:51","guid":{"rendered":"https:\/\/onlinehardwareshop.de\/index.php\/produkt\/hp-color-laserjet-pro-mfp-4302fdw-1-toner-ersatzset-2\/"},"modified":"2025-05-14T10:59:15","modified_gmt":"2025-05-14T10:59:15","slug":"hp-color-laserjet-pro-mfp-4302fdw-1-toner-ersatzset","status":"publish","type":"product","link":"https:\/\/onlinehardwareshop.de\/index.php\/produkt\/hp-color-laserjet-pro-mfp-4302fdw-1-toner-ersatzset\/","title":{"rendered":"HP Color LaserJet Pro MFP 4302fdw + 1 Toner-Ersatzset"},"content":{"rendered":"<p>Mit dem Set aus HP Color LaserJet Pro MFP 4302fdw + 1 Toner-Ersatzset erh\u00e4ltst du einen Tintenvorrat zu deinem Drucker. Du druckst, scannst, kopierst und faxt deine Arbeitsdokumente mit dem HP Color LaserJet Pro MFP 4302fdw. Dieser Laserdrucker druckt in Schwarz-Wei\u00df und in Farbe, sodass du farbenfrohe Tabellen und Grafiken ausdruckst. Drucken, Kopieren und Scannen erfolgt schnell mit bis zu 33 Seiten pro Minute. Dank des automatischen Dokumenteneinzugs scannst oder kopierst du einen Stapel mit bis zu 50 Seiten auf einmal. Die Druckauftr\u00e4ge lassen sich bequem vom B\u00fcrostuhl aus wahlweise per Apple AirPrint oder Wi-Fi Direct senden. Mit Wi-Fi Direct verbindet man den Laptop direkt mit dem Drucker, ohne dass ein Modem dazwischenfunkt. Diesen Drucker kannst du zudem per Kabel mit dem PC verbinden, was zum Beispiel dann angenehm ist, wenn du kein Internet hast. Dieser Laserdrucker besitzt zwei Papierkassetten, in denen Platz f\u00fcr 300 B\u00f6gen Papier ist.   Drucker mit dynamischer Sicherheit  Bestimmte HP Drucker sind daf\u00fcr ausgelegt, nur mit Patronen zu funktionieren, die neue oder wiederverwendete HP Chips oder elektronische HP Schaltkreise aufweisen. Diese Drucker nutzen dynamische Sicherheitsfunktionen, um Patronen zu blockieren, die mit einem Chip oder einer elektronischen Schaltung ausgestattet sind, die nicht von HP stammen. Die Wirksamkeit dieser Funktionen wird durch regelm\u00e4\u00dfige Firmware-Updates garantiert, sodass auch Patronen blockiert werden, die fr\u00fcher durchaus funktioniert haben. Wiederverwendete HP Chips und elektronische HP Schaltungen erm\u00f6glichen die Nutzung wiederverwendeter, recycelter und neu bef\u00fcllter Patronen.<\/p>\n","protected":false},"excerpt":{"rendered":"<p>Mit dem Set aus HP Color LaserJet Pro MFP 4302fdw + 1 Toner-Ersatzset erh\u00e4ltst du einen Tintenvorrat zu deinem Drucker. Du druckst, scannst, kopierst und faxt deine Arbeitsdokumente mit dem HP Color LaserJet Pro MFP 4302fdw. Dieser Laserdrucker druckt in Schwarz-Wei\u00df und in Farbe, sodass du farbenfrohe Tabellen und Grafiken ausdruckst. Drucken, Kopieren und Scannen erfolgt schnell mit bis zu 33 Seiten pro Minute. Dank des automatischen Dokumenteneinzugs scannst oder kopierst du einen Stapel mit bis zu 50 Seiten auf einmal. Die Druckauftr\u00e4ge lassen sich bequem vom B\u00fcrostuhl aus wahlweise per Apple AirPrint oder Wi-Fi Direct senden. Mit Wi-Fi Direct verbindet man den Laptop direkt mit dem Drucker, ohne dass ein Modem dazwischenfunkt. Diesen Drucker kannst du zudem per Kabel mit dem PC verbinden, was zum Beispiel dann angenehm ist, wenn du kein Internet hast. Dieser Laserdrucker besitzt zwei Papierkassetten, in denen Platz f\u00fcr 300 B\u00f6gen Papier ist.   Drucker mit dynamischer Sicherheit  Bestimmte HP Drucker sind daf\u00fcr ausgelegt, nur mit Patronen zu funktionieren, die neue oder wiederverwendete HP Chips oder elektronische HP Schaltkreise aufweisen. Diese Drucker nutzen dynamische Sicherheitsfunktionen, um Patronen zu blockieren, die mit einem Chip oder einer elektronischen Schaltung ausgestattet sind, die nicht von HP stammen. Die Wirksamkeit dieser Funktionen wird durch regelm\u00e4\u00dfige Firmware-Updates garantiert, sodass auch Patronen blockiert werden, die fr\u00fcher durchaus funktioniert haben. Wiederverwendete HP Chips und elektronische HP Schaltungen erm\u00f6glichen die Nutzung wiederverwendeter, recycelter und neu bef\u00fcllter Patronen.<\/p>\n","protected":false},"featured_media":0,"comment_status":"closed","ping_status":"open","template":"","meta":{"_acf_changed":false},"brand":[90],"product_brand":[],"product_cat":[2205],"product_tag":[4823],"class_list":{"0":"post-78878","1":"product","2":"type-product","3":"status-publish","5":"brand-hp","6":"product_cat-drucker","7":"product_tag-laserprinters","8":"pa_condition-new","9":"pa_coolblue-de-verzending-morgen-gratis-geliefert","10":"pa_ean-18552","12":"first","13":"instock","14":"product-type-external"},"acf":[],"_links":{"self":[{"href":"https:\/\/onlinehardwareshop.de\/index.php\/wp-json\/wp\/v2\/product\/78878","targetHints":{"allow":["GET"]}}],"collection":[{"href":"https:\/\/onlinehardwareshop.de\/index.php\/wp-json\/wp\/v2\/product"}],"about":[{"href":"https:\/\/onlinehardwareshop.de\/index.php\/wp-json\/wp\/v2\/types\/product"}],"replies":[{"embeddable":true,"href":"https:\/\/onlinehardwareshop.de\/index.php\/wp-json\/wp\/v2\/comments?post=78878"}],"wp:attachment":[{"href":"https:\/\/onlinehardwareshop.de\/index.php\/wp-json\/wp\/v2\/media?parent=78878"}],"wp:term":[{"taxonomy":"brand","embeddable":true,"href":"https:\/\/onlinehardwareshop.de\/index.php\/wp-json\/wp\/v2\/brand?post=78878"},{"taxonomy":"product_brand","embeddable":true,"href":"https:\/\/onlinehardwareshop.de\/index.php\/wp-json\/wp\/v2\/product_brand?post=78878"},{"taxonomy":"product_cat","embeddable":true,"href":"https:\/\/onlinehardwareshop.de\/index.php\/wp-json\/wp\/v2\/product_cat?post=78878"},{"taxonomy":"product_tag","embeddable":true,"href":"https:\/\/onlinehardwareshop.de\/index.php\/wp-json\/wp\/v2\/product_tag?post=78878"}],"curies":[{"name":"wp","href":"https:\/\/api.w.org\/{rel}","templated":true}]}}