{"id":78856,"date":"2024-09-12T23:39:49","date_gmt":"2024-09-12T23:39:49","guid":{"rendered":"https:\/\/onlinehardwareshop.de\/index.php\/produkt\/hp-430-full-hd-webcam-2\/"},"modified":"2025-05-14T10:57:20","modified_gmt":"2025-05-14T10:57:20","slug":"hp-430-full-hd-webcam","status":"publish","type":"product","link":"https:\/\/onlinehardwareshop.de\/index.php\/produkt\/hp-430-full-hd-webcam\/","title":{"rendered":"HP 430 Full HD Webcam"},"content":{"rendered":"<p>Mit der HP 430 Full HD Webcam bist du bei Videotelefonaten mit Freunden, der Familie und deinem Team scharf zu sehen. Dank der Full-HD-Aufl\u00f6sung, des Autofokus, der automatischen Belichtung und der Farbkorrektur machst du immer eine gute Figur. Die HP 430 verf\u00fcgt \u00fcber zwei ger\u00e4uschunterdr\u00fcckende Mikrofone, sodass du bei Gespr\u00e4chen auch gut zu verstehen bist. Mit dieser Webcam brauchst du dir keine Sorgen \u00fcber deine Privatsph\u00e4re zu machen, da sie eine Abdeckung hat, die du \u00fcber das Objektiv schiebst. So sch\u00fctzt du dich vor unerw\u00fcnschten Blicken. Zudem erkennst du anhand der Aktivit\u00e4tsleuchte sofort, ob die Webcam aktiv ist. Diese Webcam ist um 360 Grad neigbar, sodass sie immer in die gew\u00fcnschte Richtung zeigt. Schlie\u00dfe das USB-A-Kabel an deinen Laptop oder PC an, befestige die HP 430 an deinem Bildschirm und schon bist du startklar f\u00fcr den n\u00e4chsten Videoanruf.<\/p>\n","protected":false},"excerpt":{"rendered":"<p>Mit der HP 430 Full HD Webcam bist du bei Videotelefonaten mit Freunden, der Familie und deinem Team scharf zu sehen. Dank der Full-HD-Aufl\u00f6sung, des Autofokus, der automatischen Belichtung und der Farbkorrektur machst du immer eine gute Figur. Die HP 430 verf\u00fcgt \u00fcber zwei ger\u00e4uschunterdr\u00fcckende Mikrofone, sodass du bei Gespr\u00e4chen auch gut zu verstehen bist. Mit dieser Webcam brauchst du dir keine Sorgen \u00fcber deine Privatsph\u00e4re zu machen, da sie eine Abdeckung hat, die du \u00fcber das Objektiv schiebst. So sch\u00fctzt du dich vor unerw\u00fcnschten Blicken. Zudem erkennst du anhand der Aktivit\u00e4tsleuchte sofort, ob die Webcam aktiv ist. Diese Webcam ist um 360 Grad neigbar, sodass sie immer in die gew\u00fcnschte Richtung zeigt. Schlie\u00dfe das USB-A-Kabel an deinen Laptop oder PC an, befestige die HP 430 an deinem Bildschirm und schon bist du startklar f\u00fcr den n\u00e4chsten Videoanruf.<\/p>\n","protected":false},"featured_media":0,"comment_status":"closed","ping_status":"open","template":"","meta":{"_acf_changed":false},"brand":[90],"product_brand":[],"product_cat":[999],"product_tag":[1000],"class_list":{"0":"post-78856","1":"product","2":"type-product","3":"status-publish","5":"brand-hp","6":"product_cat-webcams","7":"product_tag-webcams","8":"pa_condition-new","9":"pa_coolblue-de-verzending-morgen-gratis-geliefert","10":"pa_ean-18512","11":"pa_mpn-77b11aa_abb","13":"first","14":"instock","15":"product-type-external"},"acf":[],"_links":{"self":[{"href":"https:\/\/onlinehardwareshop.de\/index.php\/wp-json\/wp\/v2\/product\/78856","targetHints":{"allow":["GET"]}}],"collection":[{"href":"https:\/\/onlinehardwareshop.de\/index.php\/wp-json\/wp\/v2\/product"}],"about":[{"href":"https:\/\/onlinehardwareshop.de\/index.php\/wp-json\/wp\/v2\/types\/product"}],"replies":[{"embeddable":true,"href":"https:\/\/onlinehardwareshop.de\/index.php\/wp-json\/wp\/v2\/comments?post=78856"}],"wp:attachment":[{"href":"https:\/\/onlinehardwareshop.de\/index.php\/wp-json\/wp\/v2\/media?parent=78856"}],"wp:term":[{"taxonomy":"brand","embeddable":true,"href":"https:\/\/onlinehardwareshop.de\/index.php\/wp-json\/wp\/v2\/brand?post=78856"},{"taxonomy":"product_brand","embeddable":true,"href":"https:\/\/onlinehardwareshop.de\/index.php\/wp-json\/wp\/v2\/product_brand?post=78856"},{"taxonomy":"product_cat","embeddable":true,"href":"https:\/\/onlinehardwareshop.de\/index.php\/wp-json\/wp\/v2\/product_cat?post=78856"},{"taxonomy":"product_tag","embeddable":true,"href":"https:\/\/onlinehardwareshop.de\/index.php\/wp-json\/wp\/v2\/product_tag?post=78856"}],"curies":[{"name":"wp","href":"https:\/\/api.w.org\/{rel}","templated":true}]}}