{"id":78851,"date":"2024-01-03T04:20:42","date_gmt":"2024-01-03T04:20:42","guid":{"rendered":"https:\/\/onlinehardwareshop.de\/index.php\/produkt\/hp-laserjet-m110w-1-zustzlicher-schwarzer-toner-2\/"},"modified":"2025-05-14T10:56:55","modified_gmt":"2025-05-14T10:56:55","slug":"hp-laserjet-m110w-1-zustzlicher-schwarzer-toner","status":"publish","type":"product","link":"https:\/\/onlinehardwareshop.de\/index.php\/produkt\/hp-laserjet-m110w-1-zustzlicher-schwarzer-toner\/","title":{"rendered":"HP LaserJet M110w + 1 zus&#xE4;tzlicher schwarzer Toner"},"content":{"rendered":"<p>Mit dem Set aus HP LaserJet M110w + 1 zus\u00e4tzlicher schwarzer Toner erh\u00e4ltst du einen zus\u00e4tzlichen Toner zu deinem Drucker. Damit hast du erstmal genug Tinte auf Vorrat. Beim HP LaserJet M110w handelt es sich um einen Schwarz-Wei\u00df-Laserdrucker mit WLAN und Apple AirPrint, der sich f\u00fcr kleine Unternehmen oder das Homeoffice eignet. Dank seiner kleinen Gr\u00f6\u00dfe passt der M110w gut auf einen Schreibtisch. Praktisch, wenn du schnell einige Dokumente ausdrucken musst, zum Beispiel f\u00fcr ein Bewerbungsgespr\u00e4ch. Mit dem M110w druckst du bis zu 20 A4-Seiten pro Minute. So hast du problemlos eine ganze PDF im Handumdrehen griffbereit. Zudem kannst du die HP Smart-App verwenden, um von deinem Tablet oder Smartphone aus zu drucken.   Drucker mit dynamischer Sicherheit  Bestimmte HP Drucker sind daf\u00fcr ausgelegt, nur mit Patronen zu funktionieren, die neue oder wiederverwendete HP Chips oder elektronische HP Schaltkreise aufweisen. Diese Drucker nutzen dynamische Sicherheitsfunktionen, um Patronen zu blockieren, die mit einem Chip oder einer elektronischen Schaltung ausgestattet sind, die nicht von HP stammen. Die Wirksamkeit dieser Funktionen wird durch regelm\u00e4\u00dfige Firmware-Updates garantiert, sodass auch Patronen blockiert werden, die fr\u00fcher durchaus funktioniert haben. Wiederverwendete HP Chips und elektronische HP Schaltungen erm\u00f6glichen die Nutzung wiederverwendeter, recycelter und neu bef\u00fcllter Patronen.<\/p>\n","protected":false},"excerpt":{"rendered":"<p>Mit dem Set aus HP LaserJet M110w + 1 zus\u00e4tzlicher schwarzer Toner erh\u00e4ltst du einen zus\u00e4tzlichen Toner zu deinem Drucker. Damit hast du erstmal genug Tinte auf Vorrat. Beim HP LaserJet M110w handelt es sich um einen Schwarz-Wei\u00df-Laserdrucker mit WLAN und Apple AirPrint, der sich f\u00fcr kleine Unternehmen oder das Homeoffice eignet. Dank seiner kleinen Gr\u00f6\u00dfe passt der M110w gut auf einen Schreibtisch. Praktisch, wenn du schnell einige Dokumente ausdrucken musst, zum Beispiel f\u00fcr ein Bewerbungsgespr\u00e4ch. Mit dem M110w druckst du bis zu 20 A4-Seiten pro Minute. So hast du problemlos eine ganze PDF im Handumdrehen griffbereit. Zudem kannst du die HP Smart-App verwenden, um von deinem Tablet oder Smartphone aus zu drucken.   Drucker mit dynamischer Sicherheit  Bestimmte HP Drucker sind daf\u00fcr ausgelegt, nur mit Patronen zu funktionieren, die neue oder wiederverwendete HP Chips oder elektronische HP Schaltkreise aufweisen. Diese Drucker nutzen dynamische Sicherheitsfunktionen, um Patronen zu blockieren, die mit einem Chip oder einer elektronischen Schaltung ausgestattet sind, die nicht von HP stammen. Die Wirksamkeit dieser Funktionen wird durch regelm\u00e4\u00dfige Firmware-Updates garantiert, sodass auch Patronen blockiert werden, die fr\u00fcher durchaus funktioniert haben. Wiederverwendete HP Chips und elektronische HP Schaltungen erm\u00f6glichen die Nutzung wiederverwendeter, recycelter und neu bef\u00fcllter Patronen.<\/p>\n","protected":false},"featured_media":0,"comment_status":"closed","ping_status":"open","template":"","meta":{"_acf_changed":false},"brand":[90],"product_brand":[],"product_cat":[2205],"product_tag":[4823],"class_list":{"0":"post-78851","1":"product","2":"type-product","3":"status-publish","5":"brand-hp","6":"product_cat-drucker","7":"product_tag-laserprinters","8":"pa_condition-new","9":"pa_coolblue-de-verzending-morgen-gratis-geliefert","10":"pa_ean-18504","12":"first","13":"instock","14":"product-type-external"},"acf":[],"_links":{"self":[{"href":"https:\/\/onlinehardwareshop.de\/index.php\/wp-json\/wp\/v2\/product\/78851","targetHints":{"allow":["GET"]}}],"collection":[{"href":"https:\/\/onlinehardwareshop.de\/index.php\/wp-json\/wp\/v2\/product"}],"about":[{"href":"https:\/\/onlinehardwareshop.de\/index.php\/wp-json\/wp\/v2\/types\/product"}],"replies":[{"embeddable":true,"href":"https:\/\/onlinehardwareshop.de\/index.php\/wp-json\/wp\/v2\/comments?post=78851"}],"wp:attachment":[{"href":"https:\/\/onlinehardwareshop.de\/index.php\/wp-json\/wp\/v2\/media?parent=78851"}],"wp:term":[{"taxonomy":"brand","embeddable":true,"href":"https:\/\/onlinehardwareshop.de\/index.php\/wp-json\/wp\/v2\/brand?post=78851"},{"taxonomy":"product_brand","embeddable":true,"href":"https:\/\/onlinehardwareshop.de\/index.php\/wp-json\/wp\/v2\/product_brand?post=78851"},{"taxonomy":"product_cat","embeddable":true,"href":"https:\/\/onlinehardwareshop.de\/index.php\/wp-json\/wp\/v2\/product_cat?post=78851"},{"taxonomy":"product_tag","embeddable":true,"href":"https:\/\/onlinehardwareshop.de\/index.php\/wp-json\/wp\/v2\/product_tag?post=78851"}],"curies":[{"name":"wp","href":"https:\/\/api.w.org\/{rel}","templated":true}]}}