{"id":78827,"date":"2024-09-13T01:46:08","date_gmt":"2024-09-13T01:46:08","guid":{"rendered":"https:\/\/onlinehardwareshop.de\/index.php\/produkt\/act-ac7811-4k-hdmi-extender-set-60-meter-2\/"},"modified":"2025-05-14T10:55:25","modified_gmt":"2025-05-14T10:55:25","slug":"act-ac7811-4k-hdmi-extender-set-60-meter","status":"publish","type":"product","link":"https:\/\/onlinehardwareshop.de\/index.php\/produkt\/act-ac7811-4k-hdmi-extender-set-60-meter\/","title":{"rendered":"ACT AC7811 4K HDMI Extender Set 60 Meter"},"content":{"rendered":"<p>Verl\u00e4ngere das Signal zwischen Bild und Abspielquelle mit dem ACT AC7811 HDMI 4K Extender Set. Das ist praktisch, wenn dein Abspielger\u00e4t weit vom Fernseher entfernt steht. Du schlie\u00dft den Sender beispielsweise an deinen Spielcomputer und den Empf\u00e4nger an deinem Fernseher an. \u00dcber ein CAT6-Kabel mit mitgelieferter IR-Erweiterung verbindest du Sender und Empf\u00e4nger miteinander. Hierdurch genie\u00dft du Bilder in 4K-Qualit\u00e4t.<\/p>\n","protected":false},"excerpt":{"rendered":"<p>Verl\u00e4ngere das Signal zwischen Bild und Abspielquelle mit dem ACT AC7811 HDMI 4K Extender Set. Das ist praktisch, wenn dein Abspielger\u00e4t weit vom Fernseher entfernt steht. Du schlie\u00dft den Sender beispielsweise an deinen Spielcomputer und den Empf\u00e4nger an deinem Fernseher an. \u00dcber ein CAT6-Kabel mit mitgelieferter IR-Erweiterung verbindest du Sender und Empf\u00e4nger miteinander. Hierdurch genie\u00dft du Bilder in 4K-Qualit\u00e4t.<\/p>\n","protected":false},"featured_media":0,"comment_status":"closed","ping_status":"open","template":"","meta":{"_acf_changed":false},"brand":[4758],"product_brand":[],"product_cat":[692],"product_tag":[693],"class_list":{"0":"post-78827","1":"product","2":"type-product","3":"status-publish","5":"brand-act","6":"product_cat-extender","7":"product_tag-extenders","8":"pa_condition-new","9":"pa_coolblue-de-verzending-morgen-gratis-geliefert","10":"pa_ean-18451","11":"pa_mpn-ac7811","13":"first","14":"instock","15":"product-type-external"},"acf":[],"_links":{"self":[{"href":"https:\/\/onlinehardwareshop.de\/index.php\/wp-json\/wp\/v2\/product\/78827","targetHints":{"allow":["GET"]}}],"collection":[{"href":"https:\/\/onlinehardwareshop.de\/index.php\/wp-json\/wp\/v2\/product"}],"about":[{"href":"https:\/\/onlinehardwareshop.de\/index.php\/wp-json\/wp\/v2\/types\/product"}],"replies":[{"embeddable":true,"href":"https:\/\/onlinehardwareshop.de\/index.php\/wp-json\/wp\/v2\/comments?post=78827"}],"wp:attachment":[{"href":"https:\/\/onlinehardwareshop.de\/index.php\/wp-json\/wp\/v2\/media?parent=78827"}],"wp:term":[{"taxonomy":"brand","embeddable":true,"href":"https:\/\/onlinehardwareshop.de\/index.php\/wp-json\/wp\/v2\/brand?post=78827"},{"taxonomy":"product_brand","embeddable":true,"href":"https:\/\/onlinehardwareshop.de\/index.php\/wp-json\/wp\/v2\/product_brand?post=78827"},{"taxonomy":"product_cat","embeddable":true,"href":"https:\/\/onlinehardwareshop.de\/index.php\/wp-json\/wp\/v2\/product_cat?post=78827"},{"taxonomy":"product_tag","embeddable":true,"href":"https:\/\/onlinehardwareshop.de\/index.php\/wp-json\/wp\/v2\/product_tag?post=78827"}],"curies":[{"name":"wp","href":"https:\/\/api.w.org\/{rel}","templated":true}]}}