{"id":78798,"date":"2025-02-05T18:55:06","date_gmt":"2025-02-05T18:55:06","guid":{"rendered":"https:\/\/onlinehardwareshop.de\/index.php\/produkt\/macbook-air-13-m3-chip-14\/"},"modified":"2025-05-14T10:53:08","modified_gmt":"2025-05-14T10:53:08","slug":"macbook-air-13-m3-chip-3","status":"publish","type":"product","link":"https:\/\/onlinehardwareshop.de\/index.php\/produkt\/macbook-air-13-m3-chip-3\/","title":{"rendered":"MacBook Air 13&#34; M3-Chip"},"content":{"rendered":"<p>Mit dem Apple MacBook Air 13 Zoll (2024) M3 (8 Core CPU \/ 10 Core GPU) 16\u00a0GB \/ 512\u00a0GB Mitternacht arbeitest du in mehreren Programmen gleichzeitig besonders geschmeidig. Du f\u00fchrst mit Leichtigkeit Alltagsaufgaben aus oder bearbeitest Fotos und Videos in Programmen wie iMovie und Adobe Photoshop. Dank des 16-GB-Arbeitsspeichers und der zehn Grafikkerne tust du all das ohne Verz\u00f6gerungen. Zudem nutzt du das MacBook an jedem Ort, denn dank des geringen Gewichts von 1,2\u00a0kg l\u00e4sst es sich \u00fcberallhin mitnehmen. Egal an welchem Projekt du arbeitest, Multitaskings fallen jetzt noch leichter. Des Weiteren kannst du zwei externe Bildschirme am zugeklappten MacBook anschlie\u00dfen. Somit \u00f6ffnest du mehrere Apps und Programme und arbeitest \u00fcbersichtlicher. Dank Wi-Fi\u00a06E profitierst du von einem stabileren Netzwerk und arbeitest online reibungslos. \u00dcber zwischenzeitliches Laden musst du dir keine Gedanken machen, denn ein vollst\u00e4ndig aufgeladenes MacBook Air h\u00e4lt 18 Stunden oder l\u00e4nger durch.  Empfehlung unseres Apple-Experten Internet, E-Mail und Textverarbeitung: geeignet Filme und Serien ansehen: geeignet Fotobearbeitung: geeignet Videobearbeitung: geeignet 3D-Entw\u00fcrfe erstellen und rendern: ungeeignet, mindestens ein M3 Pro und 18\u00a0GB Arbeitsspeicher erforderlich Entwicklung von Apps in Xcode: ungeeignet, mindestens ein M3 Max Chip und 36\u00a0GB Arbeitsspeicher erforderlich Gaming: m\u00f6glich, aber haupts\u00e4chlich Low-End-Games. Es k\u00f6nnen aber alle Spiele von Apple Arcade gespielt werden.<\/p>\n","protected":false},"excerpt":{"rendered":"<p>Mit dem Apple MacBook Air 13 Zoll (2024) M3 (8 Core CPU \/ 10 Core GPU) 16\u00a0GB \/ 512\u00a0GB Mitternacht arbeitest du in mehreren Programmen gleichzeitig besonders geschmeidig. Du f\u00fchrst mit Leichtigkeit Alltagsaufgaben aus oder bearbeitest Fotos und Videos in Programmen wie iMovie und Adobe Photoshop. Dank des 16-GB-Arbeitsspeichers und der zehn Grafikkerne tust du all das ohne Verz\u00f6gerungen. Zudem nutzt du das MacBook an jedem Ort, denn dank des geringen Gewichts von 1,2\u00a0kg l\u00e4sst es sich \u00fcberallhin mitnehmen. Egal an welchem Projekt du arbeitest, Multitaskings fallen jetzt noch leichter. Des Weiteren kannst du zwei externe Bildschirme am zugeklappten MacBook anschlie\u00dfen. Somit \u00f6ffnest du mehrere Apps und Programme und arbeitest \u00fcbersichtlicher. Dank Wi-Fi\u00a06E profitierst du von einem stabileren Netzwerk und arbeitest online reibungslos. \u00dcber zwischenzeitliches Laden musst du dir keine Gedanken machen, denn ein vollst\u00e4ndig aufgeladenes MacBook Air h\u00e4lt 18 Stunden oder l\u00e4nger durch.  Empfehlung unseres Apple-Experten Internet, E-Mail und Textverarbeitung: geeignet Filme und Serien ansehen: geeignet Fotobearbeitung: geeignet Videobearbeitung: geeignet 3D-Entw\u00fcrfe erstellen und rendern: ungeeignet, mindestens ein M3 Pro und 18\u00a0GB Arbeitsspeicher erforderlich Entwicklung von Apps in Xcode: ungeeignet, mindestens ein M3 Max Chip und 36\u00a0GB Arbeitsspeicher erforderlich Gaming: m\u00f6glich, aber haupts\u00e4chlich Low-End-Games. Es k\u00f6nnen aber alle Spiele von Apple Arcade gespielt werden.<\/p>\n","protected":false},"featured_media":0,"comment_status":"closed","ping_status":"open","template":"","meta":{"_acf_changed":false},"brand":[148],"product_brand":[],"product_cat":[8884],"product_tag":[8885],"class_list":{"0":"post-78798","1":"product","2":"type-product","3":"status-publish","5":"brand-apple","6":"product_cat-laptops","7":"product_tag-macbooks-qwertz","8":"pa_condition-new","9":"pa_coolblue-de-verzending-morgen-gratis-geliefert","10":"pa_ean-18381","11":"pa_mpn-mxcr3d-a","13":"first","14":"instock","15":"product-type-external"},"acf":[],"_links":{"self":[{"href":"https:\/\/onlinehardwareshop.de\/index.php\/wp-json\/wp\/v2\/product\/78798","targetHints":{"allow":["GET"]}}],"collection":[{"href":"https:\/\/onlinehardwareshop.de\/index.php\/wp-json\/wp\/v2\/product"}],"about":[{"href":"https:\/\/onlinehardwareshop.de\/index.php\/wp-json\/wp\/v2\/types\/product"}],"replies":[{"embeddable":true,"href":"https:\/\/onlinehardwareshop.de\/index.php\/wp-json\/wp\/v2\/comments?post=78798"}],"wp:attachment":[{"href":"https:\/\/onlinehardwareshop.de\/index.php\/wp-json\/wp\/v2\/media?parent=78798"}],"wp:term":[{"taxonomy":"brand","embeddable":true,"href":"https:\/\/onlinehardwareshop.de\/index.php\/wp-json\/wp\/v2\/brand?post=78798"},{"taxonomy":"product_brand","embeddable":true,"href":"https:\/\/onlinehardwareshop.de\/index.php\/wp-json\/wp\/v2\/product_brand?post=78798"},{"taxonomy":"product_cat","embeddable":true,"href":"https:\/\/onlinehardwareshop.de\/index.php\/wp-json\/wp\/v2\/product_cat?post=78798"},{"taxonomy":"product_tag","embeddable":true,"href":"https:\/\/onlinehardwareshop.de\/index.php\/wp-json\/wp\/v2\/product_tag?post=78798"}],"curies":[{"name":"wp","href":"https:\/\/api.w.org\/{rel}","templated":true}]}}