{"id":78748,"date":"2024-07-22T13:20:34","date_gmt":"2024-07-22T13:20:34","guid":{"rendered":"https:\/\/onlinehardwareshop.de\/index.php\/produkt\/brother-mfcj6540dwe-2\/"},"modified":"2025-05-14T10:48:59","modified_gmt":"2025-05-14T10:48:59","slug":"brother-mfcj6540dwe","status":"publish","type":"product","link":"https:\/\/onlinehardwareshop.de\/index.php\/produkt\/brother-mfcj6540dwe\/","title":{"rendered":"Brother MFCJ6540DWE"},"content":{"rendered":"<p>Drucke im A3-Format mit em Brother MFCJ6540DWE 4-in-1 Tintenstrahldrucker. Du druckst, scannst und kopierst bis im A3-Format. Der Drucker hat eine Druckgeschwindigkeit von 28 Seiten pro Minute, weshalb du einen Bericht f\u00fcr die Arbeit schnell in der Hand h\u00e4ltst. Mit dem automatischen Dokumenteneinzug scannst und kopierst du bis zu 50 Seiten beidseitig auf einmal. Der Drucker druckt auch automatisch beidseitig aus. Dadurch sparst du Papier. Du verschickst deine Druckauftr\u00e4ge direkt von deinem Schreibtisch aus mit Wi-Fi Direct, E-Mail-Druck oder Apple AirPrint. Du bedienst den Drucker kinderleicht auf dem 6,8-Zentimeter-LCD-Display oder in der Brother Mobile Connect App.    Geeignet f\u00fcr Brother EcoPro   Dieser Drucker eignet sich f\u00fcr Brother EcoPro, das g\u00fcnstige Tintenabonnement von Brother. Du erh\u00e4ltst automatisch Patronen, wenn deine aktuellen Patronen leer sind. Leere Patronen schickst du kostenlos zur\u00fcck. Au\u00dferdem bekommst du eine fortlaufende Garantie f\u00fcr deinen Drucker. Probiere Brother EcoPro f\u00fcr einen 2-monatigen Testzeitraum kostenlos aus. Mehr Informationen zu EcoPro? Lies unseren Beratungsartikel.<\/p>\n","protected":false},"excerpt":{"rendered":"<p>Drucke im A3-Format mit em Brother MFCJ6540DWE 4-in-1 Tintenstrahldrucker. Du druckst, scannst und kopierst bis im A3-Format. Der Drucker hat eine Druckgeschwindigkeit von 28 Seiten pro Minute, weshalb du einen Bericht f\u00fcr die Arbeit schnell in der Hand h\u00e4ltst. Mit dem automatischen Dokumenteneinzug scannst und kopierst du bis zu 50 Seiten beidseitig auf einmal. Der Drucker druckt auch automatisch beidseitig aus. Dadurch sparst du Papier. Du verschickst deine Druckauftr\u00e4ge direkt von deinem Schreibtisch aus mit Wi-Fi Direct, E-Mail-Druck oder Apple AirPrint. Du bedienst den Drucker kinderleicht auf dem 6,8-Zentimeter-LCD-Display oder in der Brother Mobile Connect App.    Geeignet f\u00fcr Brother EcoPro   Dieser Drucker eignet sich f\u00fcr Brother EcoPro, das g\u00fcnstige Tintenabonnement von Brother. Du erh\u00e4ltst automatisch Patronen, wenn deine aktuellen Patronen leer sind. Leere Patronen schickst du kostenlos zur\u00fcck. Au\u00dferdem bekommst du eine fortlaufende Garantie f\u00fcr deinen Drucker. Probiere Brother EcoPro f\u00fcr einen 2-monatigen Testzeitraum kostenlos aus. Mehr Informationen zu EcoPro? Lies unseren Beratungsartikel.<\/p>\n","protected":false},"featured_media":0,"comment_status":"closed","ping_status":"open","template":"","meta":{"_acf_changed":false},"brand":[164],"product_brand":[],"product_cat":[2205],"product_tag":[2206],"class_list":{"0":"post-78748","1":"product","2":"type-product","3":"status-publish","5":"brand-brother","6":"product_cat-drucker","7":"product_tag-inkjetprinters","8":"pa_condition-new","9":"pa_coolblue-de-verzending-morgen-gratis-geliefert","10":"pa_ean-18250","11":"pa_mpn-mfcj6540dwere1","13":"first","14":"instock","15":"product-type-external"},"acf":[],"_links":{"self":[{"href":"https:\/\/onlinehardwareshop.de\/index.php\/wp-json\/wp\/v2\/product\/78748","targetHints":{"allow":["GET"]}}],"collection":[{"href":"https:\/\/onlinehardwareshop.de\/index.php\/wp-json\/wp\/v2\/product"}],"about":[{"href":"https:\/\/onlinehardwareshop.de\/index.php\/wp-json\/wp\/v2\/types\/product"}],"replies":[{"embeddable":true,"href":"https:\/\/onlinehardwareshop.de\/index.php\/wp-json\/wp\/v2\/comments?post=78748"}],"wp:attachment":[{"href":"https:\/\/onlinehardwareshop.de\/index.php\/wp-json\/wp\/v2\/media?parent=78748"}],"wp:term":[{"taxonomy":"brand","embeddable":true,"href":"https:\/\/onlinehardwareshop.de\/index.php\/wp-json\/wp\/v2\/brand?post=78748"},{"taxonomy":"product_brand","embeddable":true,"href":"https:\/\/onlinehardwareshop.de\/index.php\/wp-json\/wp\/v2\/product_brand?post=78748"},{"taxonomy":"product_cat","embeddable":true,"href":"https:\/\/onlinehardwareshop.de\/index.php\/wp-json\/wp\/v2\/product_cat?post=78748"},{"taxonomy":"product_tag","embeddable":true,"href":"https:\/\/onlinehardwareshop.de\/index.php\/wp-json\/wp\/v2\/product_tag?post=78748"}],"curies":[{"name":"wp","href":"https:\/\/api.w.org\/{rel}","templated":true}]}}