{"id":78747,"date":"2024-08-09T19:00:41","date_gmt":"2024-08-09T19:00:41","guid":{"rendered":"https:\/\/onlinehardwareshop.de\/index.php\/produkt\/brother-mfc-j4340dwe-2\/"},"modified":"2025-05-14T10:48:54","modified_gmt":"2025-05-14T10:48:54","slug":"brother-mfc-j4340dwe","status":"publish","type":"product","link":"https:\/\/onlinehardwareshop.de\/index.php\/produkt\/brother-mfc-j4340dwe\/","title":{"rendered":"Brother MFC-J4340DWE"},"content":{"rendered":"<p>Du druckst, scannst, kopierst und faxt all deine Dokumente mit dem Brother MFCJ4340DWE 4-in-1-Farbtintenstrahldrucker. Mit diesem Drucker druckst du bis zu 20 Seiten pro Minute in Schwarz-Wei\u00df oder 19 pro Minute in Farbe. Du f\u00fcllst die Papierkassette mit bis zu 150 B\u00f6gen Papier. Dank des automatischen Dokumenteneinzugs kopierst und scannst du auch schneller. Dort legst du pro Vorgang bis zu 20 B\u00f6gen Papier ein. Verschicke deine Druckauftr\u00e4ge einfach \u00fcber die Brother Mobile Connect App, Wi-Fi Direct oder Apple AirPrint. Du siehst die Tintenmenge im Drucker auf dem LCD-Farbdisplay.    Geeignet f\u00fcr Brother EcoPro  Dieser Drucker eignet sich f\u00fcr Brother EcoPro, das g\u00fcnstige Tintenabonnement von Brother. Du erh\u00e4ltst automatisch Patronen, wenn deine aktuellen Patronen leer sind. Leere Patronen schickst du kostenlos zur\u00fcck. Au\u00dferdem bekommst du eine fortlaufende Garantie f\u00fcr deinen Drucker. Probiere Brother EcoPro f\u00fcr einen viermonatigen Testzeitraum kostenlos aus. Mehr Informationen zu EcoPro? Sieh dir unseren Beratungsartikel an.<\/p>\n","protected":false},"excerpt":{"rendered":"<p>Du druckst, scannst, kopierst und faxt all deine Dokumente mit dem Brother MFCJ4340DWE 4-in-1-Farbtintenstrahldrucker. Mit diesem Drucker druckst du bis zu 20 Seiten pro Minute in Schwarz-Wei\u00df oder 19 pro Minute in Farbe. Du f\u00fcllst die Papierkassette mit bis zu 150 B\u00f6gen Papier. Dank des automatischen Dokumenteneinzugs kopierst und scannst du auch schneller. Dort legst du pro Vorgang bis zu 20 B\u00f6gen Papier ein. Verschicke deine Druckauftr\u00e4ge einfach \u00fcber die Brother Mobile Connect App, Wi-Fi Direct oder Apple AirPrint. Du siehst die Tintenmenge im Drucker auf dem LCD-Farbdisplay.    Geeignet f\u00fcr Brother EcoPro  Dieser Drucker eignet sich f\u00fcr Brother EcoPro, das g\u00fcnstige Tintenabonnement von Brother. Du erh\u00e4ltst automatisch Patronen, wenn deine aktuellen Patronen leer sind. Leere Patronen schickst du kostenlos zur\u00fcck. Au\u00dferdem bekommst du eine fortlaufende Garantie f\u00fcr deinen Drucker. Probiere Brother EcoPro f\u00fcr einen viermonatigen Testzeitraum kostenlos aus. Mehr Informationen zu EcoPro? Sieh dir unseren Beratungsartikel an.<\/p>\n","protected":false},"featured_media":0,"comment_status":"closed","ping_status":"open","template":"","meta":{"_acf_changed":false},"brand":[164],"product_brand":[],"product_cat":[2205],"product_tag":[2206],"class_list":{"0":"post-78747","1":"product","2":"type-product","3":"status-publish","5":"brand-brother","6":"product_cat-drucker","7":"product_tag-inkjetprinters","8":"pa_condition-new","9":"pa_coolblue-de-verzending-morgen-gratis-geliefert","10":"pa_ean-27019","11":"pa_mpn-mfcj4340dwere1","13":"first","14":"instock","15":"product-type-external"},"acf":[],"_links":{"self":[{"href":"https:\/\/onlinehardwareshop.de\/index.php\/wp-json\/wp\/v2\/product\/78747","targetHints":{"allow":["GET"]}}],"collection":[{"href":"https:\/\/onlinehardwareshop.de\/index.php\/wp-json\/wp\/v2\/product"}],"about":[{"href":"https:\/\/onlinehardwareshop.de\/index.php\/wp-json\/wp\/v2\/types\/product"}],"replies":[{"embeddable":true,"href":"https:\/\/onlinehardwareshop.de\/index.php\/wp-json\/wp\/v2\/comments?post=78747"}],"wp:attachment":[{"href":"https:\/\/onlinehardwareshop.de\/index.php\/wp-json\/wp\/v2\/media?parent=78747"}],"wp:term":[{"taxonomy":"brand","embeddable":true,"href":"https:\/\/onlinehardwareshop.de\/index.php\/wp-json\/wp\/v2\/brand?post=78747"},{"taxonomy":"product_brand","embeddable":true,"href":"https:\/\/onlinehardwareshop.de\/index.php\/wp-json\/wp\/v2\/product_brand?post=78747"},{"taxonomy":"product_cat","embeddable":true,"href":"https:\/\/onlinehardwareshop.de\/index.php\/wp-json\/wp\/v2\/product_cat?post=78747"},{"taxonomy":"product_tag","embeddable":true,"href":"https:\/\/onlinehardwareshop.de\/index.php\/wp-json\/wp\/v2\/product_tag?post=78747"}],"curies":[{"name":"wp","href":"https:\/\/api.w.org\/{rel}","templated":true}]}}