{"id":78746,"date":"2025-03-03T08:02:05","date_gmt":"2025-03-03T08:02:05","guid":{"rendered":"https:\/\/onlinehardwareshop.de\/index.php\/produkt\/brother-mfc-l2860dwe-2\/"},"modified":"2025-05-14T10:48:49","modified_gmt":"2025-05-14T10:48:49","slug":"brother-mfc-l2860dwe","status":"publish","type":"product","link":"https:\/\/onlinehardwareshop.de\/index.php\/produkt\/brother-mfc-l2860dwe\/","title":{"rendered":"Brother MFC-L2860DWE"},"content":{"rendered":"<p>Mit dem Multifunktions-Schwarz-Wei\u00df-Laserdrucker Brother MFC-L2860DWE druckst du bis zu 34 Seiten pro Minute. M\u00f6chtest du beidseitig drucken? Dann druckst du 16 Seiten pro Minute. Mit diesem Multifunktionsmodell kopierst und scannst du zudem auch. Kopierst du h\u00e4ufig gro\u00dfe Dokumente? Dann lege sie in den automatischen Dokumenteneinzug und lasse dir die Arbeit abnehmen. So sparst du auch viel Zeit. Du bedienst den Drucker einfach mit dem LCD-Touchscreen. Sende deine Druckauftr\u00e4ge einfach kabellos \u00fcber WLAN oder kabelgebunden \u00fcber ein USB-Kabel.    Geeignet f\u00fcr Brother EcoPro   Dieser Drucker eignet sich f\u00fcr Brother EcoPro, das g\u00fcnstige Tintenabonnement von Brother. Du erh\u00e4ltst automatisch Patronen, wenn deine aktuellen Patronen leer sind. Leere Patronen schickst du kostenlos zur\u00fcck. Au\u00dferdem bekommst du eine fortlaufende Garantie f\u00fcr deinen Drucker. Probiere Brother EcoPro f\u00fcr einen viermonatigen Testzeitraum kostenlos aus. Mehr Informationen zu EcoPro? Lies unseren Beratungsartikel.<\/p>\n","protected":false},"excerpt":{"rendered":"<p>Mit dem Multifunktions-Schwarz-Wei\u00df-Laserdrucker Brother MFC-L2860DWE druckst du bis zu 34 Seiten pro Minute. M\u00f6chtest du beidseitig drucken? Dann druckst du 16 Seiten pro Minute. Mit diesem Multifunktionsmodell kopierst und scannst du zudem auch. Kopierst du h\u00e4ufig gro\u00dfe Dokumente? Dann lege sie in den automatischen Dokumenteneinzug und lasse dir die Arbeit abnehmen. So sparst du auch viel Zeit. Du bedienst den Drucker einfach mit dem LCD-Touchscreen. Sende deine Druckauftr\u00e4ge einfach kabellos \u00fcber WLAN oder kabelgebunden \u00fcber ein USB-Kabel.    Geeignet f\u00fcr Brother EcoPro   Dieser Drucker eignet sich f\u00fcr Brother EcoPro, das g\u00fcnstige Tintenabonnement von Brother. Du erh\u00e4ltst automatisch Patronen, wenn deine aktuellen Patronen leer sind. Leere Patronen schickst du kostenlos zur\u00fcck. Au\u00dferdem bekommst du eine fortlaufende Garantie f\u00fcr deinen Drucker. Probiere Brother EcoPro f\u00fcr einen viermonatigen Testzeitraum kostenlos aus. Mehr Informationen zu EcoPro? Lies unseren Beratungsartikel.<\/p>\n","protected":false},"featured_media":0,"comment_status":"closed","ping_status":"open","template":"","meta":{"_acf_changed":false},"brand":[164],"product_brand":[],"product_cat":[2205],"product_tag":[4823],"class_list":{"0":"post-78746","1":"product","2":"type-product","3":"status-publish","5":"brand-brother","6":"product_cat-drucker","7":"product_tag-laserprinters","8":"pa_condition-new","9":"pa_coolblue-de-verzending-morgen-gratis-geliefert","10":"pa_ean-18248","11":"pa_mpn-mfcl2860dwere1","13":"first","14":"instock","15":"product-type-external"},"acf":[],"_links":{"self":[{"href":"https:\/\/onlinehardwareshop.de\/index.php\/wp-json\/wp\/v2\/product\/78746","targetHints":{"allow":["GET"]}}],"collection":[{"href":"https:\/\/onlinehardwareshop.de\/index.php\/wp-json\/wp\/v2\/product"}],"about":[{"href":"https:\/\/onlinehardwareshop.de\/index.php\/wp-json\/wp\/v2\/types\/product"}],"replies":[{"embeddable":true,"href":"https:\/\/onlinehardwareshop.de\/index.php\/wp-json\/wp\/v2\/comments?post=78746"}],"wp:attachment":[{"href":"https:\/\/onlinehardwareshop.de\/index.php\/wp-json\/wp\/v2\/media?parent=78746"}],"wp:term":[{"taxonomy":"brand","embeddable":true,"href":"https:\/\/onlinehardwareshop.de\/index.php\/wp-json\/wp\/v2\/brand?post=78746"},{"taxonomy":"product_brand","embeddable":true,"href":"https:\/\/onlinehardwareshop.de\/index.php\/wp-json\/wp\/v2\/product_brand?post=78746"},{"taxonomy":"product_cat","embeddable":true,"href":"https:\/\/onlinehardwareshop.de\/index.php\/wp-json\/wp\/v2\/product_cat?post=78746"},{"taxonomy":"product_tag","embeddable":true,"href":"https:\/\/onlinehardwareshop.de\/index.php\/wp-json\/wp\/v2\/product_tag?post=78746"}],"curies":[{"name":"wp","href":"https:\/\/api.w.org\/{rel}","templated":true}]}}