{"id":78736,"date":"2024-06-02T13:01:07","date_gmt":"2024-06-02T13:01:07","guid":{"rendered":"https:\/\/onlinehardwareshop.de\/index.php\/produkt\/jbl-jr320bt-lila-2\/"},"modified":"2025-05-14T10:47:58","modified_gmt":"2025-05-14T10:47:58","slug":"jbl-jr320bt-lila","status":"publish","type":"product","link":"https:\/\/onlinehardwareshop.de\/index.php\/produkt\/jbl-jr320bt-lila\/","title":{"rendered":"JBL JR320BT Lila"},"content":{"rendered":"<p>Lasse dein Kind mit diesem kabellosen JBL JR320BT Pink auf sichere Weise Musik h\u00f6ren. Dieser Kopfh\u00f6rer verf\u00fcgt \u00fcber eine Lautst\u00e4rkebegrenzung, durch die die Lautst\u00e4rke nie 85 dB \u00fcberschreitet. Dadurch l\u00e4sst er sich nicht \u00fcbertrieben laut einstellen und dein Kind l\u00e4uft weniger Gefahr, eine H\u00f6rsch\u00e4digung davonzutragen. \u00dcber Bluetooth genie\u00dft dein Kind seine Musik kabellos. So hat es viel Bewegungsfreiheit, wenn es Musik h\u00f6rt oder sich einen Film anschaut. Der integrierte Akku bietet deinem Kind 50 bis zu Stunden Musik. Das ist insbesondere im Urlaub praktisch, denn so l\u00e4dst du den Kopfh\u00f6rer nicht st\u00e4ndig auf. Mit den mitgelieferten Stickern verleiht dein Kind seinem Kopfh\u00f6rer au\u00dferdem eine ganz eigene Note.<\/p>\n","protected":false},"excerpt":{"rendered":"<p>Lasse dein Kind mit diesem kabellosen JBL JR320BT Pink auf sichere Weise Musik h\u00f6ren. Dieser Kopfh\u00f6rer verf\u00fcgt \u00fcber eine Lautst\u00e4rkebegrenzung, durch die die Lautst\u00e4rke nie 85 dB \u00fcberschreitet. Dadurch l\u00e4sst er sich nicht \u00fcbertrieben laut einstellen und dein Kind l\u00e4uft weniger Gefahr, eine H\u00f6rsch\u00e4digung davonzutragen. \u00dcber Bluetooth genie\u00dft dein Kind seine Musik kabellos. So hat es viel Bewegungsfreiheit, wenn es Musik h\u00f6rt oder sich einen Film anschaut. Der integrierte Akku bietet deinem Kind 50 bis zu Stunden Musik. Das ist insbesondere im Urlaub praktisch, denn so l\u00e4dst du den Kopfh\u00f6rer nicht st\u00e4ndig auf. Mit den mitgelieferten Stickern verleiht dein Kind seinem Kopfh\u00f6rer au\u00dferdem eine ganz eigene Note.<\/p>\n","protected":false},"featured_media":0,"comment_status":"closed","ping_status":"open","template":"","meta":{"_acf_changed":false},"brand":[5677],"product_brand":[],"product_cat":[1182],"product_tag":[1183],"class_list":{"0":"post-78736","1":"product","2":"type-product","3":"status-publish","5":"brand-jbl","6":"product_cat-kopfhrer","7":"product_tag-hoofdtelefoons-zonder-noisecancelling","8":"pa_condition-new","9":"pa_coolblue-de-verzending-morgen-gratis-geliefert","10":"pa_ean-18226","11":"pa_mpn-jbljr320btpur","13":"first","14":"instock","15":"product-type-external"},"acf":[],"_links":{"self":[{"href":"https:\/\/onlinehardwareshop.de\/index.php\/wp-json\/wp\/v2\/product\/78736","targetHints":{"allow":["GET"]}}],"collection":[{"href":"https:\/\/onlinehardwareshop.de\/index.php\/wp-json\/wp\/v2\/product"}],"about":[{"href":"https:\/\/onlinehardwareshop.de\/index.php\/wp-json\/wp\/v2\/types\/product"}],"replies":[{"embeddable":true,"href":"https:\/\/onlinehardwareshop.de\/index.php\/wp-json\/wp\/v2\/comments?post=78736"}],"wp:attachment":[{"href":"https:\/\/onlinehardwareshop.de\/index.php\/wp-json\/wp\/v2\/media?parent=78736"}],"wp:term":[{"taxonomy":"brand","embeddable":true,"href":"https:\/\/onlinehardwareshop.de\/index.php\/wp-json\/wp\/v2\/brand?post=78736"},{"taxonomy":"product_brand","embeddable":true,"href":"https:\/\/onlinehardwareshop.de\/index.php\/wp-json\/wp\/v2\/product_brand?post=78736"},{"taxonomy":"product_cat","embeddable":true,"href":"https:\/\/onlinehardwareshop.de\/index.php\/wp-json\/wp\/v2\/product_cat?post=78736"},{"taxonomy":"product_tag","embeddable":true,"href":"https:\/\/onlinehardwareshop.de\/index.php\/wp-json\/wp\/v2\/product_tag?post=78736"}],"curies":[{"name":"wp","href":"https:\/\/api.w.org\/{rel}","templated":true}]}}