{"id":78709,"date":"2025-04-12T17:26:27","date_gmt":"2025-04-12T17:26:27","guid":{"rendered":"https:\/\/onlinehardwareshop.de\/index.php\/produkt\/brabantia-bo-touch-bin-2-x-30-liter-confident-grey-2\/"},"modified":"2025-05-14T10:45:33","modified_gmt":"2025-05-14T10:45:33","slug":"brabantia-bo-touch-bin-2-x-30-liter-confident-grey","status":"publish","type":"product","link":"https:\/\/onlinehardwareshop.de\/index.php\/produkt\/brabantia-bo-touch-bin-2-x-30-liter-confident-grey\/","title":{"rendered":"Brabantia Bo Touch Bin 2 x 30 Liter Confident Grey"},"content":{"rendered":"<p>Mit dem Brabantia Bo Touch Bin 2 x 30 Liter Confident Grey M\u00fclleimer ist die M\u00fclltrennung ganz einfach, da der M\u00fclleimer zwei Inneneimer hat. Praktisch, so trennst du zum Beispiel Restm\u00fcll und Plastik. Der Deckel \u00f6ffnet sich, wenn du leicht darauf dr\u00fcckst. Das System verhindert, dass der Deckel mit einem harten Knall zuf\u00e4llt. Dank seiner rechteckigen Form passt der M\u00fclleimer in eine Ecke oder an die Wand. Die beiden Inneneimer holst du ganz einfach heraus. Dadurch lassen sich die M\u00fcllbeutel einzeln austauschen und die Eimer gut reinigen. Die rutschfesten F\u00fc\u00dfe garantieren einen sicheren Stand auf glatten Fliesen. In diesem M\u00fclleimer verwendest du Brabantia M\u00fcllbeutel mit dem Code O.<\/p>\n","protected":false},"excerpt":{"rendered":"<p>Mit dem Brabantia Bo Touch Bin 2 x 30 Liter Confident Grey M\u00fclleimer ist die M\u00fclltrennung ganz einfach, da der M\u00fclleimer zwei Inneneimer hat. Praktisch, so trennst du zum Beispiel Restm\u00fcll und Plastik. Der Deckel \u00f6ffnet sich, wenn du leicht darauf dr\u00fcckst. Das System verhindert, dass der Deckel mit einem harten Knall zuf\u00e4llt. Dank seiner rechteckigen Form passt der M\u00fclleimer in eine Ecke oder an die Wand. Die beiden Inneneimer holst du ganz einfach heraus. Dadurch lassen sich die M\u00fcllbeutel einzeln austauschen und die Eimer gut reinigen. Die rutschfesten F\u00fc\u00dfe garantieren einen sicheren Stand auf glatten Fliesen. In diesem M\u00fclleimer verwendest du Brabantia M\u00fcllbeutel mit dem Code O.<\/p>\n","protected":false},"featured_media":0,"comment_status":"closed","ping_status":"open","template":"","meta":{"_acf_changed":false},"brand":[66],"product_brand":[],"product_cat":[653],"product_tag":[654],"class_list":{"0":"post-78709","1":"product","2":"type-product","3":"status-publish","5":"brand-brabantia","6":"product_cat-mlleimer","7":"product_tag-prullenbakken-keuken-met-afvalscheiding","8":"pa_condition-new","9":"pa_coolblue-de-verzending-morgen-gratis-geliefert","10":"pa_ean-18182","11":"pa_mpn-18183","13":"first","14":"instock","15":"product-type-external"},"acf":[],"_links":{"self":[{"href":"https:\/\/onlinehardwareshop.de\/index.php\/wp-json\/wp\/v2\/product\/78709","targetHints":{"allow":["GET"]}}],"collection":[{"href":"https:\/\/onlinehardwareshop.de\/index.php\/wp-json\/wp\/v2\/product"}],"about":[{"href":"https:\/\/onlinehardwareshop.de\/index.php\/wp-json\/wp\/v2\/types\/product"}],"replies":[{"embeddable":true,"href":"https:\/\/onlinehardwareshop.de\/index.php\/wp-json\/wp\/v2\/comments?post=78709"}],"wp:attachment":[{"href":"https:\/\/onlinehardwareshop.de\/index.php\/wp-json\/wp\/v2\/media?parent=78709"}],"wp:term":[{"taxonomy":"brand","embeddable":true,"href":"https:\/\/onlinehardwareshop.de\/index.php\/wp-json\/wp\/v2\/brand?post=78709"},{"taxonomy":"product_brand","embeddable":true,"href":"https:\/\/onlinehardwareshop.de\/index.php\/wp-json\/wp\/v2\/product_brand?post=78709"},{"taxonomy":"product_cat","embeddable":true,"href":"https:\/\/onlinehardwareshop.de\/index.php\/wp-json\/wp\/v2\/product_cat?post=78709"},{"taxonomy":"product_tag","embeddable":true,"href":"https:\/\/onlinehardwareshop.de\/index.php\/wp-json\/wp\/v2\/product_tag?post=78709"}],"curies":[{"name":"wp","href":"https:\/\/api.w.org\/{rel}","templated":true}]}}