{"id":78703,"date":"2025-01-08T13:47:54","date_gmt":"2025-01-08T13:47:54","guid":{"rendered":"https:\/\/onlinehardwareshop.de\/index.php\/produkt\/kitchenaid-5ksm185psepp-pebbled-palm-2\/"},"modified":"2025-05-14T10:45:04","modified_gmt":"2025-05-14T10:45:04","slug":"kitchenaid-5ksm185psepp-pebbled-palm","status":"publish","type":"product","link":"https:\/\/onlinehardwareshop.de\/index.php\/produkt\/kitchenaid-5ksm185psepp-pebbled-palm\/","title":{"rendered":"KitchenAid 5KSM185PSEPP Pebbled Palm"},"content":{"rendered":"<p>Mit der KitchenAid 5KSM185PSEPP Pebbled Palm legst du dir eine K\u00fcchenmaschine mit drei stabilen Aufs\u00e4tzen zu. Da die drei Aufs\u00e4tze aus Edelstahl bestehen, halten sie l\u00e4nger. Der Mixer hat einen Direktantrieb mit einer Leistung von 300 Watt. Daher wird f\u00fcr die gleiche Leistung weniger Kraft ben\u00f6tigt als bei K\u00fcchenmaschinen anderer Hersteller. Pizza- und Brotteig lassen sich somit einfach kneten. Im Lieferumfang sind zwei R\u00fchrsch\u00fcsseln enthalten. Damit bereitest du verschiedene Rezepte nacheinander zu, ohne zwischendurch sp\u00fclen zu m\u00fcssen. Der Spritzschutzdeckel verhindert, dass deine K\u00fcchenzeile beim Mixen dreckig wird. F\u00fcr die Bedienung des Mixers stehen dir zehn Geschwindigkeitsstufen zur Verf\u00fcgung. Nach der Nutzung reinigst du die Einzelteile in der Sp\u00fclmaschine.<\/p>\n","protected":false},"excerpt":{"rendered":"<p>Mit der KitchenAid 5KSM185PSEPP Pebbled Palm legst du dir eine K\u00fcchenmaschine mit drei stabilen Aufs\u00e4tzen zu. Da die drei Aufs\u00e4tze aus Edelstahl bestehen, halten sie l\u00e4nger. Der Mixer hat einen Direktantrieb mit einer Leistung von 300 Watt. Daher wird f\u00fcr die gleiche Leistung weniger Kraft ben\u00f6tigt als bei K\u00fcchenmaschinen anderer Hersteller. Pizza- und Brotteig lassen sich somit einfach kneten. Im Lieferumfang sind zwei R\u00fchrsch\u00fcsseln enthalten. Damit bereitest du verschiedene Rezepte nacheinander zu, ohne zwischendurch sp\u00fclen zu m\u00fcssen. Der Spritzschutzdeckel verhindert, dass deine K\u00fcchenzeile beim Mixen dreckig wird. F\u00fcr die Bedienung des Mixers stehen dir zehn Geschwindigkeitsstufen zur Verf\u00fcgung. Nach der Nutzung reinigst du die Einzelteile in der Sp\u00fclmaschine.<\/p>\n","protected":false},"featured_media":0,"comment_status":"closed","ping_status":"open","template":"","meta":{"_acf_changed":false},"brand":[709],"product_brand":[],"product_cat":[2306],"product_tag":[2307],"class_list":{"0":"post-78703","1":"product","2":"type-product","3":"status-publish","5":"brand-kitchenaid","6":"product_cat-kchenmaschinen","7":"product_tag-keukenmixers","8":"pa_condition-new","9":"pa_coolblue-de-verzending-morgen-gratis-geliefert","10":"pa_ean-18170","11":"pa_mpn-5ksm185psepp","13":"first","14":"instock","15":"product-type-external"},"acf":[],"_links":{"self":[{"href":"https:\/\/onlinehardwareshop.de\/index.php\/wp-json\/wp\/v2\/product\/78703","targetHints":{"allow":["GET"]}}],"collection":[{"href":"https:\/\/onlinehardwareshop.de\/index.php\/wp-json\/wp\/v2\/product"}],"about":[{"href":"https:\/\/onlinehardwareshop.de\/index.php\/wp-json\/wp\/v2\/types\/product"}],"replies":[{"embeddable":true,"href":"https:\/\/onlinehardwareshop.de\/index.php\/wp-json\/wp\/v2\/comments?post=78703"}],"wp:attachment":[{"href":"https:\/\/onlinehardwareshop.de\/index.php\/wp-json\/wp\/v2\/media?parent=78703"}],"wp:term":[{"taxonomy":"brand","embeddable":true,"href":"https:\/\/onlinehardwareshop.de\/index.php\/wp-json\/wp\/v2\/brand?post=78703"},{"taxonomy":"product_brand","embeddable":true,"href":"https:\/\/onlinehardwareshop.de\/index.php\/wp-json\/wp\/v2\/product_brand?post=78703"},{"taxonomy":"product_cat","embeddable":true,"href":"https:\/\/onlinehardwareshop.de\/index.php\/wp-json\/wp\/v2\/product_cat?post=78703"},{"taxonomy":"product_tag","embeddable":true,"href":"https:\/\/onlinehardwareshop.de\/index.php\/wp-json\/wp\/v2\/product_tag?post=78703"}],"curies":[{"name":"wp","href":"https:\/\/api.w.org\/{rel}","templated":true}]}}