{"id":78640,"date":"2024-01-19T13:10:24","date_gmt":"2024-01-19T13:10:24","guid":{"rendered":"https:\/\/onlinehardwareshop.de\/index.php\/produkt\/canon-pixma-ts8750-2\/"},"modified":"2025-05-14T10:39:44","modified_gmt":"2025-05-14T10:39:44","slug":"canon-pixma-ts8750","status":"publish","type":"product","link":"https:\/\/onlinehardwareshop.de\/index.php\/produkt\/canon-pixma-ts8750\/","title":{"rendered":"Canon PIXMA TS8750"},"content":{"rendered":"<p>Drucke gestochen scharfe und farbintensive Fotos mit dem Canon PIXMA TS8750 Multifunktionsdrucker Schwarz. Dieser Drucker hat eine Druckaufl\u00f6sung von 4.800\u00a0x 1.200\u00a0dpi, wodurch deine Fotos und Dokumente auf dem Papier scharf sind. Neben den \u00fcblichen Farben verf\u00fcgt der PIXMA TS8750 auch \u00fcber Patronen in Fotoschwarz und Grau, sodass deine Drucke mehr Farbtiefe und Kontrast aufweisen. Mit der Kopier- und Scanfunktion dieses Druckers machst du Kopien f\u00fcr die Schule oder scannst ein Dokument ein. Drucke automatisch beidseitig und spare damit Papier. Du bedienst den Drucker entweder \u00fcber den Touchscreen oder \u00fcber die Canon PRINT App. Dank Wi-Fi Direct ist eine Verbindung \u00fcber den Router nicht mehr n\u00f6tig. Du verbindest dein Ger\u00e4t direkt mit dem WLAN-Netzwerk des Druckers oder sendest deine Druckauftr\u00e4ge einfach \u00fcber ein USB-Kabel.<\/p>\n","protected":false},"excerpt":{"rendered":"<p>Drucke gestochen scharfe und farbintensive Fotos mit dem Canon PIXMA TS8750 Multifunktionsdrucker Schwarz. Dieser Drucker hat eine Druckaufl\u00f6sung von 4.800\u00a0x 1.200\u00a0dpi, wodurch deine Fotos und Dokumente auf dem Papier scharf sind. Neben den \u00fcblichen Farben verf\u00fcgt der PIXMA TS8750 auch \u00fcber Patronen in Fotoschwarz und Grau, sodass deine Drucke mehr Farbtiefe und Kontrast aufweisen. Mit der Kopier- und Scanfunktion dieses Druckers machst du Kopien f\u00fcr die Schule oder scannst ein Dokument ein. Drucke automatisch beidseitig und spare damit Papier. Du bedienst den Drucker entweder \u00fcber den Touchscreen oder \u00fcber die Canon PRINT App. Dank Wi-Fi Direct ist eine Verbindung \u00fcber den Router nicht mehr n\u00f6tig. Du verbindest dein Ger\u00e4t direkt mit dem WLAN-Netzwerk des Druckers oder sendest deine Druckauftr\u00e4ge einfach \u00fcber ein USB-Kabel.<\/p>\n","protected":false},"featured_media":0,"comment_status":"closed","ping_status":"open","template":"","meta":{"_acf_changed":false},"brand":[61],"product_brand":[],"product_cat":[2205],"product_tag":[2206],"class_list":{"0":"post-78640","1":"product","2":"type-product","3":"status-publish","5":"brand-canon","6":"product_cat-drucker","7":"product_tag-inkjetprinters","8":"pa_condition-new","9":"pa_coolblue-de-verzending-morgen-gratis-geliefert","10":"pa_ean-27381","11":"pa_mpn-6152c006aa","13":"first","14":"instock","15":"product-type-external"},"acf":[],"_links":{"self":[{"href":"https:\/\/onlinehardwareshop.de\/index.php\/wp-json\/wp\/v2\/product\/78640","targetHints":{"allow":["GET"]}}],"collection":[{"href":"https:\/\/onlinehardwareshop.de\/index.php\/wp-json\/wp\/v2\/product"}],"about":[{"href":"https:\/\/onlinehardwareshop.de\/index.php\/wp-json\/wp\/v2\/types\/product"}],"replies":[{"embeddable":true,"href":"https:\/\/onlinehardwareshop.de\/index.php\/wp-json\/wp\/v2\/comments?post=78640"}],"wp:attachment":[{"href":"https:\/\/onlinehardwareshop.de\/index.php\/wp-json\/wp\/v2\/media?parent=78640"}],"wp:term":[{"taxonomy":"brand","embeddable":true,"href":"https:\/\/onlinehardwareshop.de\/index.php\/wp-json\/wp\/v2\/brand?post=78640"},{"taxonomy":"product_brand","embeddable":true,"href":"https:\/\/onlinehardwareshop.de\/index.php\/wp-json\/wp\/v2\/product_brand?post=78640"},{"taxonomy":"product_cat","embeddable":true,"href":"https:\/\/onlinehardwareshop.de\/index.php\/wp-json\/wp\/v2\/product_cat?post=78640"},{"taxonomy":"product_tag","embeddable":true,"href":"https:\/\/onlinehardwareshop.de\/index.php\/wp-json\/wp\/v2\/product_tag?post=78640"}],"curies":[{"name":"wp","href":"https:\/\/api.w.org\/{rel}","templated":true}]}}