{"id":78607,"date":"2024-02-17T20:12:45","date_gmt":"2024-02-17T20:12:45","guid":{"rendered":"https:\/\/onlinehardwareshop.de\/index.php\/produkt\/krcher-k3-premium-power-control-bike-2\/"},"modified":"2025-05-14T10:37:00","modified_gmt":"2025-05-14T10:37:00","slug":"krcher-k3-premium-power-control-bike","status":"publish","type":"product","link":"https:\/\/onlinehardwareshop.de\/index.php\/produkt\/krcher-k3-premium-power-control-bike\/","title":{"rendered":"K&#xE4;rcher K3 Premium Power Control Bike"},"content":{"rendered":"<p>Mit dem K\u00e4rcher K3 Premium Power Control Bike erh\u00e4ltst du neben einem Hochdruckreiniger auch eine Felgenwaschb\u00fcrste sowie Reinigungsmittel. So machst du dein Motorrad bzw. Fahrrad strahlend sauber. Der Hochdruckreiniger hat einen maximalen Arbeitsdruck von 120 bar. Drehe die Spr\u00fchlanze und passe so den Arbeitsdruck einfach an deine Aufgabe an. So gehst du sicher, dass du nicht den Lack deines Motorrads bzw. Fahrrads oder weiche Untergr\u00fcnde besch\u00e4digst. Auch andere Reinigungsaufgaben erledigst du, wie beispielsweise das Sauberspritzen deiner Gartenm\u00f6bel. F\u00fcr eine kraftvolle Reinigung f\u00fcgst du dem K3 Premium Power Control Hochdruckreiniger Reinigungsmittel hinzu. So entfernst du selbst hartn\u00e4ckigen Schmutz.<\/p>\n","protected":false},"excerpt":{"rendered":"<p>Mit dem K\u00e4rcher K3 Premium Power Control Bike erh\u00e4ltst du neben einem Hochdruckreiniger auch eine Felgenwaschb\u00fcrste sowie Reinigungsmittel. So machst du dein Motorrad bzw. Fahrrad strahlend sauber. Der Hochdruckreiniger hat einen maximalen Arbeitsdruck von 120 bar. Drehe die Spr\u00fchlanze und passe so den Arbeitsdruck einfach an deine Aufgabe an. So gehst du sicher, dass du nicht den Lack deines Motorrads bzw. Fahrrads oder weiche Untergr\u00fcnde besch\u00e4digst. Auch andere Reinigungsaufgaben erledigst du, wie beispielsweise das Sauberspritzen deiner Gartenm\u00f6bel. F\u00fcr eine kraftvolle Reinigung f\u00fcgst du dem K3 Premium Power Control Hochdruckreiniger Reinigungsmittel hinzu. So entfernst du selbst hartn\u00e4ckigen Schmutz.<\/p>\n","protected":false},"featured_media":0,"comment_status":"closed","ping_status":"open","template":"","meta":{"_acf_changed":false},"brand":[294],"product_brand":[],"product_cat":[2722],"product_tag":[2723],"class_list":{"0":"post-78607","1":"product","2":"type-product","3":"status-publish","5":"brand-karcher","6":"product_cat-hochdruckreiniger","7":"product_tag-hogedrukreinigers","8":"pa_condition-new","9":"pa_coolblue-de-verzending-morgen-gratis-geliefert","10":"pa_ean-17934","12":"first","13":"instock","14":"product-type-external"},"acf":[],"_links":{"self":[{"href":"https:\/\/onlinehardwareshop.de\/index.php\/wp-json\/wp\/v2\/product\/78607","targetHints":{"allow":["GET"]}}],"collection":[{"href":"https:\/\/onlinehardwareshop.de\/index.php\/wp-json\/wp\/v2\/product"}],"about":[{"href":"https:\/\/onlinehardwareshop.de\/index.php\/wp-json\/wp\/v2\/types\/product"}],"replies":[{"embeddable":true,"href":"https:\/\/onlinehardwareshop.de\/index.php\/wp-json\/wp\/v2\/comments?post=78607"}],"wp:attachment":[{"href":"https:\/\/onlinehardwareshop.de\/index.php\/wp-json\/wp\/v2\/media?parent=78607"}],"wp:term":[{"taxonomy":"brand","embeddable":true,"href":"https:\/\/onlinehardwareshop.de\/index.php\/wp-json\/wp\/v2\/brand?post=78607"},{"taxonomy":"product_brand","embeddable":true,"href":"https:\/\/onlinehardwareshop.de\/index.php\/wp-json\/wp\/v2\/product_brand?post=78607"},{"taxonomy":"product_cat","embeddable":true,"href":"https:\/\/onlinehardwareshop.de\/index.php\/wp-json\/wp\/v2\/product_cat?post=78607"},{"taxonomy":"product_tag","embeddable":true,"href":"https:\/\/onlinehardwareshop.de\/index.php\/wp-json\/wp\/v2\/product_tag?post=78607"}],"curies":[{"name":"wp","href":"https:\/\/api.w.org\/{rel}","templated":true}]}}