{"id":78606,"date":"2024-08-10T05:32:55","date_gmt":"2024-08-10T05:32:55","guid":{"rendered":"https:\/\/onlinehardwareshop.de\/index.php\/produkt\/karcher-k3-premium-power-control-car-set-2\/"},"modified":"2025-05-14T10:36:55","modified_gmt":"2025-05-14T10:36:55","slug":"karcher-k3-premium-power-control-car-set","status":"publish","type":"product","link":"https:\/\/onlinehardwareshop.de\/index.php\/produkt\/karcher-k3-premium-power-control-car-set\/","title":{"rendered":"Karcher K3 Premium Power Control Car Set"},"content":{"rendered":"<p>Mit dem K\u00e4rcher K3 Premium Power Control Car Set reinigst du dein Auto m\u00fchelos. Zum Lieferumfang des Hochdruckreinigers geh\u00f6ren Waschb\u00fcrste, Reinigungsmittel und Schaumd\u00fcse, sodass du sofort beginnen kannst. Mit dem maximalen Arbeitsdruck von 120 bar reinigst du schnell dein Auto. Den Arbeitsdruck stellst du ganz einfach mit der Spr\u00fchlanze ein, um empfindliche Oberfl\u00e4chen sicher zu s\u00e4ubern. Mit dem Hochdruckreiniger putzt du auch dein Fahrrad, deine Gartenm\u00f6bel und sogar deine Terrasse. Das Reinigungsmittel reinigt besonders intensiv und entfernt sogar den hartn\u00e4ckigsten Schmutz ohne Schwierigkeiten. So genie\u00dft du jedes Mal strahlend saubere Ergebnisse.<\/p>\n","protected":false},"excerpt":{"rendered":"<p>Mit dem K\u00e4rcher K3 Premium Power Control Car Set reinigst du dein Auto m\u00fchelos. Zum Lieferumfang des Hochdruckreinigers geh\u00f6ren Waschb\u00fcrste, Reinigungsmittel und Schaumd\u00fcse, sodass du sofort beginnen kannst. Mit dem maximalen Arbeitsdruck von 120 bar reinigst du schnell dein Auto. Den Arbeitsdruck stellst du ganz einfach mit der Spr\u00fchlanze ein, um empfindliche Oberfl\u00e4chen sicher zu s\u00e4ubern. Mit dem Hochdruckreiniger putzt du auch dein Fahrrad, deine Gartenm\u00f6bel und sogar deine Terrasse. Das Reinigungsmittel reinigt besonders intensiv und entfernt sogar den hartn\u00e4ckigsten Schmutz ohne Schwierigkeiten. So genie\u00dft du jedes Mal strahlend saubere Ergebnisse.<\/p>\n","protected":false},"featured_media":0,"comment_status":"closed","ping_status":"open","template":"","meta":{"_acf_changed":false},"brand":[294],"product_brand":[],"product_cat":[2722],"product_tag":[2723],"class_list":{"0":"post-78606","1":"product","2":"type-product","3":"status-publish","5":"brand-karcher","6":"product_cat-hochdruckreiniger","7":"product_tag-hogedrukreinigers","8":"pa_condition-new","9":"pa_coolblue-de-verzending-morgen-gratis-geliefert","10":"pa_ean-17933","12":"first","13":"instock","14":"product-type-external"},"acf":[],"_links":{"self":[{"href":"https:\/\/onlinehardwareshop.de\/index.php\/wp-json\/wp\/v2\/product\/78606","targetHints":{"allow":["GET"]}}],"collection":[{"href":"https:\/\/onlinehardwareshop.de\/index.php\/wp-json\/wp\/v2\/product"}],"about":[{"href":"https:\/\/onlinehardwareshop.de\/index.php\/wp-json\/wp\/v2\/types\/product"}],"replies":[{"embeddable":true,"href":"https:\/\/onlinehardwareshop.de\/index.php\/wp-json\/wp\/v2\/comments?post=78606"}],"wp:attachment":[{"href":"https:\/\/onlinehardwareshop.de\/index.php\/wp-json\/wp\/v2\/media?parent=78606"}],"wp:term":[{"taxonomy":"brand","embeddable":true,"href":"https:\/\/onlinehardwareshop.de\/index.php\/wp-json\/wp\/v2\/brand?post=78606"},{"taxonomy":"product_brand","embeddable":true,"href":"https:\/\/onlinehardwareshop.de\/index.php\/wp-json\/wp\/v2\/product_brand?post=78606"},{"taxonomy":"product_cat","embeddable":true,"href":"https:\/\/onlinehardwareshop.de\/index.php\/wp-json\/wp\/v2\/product_cat?post=78606"},{"taxonomy":"product_tag","embeddable":true,"href":"https:\/\/onlinehardwareshop.de\/index.php\/wp-json\/wp\/v2\/product_tag?post=78606"}],"curies":[{"name":"wp","href":"https:\/\/api.w.org\/{rel}","templated":true}]}}