{"id":78598,"date":"2024-02-18T08:30:46","date_gmt":"2024-02-18T08:30:46","guid":{"rendered":"https:\/\/onlinehardwareshop.de\/index.php\/produkt\/trust-gxt-927-redex-kabellose-gaming-maus-2\/"},"modified":"2025-05-14T10:36:07","modified_gmt":"2025-05-14T10:36:07","slug":"trust-gxt-927-redex-kabellose-gaming-maus","status":"publish","type":"product","link":"https:\/\/onlinehardwareshop.de\/index.php\/produkt\/trust-gxt-927-redex-kabellose-gaming-maus\/","title":{"rendered":"Trust GXT 927 Redex+ Kabellose Gaming-Maus"},"content":{"rendered":"<p>Spiele mit einer hohen Mausempfindlichkeit mit der Trust GXT 927 Redex+ Kabellose Gaming-Maus. Diese kabelgebundene Gaming-Maus von Trust hat bis zu 25.600\u00a0dpi, weshalb du f\u00fcr jede Art von Spiel die richtige dpi-Anzahl zur Verf\u00fcgung hast. So kannst du beim Snipen in Warzone pr\u00e4zise oder bei einer Runde Leagie of Legends schnell reagieren. Die beiden zus\u00e4tzlichen Daumentasten kannst du selbst einstellen, weshalb du schneller als dein Gegner reagierst, wenn du deine Waffe wechselst oder eine Spezialattacke ausf\u00fchrst. Du schlie\u00dft die Gaming-Maus einfach \u00fcber den mitgelieferten USB-Dongle an und kannst bis zu 94 Stunden ohne Aufladen spielen. Die GXT 927 Redex+ hat RGB-Beleuchtung mit 16,8 Millionen Farben, die du mit der Software von Trust komplett personalisieren kannst.<\/p>\n","protected":false},"excerpt":{"rendered":"<p>Spiele mit einer hohen Mausempfindlichkeit mit der Trust GXT 927 Redex+ Kabellose Gaming-Maus. Diese kabelgebundene Gaming-Maus von Trust hat bis zu 25.600\u00a0dpi, weshalb du f\u00fcr jede Art von Spiel die richtige dpi-Anzahl zur Verf\u00fcgung hast. So kannst du beim Snipen in Warzone pr\u00e4zise oder bei einer Runde Leagie of Legends schnell reagieren. Die beiden zus\u00e4tzlichen Daumentasten kannst du selbst einstellen, weshalb du schneller als dein Gegner reagierst, wenn du deine Waffe wechselst oder eine Spezialattacke ausf\u00fchrst. Du schlie\u00dft die Gaming-Maus einfach \u00fcber den mitgelieferten USB-Dongle an und kannst bis zu 94 Stunden ohne Aufladen spielen. Die GXT 927 Redex+ hat RGB-Beleuchtung mit 16,8 Millionen Farben, die du mit der Software von Trust komplett personalisieren kannst.<\/p>\n","protected":false},"featured_media":0,"comment_status":"closed","ping_status":"open","template":"","meta":{"_acf_changed":false},"brand":[596],"product_brand":[],"product_cat":[33],"product_tag":[3752],"class_list":{"0":"post-78598","1":"product","2":"type-product","3":"status-publish","5":"brand-trust","6":"product_cat-muse","7":"product_tag-gaming-muizen","8":"pa_condition-new","9":"pa_coolblue-de-verzending-morgen-gratis-geliefert","10":"pa_ean-17913","11":"pa_mpn-17914","13":"first","14":"instock","15":"product-type-external"},"acf":[],"_links":{"self":[{"href":"https:\/\/onlinehardwareshop.de\/index.php\/wp-json\/wp\/v2\/product\/78598","targetHints":{"allow":["GET"]}}],"collection":[{"href":"https:\/\/onlinehardwareshop.de\/index.php\/wp-json\/wp\/v2\/product"}],"about":[{"href":"https:\/\/onlinehardwareshop.de\/index.php\/wp-json\/wp\/v2\/types\/product"}],"replies":[{"embeddable":true,"href":"https:\/\/onlinehardwareshop.de\/index.php\/wp-json\/wp\/v2\/comments?post=78598"}],"wp:attachment":[{"href":"https:\/\/onlinehardwareshop.de\/index.php\/wp-json\/wp\/v2\/media?parent=78598"}],"wp:term":[{"taxonomy":"brand","embeddable":true,"href":"https:\/\/onlinehardwareshop.de\/index.php\/wp-json\/wp\/v2\/brand?post=78598"},{"taxonomy":"product_brand","embeddable":true,"href":"https:\/\/onlinehardwareshop.de\/index.php\/wp-json\/wp\/v2\/product_brand?post=78598"},{"taxonomy":"product_cat","embeddable":true,"href":"https:\/\/onlinehardwareshop.de\/index.php\/wp-json\/wp\/v2\/product_cat?post=78598"},{"taxonomy":"product_tag","embeddable":true,"href":"https:\/\/onlinehardwareshop.de\/index.php\/wp-json\/wp\/v2\/product_tag?post=78598"}],"curies":[{"name":"wp","href":"https:\/\/api.w.org\/{rel}","templated":true}]}}