{"id":78596,"date":"2025-04-21T19:47:21","date_gmt":"2025-04-21T19:47:21","guid":{"rendered":"https:\/\/onlinehardwareshop.de\/index.php\/produkt\/trust-gxt-925-redex-ii-gaming-maus-2\/"},"modified":"2025-05-14T10:35:58","modified_gmt":"2025-05-14T10:35:58","slug":"trust-gxt-925-redex-ii-gaming-maus","status":"publish","type":"product","link":"https:\/\/onlinehardwareshop.de\/index.php\/produkt\/trust-gxt-925-redex-ii-gaming-maus\/","title":{"rendered":"Trust GXT 925 Redex II Gaming-Maus"},"content":{"rendered":"<p>Spiele mit der Trust GXT 925 Redex II Gaming-Maus all deine Lieblingsspiele. Diese Gaming-Maus von Trust hat eine DPI von bis zu 10.000 und ist damit bestens f\u00fcr alle Arten von Spielen geeignet. Die zwei zus\u00e4tzlichen Daumentasten stellst du selbst ein. So reagierst du schneller als deine Gegner, wenn du deine Waffe wechselst oder eine Spezialattacke ausf\u00fchrst. Diese Gaming-Maus ist kabelgebunden, sodass du sie problemlos am PC oder Laptop anschlie\u00dft. Die GXT 925 Redex 2 hat eine RGB-Beleuchtung mit 16,8 Millionen Farben, die du \u00fcber die Software von Trust ganz nach deinem Geschmack einstellst.<\/p>\n","protected":false},"excerpt":{"rendered":"<p>Spiele mit der Trust GXT 925 Redex II Gaming-Maus all deine Lieblingsspiele. Diese Gaming-Maus von Trust hat eine DPI von bis zu 10.000 und ist damit bestens f\u00fcr alle Arten von Spielen geeignet. Die zwei zus\u00e4tzlichen Daumentasten stellst du selbst ein. So reagierst du schneller als deine Gegner, wenn du deine Waffe wechselst oder eine Spezialattacke ausf\u00fchrst. Diese Gaming-Maus ist kabelgebunden, sodass du sie problemlos am PC oder Laptop anschlie\u00dft. Die GXT 925 Redex 2 hat eine RGB-Beleuchtung mit 16,8 Millionen Farben, die du \u00fcber die Software von Trust ganz nach deinem Geschmack einstellst.<\/p>\n","protected":false},"featured_media":0,"comment_status":"closed","ping_status":"open","template":"","meta":{"_acf_changed":false},"brand":[596],"product_brand":[],"product_cat":[33],"product_tag":[3752],"class_list":{"0":"post-78596","1":"product","2":"type-product","3":"status-publish","5":"brand-trust","6":"product_cat-muse","7":"product_tag-gaming-muizen","8":"pa_condition-new","9":"pa_coolblue-de-verzending-morgen-gratis-geliefert","10":"pa_ean-17909","11":"pa_mpn-17910","13":"first","14":"instock","15":"product-type-external"},"acf":[],"_links":{"self":[{"href":"https:\/\/onlinehardwareshop.de\/index.php\/wp-json\/wp\/v2\/product\/78596","targetHints":{"allow":["GET"]}}],"collection":[{"href":"https:\/\/onlinehardwareshop.de\/index.php\/wp-json\/wp\/v2\/product"}],"about":[{"href":"https:\/\/onlinehardwareshop.de\/index.php\/wp-json\/wp\/v2\/types\/product"}],"replies":[{"embeddable":true,"href":"https:\/\/onlinehardwareshop.de\/index.php\/wp-json\/wp\/v2\/comments?post=78596"}],"wp:attachment":[{"href":"https:\/\/onlinehardwareshop.de\/index.php\/wp-json\/wp\/v2\/media?parent=78596"}],"wp:term":[{"taxonomy":"brand","embeddable":true,"href":"https:\/\/onlinehardwareshop.de\/index.php\/wp-json\/wp\/v2\/brand?post=78596"},{"taxonomy":"product_brand","embeddable":true,"href":"https:\/\/onlinehardwareshop.de\/index.php\/wp-json\/wp\/v2\/product_brand?post=78596"},{"taxonomy":"product_cat","embeddable":true,"href":"https:\/\/onlinehardwareshop.de\/index.php\/wp-json\/wp\/v2\/product_cat?post=78596"},{"taxonomy":"product_tag","embeddable":true,"href":"https:\/\/onlinehardwareshop.de\/index.php\/wp-json\/wp\/v2\/product_tag?post=78596"}],"curies":[{"name":"wp","href":"https:\/\/api.w.org\/{rel}","templated":true}]}}