{"id":78595,"date":"2025-03-24T16:59:19","date_gmt":"2025-03-24T16:59:19","guid":{"rendered":"https:\/\/onlinehardwareshop.de\/index.php\/produkt\/logitech-mx-brio-ultra-hd-4k-webcam-grau-2\/"},"modified":"2025-05-14T10:35:53","modified_gmt":"2025-05-14T10:35:53","slug":"logitech-mx-brio-ultra-hd-4k-webcam-grau","status":"publish","type":"product","link":"https:\/\/onlinehardwareshop.de\/index.php\/produkt\/logitech-mx-brio-ultra-hd-4k-webcam-grau\/","title":{"rendered":"Logitech MX Brio Ultra HD 4K Webcam Grau"},"content":{"rendered":"<p>Mit der Logitech MX Brio Ultra HD 4K Webcam Grau bist du w\u00e4hrend deiner Meetings und Streams haarscharf im Bild zu sehen. Diese USB-C-Webcam verf\u00fcgt n\u00e4mlich \u00fcber eine 4K-Aufl\u00f6sung bei 30\u00a0fps oder Full HD bei 60\u00a0fps. Die Bildqualit\u00e4t der MX Brio wurde durch KI weiterentwickelt. So profitierst du von einer besseren automatischen Belichtung sowie einem besseren Wei\u00dfabgleich und bist auch in sp\u00e4rlich beleuchteten R\u00e4umen gut zu sehen. Dank der beiden integrierten ger\u00e4uschunterdr\u00fcckenden Mikrofone h\u00f6rt dein Gespr\u00e4chspartner Hintergrundger\u00e4usche nicht. So f\u00fchrst du deine Gespr\u00e4che mit Ruhe und ohne Ablenkungen. Mit dem Show Mode schwenkst du die Webcam, um deinem Gegen\u00fcber zum Beispiel deine Notizen auf dem Schreibtisch zu zeigen. Mit der Logitech MX Brio sorgst du dich auch nicht um deine Privatsph\u00e4re. Die sch\u00fctzt du n\u00e4mlich mit der eingebauten Sichtschutzabdeckung. Diese Webcam ist unter anderem zertifiziert f\u00fcr Zoom, Teams, Skype und Google Meet. Hast du verschiedene Logitech-Produkte? Dann nutzt du f\u00fcr die Bedienung deine MX-Tastatur und deine MX-Maus.<\/p>\n","protected":false},"excerpt":{"rendered":"<p>Mit der Logitech MX Brio Ultra HD 4K Webcam Grau bist du w\u00e4hrend deiner Meetings und Streams haarscharf im Bild zu sehen. Diese USB-C-Webcam verf\u00fcgt n\u00e4mlich \u00fcber eine 4K-Aufl\u00f6sung bei 30\u00a0fps oder Full HD bei 60\u00a0fps. Die Bildqualit\u00e4t der MX Brio wurde durch KI weiterentwickelt. So profitierst du von einer besseren automatischen Belichtung sowie einem besseren Wei\u00dfabgleich und bist auch in sp\u00e4rlich beleuchteten R\u00e4umen gut zu sehen. Dank der beiden integrierten ger\u00e4uschunterdr\u00fcckenden Mikrofone h\u00f6rt dein Gespr\u00e4chspartner Hintergrundger\u00e4usche nicht. So f\u00fchrst du deine Gespr\u00e4che mit Ruhe und ohne Ablenkungen. Mit dem Show Mode schwenkst du die Webcam, um deinem Gegen\u00fcber zum Beispiel deine Notizen auf dem Schreibtisch zu zeigen. Mit der Logitech MX Brio sorgst du dich auch nicht um deine Privatsph\u00e4re. Die sch\u00fctzt du n\u00e4mlich mit der eingebauten Sichtschutzabdeckung. Diese Webcam ist unter anderem zertifiziert f\u00fcr Zoom, Teams, Skype und Google Meet. Hast du verschiedene Logitech-Produkte? Dann nutzt du f\u00fcr die Bedienung deine MX-Tastatur und deine MX-Maus.<\/p>\n","protected":false},"featured_media":0,"comment_status":"closed","ping_status":"open","template":"","meta":{"_acf_changed":false},"brand":[998],"product_brand":[],"product_cat":[999],"product_tag":[1000],"class_list":{"0":"post-78595","1":"product","2":"type-product","3":"status-publish","5":"brand-logitech-vc","6":"product_cat-webcams","7":"product_tag-webcams","8":"pa_condition-new","9":"pa_coolblue-de-verzending-morgen-gratis-geliefert","10":"pa_ean-17907","11":"pa_mpn-960-001554","13":"first","14":"instock","15":"product-type-external"},"acf":[],"_links":{"self":[{"href":"https:\/\/onlinehardwareshop.de\/index.php\/wp-json\/wp\/v2\/product\/78595","targetHints":{"allow":["GET"]}}],"collection":[{"href":"https:\/\/onlinehardwareshop.de\/index.php\/wp-json\/wp\/v2\/product"}],"about":[{"href":"https:\/\/onlinehardwareshop.de\/index.php\/wp-json\/wp\/v2\/types\/product"}],"replies":[{"embeddable":true,"href":"https:\/\/onlinehardwareshop.de\/index.php\/wp-json\/wp\/v2\/comments?post=78595"}],"wp:attachment":[{"href":"https:\/\/onlinehardwareshop.de\/index.php\/wp-json\/wp\/v2\/media?parent=78595"}],"wp:term":[{"taxonomy":"brand","embeddable":true,"href":"https:\/\/onlinehardwareshop.de\/index.php\/wp-json\/wp\/v2\/brand?post=78595"},{"taxonomy":"product_brand","embeddable":true,"href":"https:\/\/onlinehardwareshop.de\/index.php\/wp-json\/wp\/v2\/product_brand?post=78595"},{"taxonomy":"product_cat","embeddable":true,"href":"https:\/\/onlinehardwareshop.de\/index.php\/wp-json\/wp\/v2\/product_cat?post=78595"},{"taxonomy":"product_tag","embeddable":true,"href":"https:\/\/onlinehardwareshop.de\/index.php\/wp-json\/wp\/v2\/product_tag?post=78595"}],"curies":[{"name":"wp","href":"https:\/\/api.w.org\/{rel}","templated":true}]}}