{"id":78580,"date":"2024-03-07T07:56:28","date_gmt":"2024-03-07T07:56:28","guid":{"rendered":"https:\/\/onlinehardwareshop.de\/index.php\/produkt\/bauknecht-mf-255-b-2\/"},"modified":"2025-05-14T10:34:28","modified_gmt":"2025-05-14T10:34:28","slug":"bauknecht-mf-255-b","status":"publish","type":"product","link":"https:\/\/onlinehardwareshop.de\/index.php\/produkt\/bauknecht-mf-255-b\/","title":{"rendered":"Bauknecht MF 255 B"},"content":{"rendered":"<p>Die freistehende Bauknecht MF 255 B Kombi Mikrowelle bietet dir viele Funktionen eines Backofens, aber nimmt weitaus weniger Platz ein. Da du keinen Drehteller brauchst, ist im Innenraum mehr Platz und du stellst eine gro\u00dfe Auflaufform problemlos hinein. Wenn dich die gro\u00dfe Auswahl an Zubereitungsm\u00f6glichkeiten \u00fcberfordert, helfen dir die 30 automatischen Programme. Sie w\u00e4hlen die passende Garmethode und Programmdauer f\u00fcr dein Gericht aus. Du magst es gesund? Dank der Dampfgarfunktion bereitest du Gem\u00fcse, Fisch, Reis und viele andere Lebensmittel schonend zu. Dabei bleiben nicht nur die gesunden N\u00e4hrstoffe, sondern auch alle leckeren Aromen erhalten. Die Bauknecht Kombi Mikrowelle verf\u00fcgt au\u00dferdem \u00fcber eine Crisp Funktion, mit der deine Pommes oder Brotkruste besonders knusprig wird.<\/p>\n","protected":false},"excerpt":{"rendered":"<p>Die freistehende Bauknecht MF 255 B Kombi Mikrowelle bietet dir viele Funktionen eines Backofens, aber nimmt weitaus weniger Platz ein. Da du keinen Drehteller brauchst, ist im Innenraum mehr Platz und du stellst eine gro\u00dfe Auflaufform problemlos hinein. Wenn dich die gro\u00dfe Auswahl an Zubereitungsm\u00f6glichkeiten \u00fcberfordert, helfen dir die 30 automatischen Programme. Sie w\u00e4hlen die passende Garmethode und Programmdauer f\u00fcr dein Gericht aus. Du magst es gesund? Dank der Dampfgarfunktion bereitest du Gem\u00fcse, Fisch, Reis und viele andere Lebensmittel schonend zu. Dabei bleiben nicht nur die gesunden N\u00e4hrstoffe, sondern auch alle leckeren Aromen erhalten. Die Bauknecht Kombi Mikrowelle verf\u00fcgt au\u00dferdem \u00fcber eine Crisp Funktion, mit der deine Pommes oder Brotkruste besonders knusprig wird.<\/p>\n","protected":false},"featured_media":0,"comment_status":"closed","ping_status":"open","template":"","meta":{"_acf_changed":false},"brand":[8187],"product_brand":[],"product_cat":[927],"product_tag":[928],"class_list":{"0":"post-78580","1":"product","2":"type-product","3":"status-publish","5":"brand-bauknecht","6":"product_cat-mikrowellen","7":"product_tag-vrijstaande-combimagnetrons","8":"pa_condition-new","9":"pa_coolblue-de-verzending-morgen-gratis-geliefert","10":"pa_ean-17875","11":"pa_mpn-17876","13":"first","14":"instock","15":"product-type-external"},"acf":[],"_links":{"self":[{"href":"https:\/\/onlinehardwareshop.de\/index.php\/wp-json\/wp\/v2\/product\/78580","targetHints":{"allow":["GET"]}}],"collection":[{"href":"https:\/\/onlinehardwareshop.de\/index.php\/wp-json\/wp\/v2\/product"}],"about":[{"href":"https:\/\/onlinehardwareshop.de\/index.php\/wp-json\/wp\/v2\/types\/product"}],"replies":[{"embeddable":true,"href":"https:\/\/onlinehardwareshop.de\/index.php\/wp-json\/wp\/v2\/comments?post=78580"}],"wp:attachment":[{"href":"https:\/\/onlinehardwareshop.de\/index.php\/wp-json\/wp\/v2\/media?parent=78580"}],"wp:term":[{"taxonomy":"brand","embeddable":true,"href":"https:\/\/onlinehardwareshop.de\/index.php\/wp-json\/wp\/v2\/brand?post=78580"},{"taxonomy":"product_brand","embeddable":true,"href":"https:\/\/onlinehardwareshop.de\/index.php\/wp-json\/wp\/v2\/product_brand?post=78580"},{"taxonomy":"product_cat","embeddable":true,"href":"https:\/\/onlinehardwareshop.de\/index.php\/wp-json\/wp\/v2\/product_cat?post=78580"},{"taxonomy":"product_tag","embeddable":true,"href":"https:\/\/onlinehardwareshop.de\/index.php\/wp-json\/wp\/v2\/product_tag?post=78580"}],"curies":[{"name":"wp","href":"https:\/\/api.w.org\/{rel}","templated":true}]}}