{"id":78517,"date":"2024-09-29T11:41:39","date_gmt":"2024-09-29T11:41:39","guid":{"rendered":"https:\/\/onlinehardwareshop.de\/index.php\/produkt\/kabelloses-headset-trust-fayzo-gxt491-violett-fr-pc-oder-playstation-2\/"},"modified":"2025-05-14T10:28:59","modified_gmt":"2025-05-14T10:28:59","slug":"kabelloses-headset-trust-fayzo-gxt491-violett-fr-pc-oder-playstation","status":"publish","type":"product","link":"https:\/\/onlinehardwareshop.de\/index.php\/produkt\/kabelloses-headset-trust-fayzo-gxt491-violett-fr-pc-oder-playstation\/","title":{"rendered":"Kabelloses Headset Trust Fayzo GXT491 Violett f&#xFC;r PC oder PlayStation"},"content":{"rendered":"<p>Spiele deine Lieblingsspiele mit viel Bewegungsfreiheit mit dem Trust Fayzo GXT491 Kabellosen PC\/PlayStation Headset Lila. Dieses Headset schlie\u00dft du kabellos \u00fcber den USB-A-Dongle oder Bluetooth an deine PlayStation oder deinen PC an. So entsteht beim Gaming kein Kabelsalat. Das GXT 491 Fayzo besteht zu 85 Prozent aus recyceltem Plastik, sodass du der Umwelt etwas Gutes tust. Mit Surround Sound umgibt dich der Ton des Spiels aus allen Richtungen, sodass du immer genau wei\u00dft, woher deine Gegner kommen. Au\u00dferdem kommunizierst du dank der Rauschunterdr\u00fcckung des Mikrofons online ohne Hintergrundger\u00e4usche mit deinen Freunden. So kommen deine Kommentare immer deutlich an. Spielst du \u00f6fter im Single-Player-Modus oder ben\u00f6tigst kein Mikrofon? Dann l\u00e4sst sich das Mikrofon einfach vom Headset entfernen. So ist es dir nicht im Weg und du zockst ungest\u00f6rt weiter.<\/p>\n","protected":false},"excerpt":{"rendered":"<p>Spiele deine Lieblingsspiele mit viel Bewegungsfreiheit mit dem Trust Fayzo GXT491 Kabellosen PC\/PlayStation Headset Lila. Dieses Headset schlie\u00dft du kabellos \u00fcber den USB-A-Dongle oder Bluetooth an deine PlayStation oder deinen PC an. So entsteht beim Gaming kein Kabelsalat. Das GXT 491 Fayzo besteht zu 85 Prozent aus recyceltem Plastik, sodass du der Umwelt etwas Gutes tust. Mit Surround Sound umgibt dich der Ton des Spiels aus allen Richtungen, sodass du immer genau wei\u00dft, woher deine Gegner kommen. Au\u00dferdem kommunizierst du dank der Rauschunterdr\u00fcckung des Mikrofons online ohne Hintergrundger\u00e4usche mit deinen Freunden. So kommen deine Kommentare immer deutlich an. Spielst du \u00f6fter im Single-Player-Modus oder ben\u00f6tigst kein Mikrofon? Dann l\u00e4sst sich das Mikrofon einfach vom Headset entfernen. So ist es dir nicht im Weg und du zockst ungest\u00f6rt weiter.<\/p>\n","protected":false},"featured_media":0,"comment_status":"closed","ping_status":"open","template":"","meta":{"_acf_changed":false},"brand":[596],"product_brand":[],"product_cat":[3435],"product_tag":[3436],"class_list":{"0":"post-78517","1":"product","2":"type-product","3":"status-publish","5":"brand-trust","6":"product_cat-gaming-headsets","7":"product_tag-gaming-headsets","8":"pa_condition-new","9":"pa_coolblue-de-verzending-morgen-gratis-geliefert","10":"pa_ean-17732","11":"pa_mpn-17733","13":"first","14":"instock","15":"product-type-external"},"acf":[],"_links":{"self":[{"href":"https:\/\/onlinehardwareshop.de\/index.php\/wp-json\/wp\/v2\/product\/78517","targetHints":{"allow":["GET"]}}],"collection":[{"href":"https:\/\/onlinehardwareshop.de\/index.php\/wp-json\/wp\/v2\/product"}],"about":[{"href":"https:\/\/onlinehardwareshop.de\/index.php\/wp-json\/wp\/v2\/types\/product"}],"replies":[{"embeddable":true,"href":"https:\/\/onlinehardwareshop.de\/index.php\/wp-json\/wp\/v2\/comments?post=78517"}],"wp:attachment":[{"href":"https:\/\/onlinehardwareshop.de\/index.php\/wp-json\/wp\/v2\/media?parent=78517"}],"wp:term":[{"taxonomy":"brand","embeddable":true,"href":"https:\/\/onlinehardwareshop.de\/index.php\/wp-json\/wp\/v2\/brand?post=78517"},{"taxonomy":"product_brand","embeddable":true,"href":"https:\/\/onlinehardwareshop.de\/index.php\/wp-json\/wp\/v2\/product_brand?post=78517"},{"taxonomy":"product_cat","embeddable":true,"href":"https:\/\/onlinehardwareshop.de\/index.php\/wp-json\/wp\/v2\/product_cat?post=78517"},{"taxonomy":"product_tag","embeddable":true,"href":"https:\/\/onlinehardwareshop.de\/index.php\/wp-json\/wp\/v2\/product_tag?post=78517"}],"curies":[{"name":"wp","href":"https:\/\/api.w.org\/{rel}","templated":true}]}}