{"id":78497,"date":"2024-03-21T17:35:15","date_gmt":"2024-03-21T17:35:15","guid":{"rendered":"https:\/\/onlinehardwareshop.de\/index.php\/produkt\/alphatheta-omnis-duo-2\/"},"modified":"2025-05-14T10:27:17","modified_gmt":"2025-05-14T10:27:17","slug":"alphatheta-omnis-duo","status":"publish","type":"product","link":"https:\/\/onlinehardwareshop.de\/index.php\/produkt\/alphatheta-omnis-duo\/","title":{"rendered":"AlphaTheta Omnis-Duo"},"content":{"rendered":"<p>Mit dem AlphaTheta Omnis-Duo bestimmst du, wo und wann du Musik mixt. Der Zweikanal-Controller hat einen integrierten Akku mit einer Akkulaufzeit von f\u00fcnf Stunden. Dadurch kannst du kabellos an jedem Ort mixen. Dank der kompakten Gr\u00f6\u00dfe und dem Gewicht von weniger als 5 Kilogramm nimmst du den Controller problemlos mit. Mittels Bluetooth verbindest du dein Smartphone mit dem Controller. So f\u00fcgst du deinem Mix Online-Musik hinzu. Der Controller hat verschiedene Funktionen wie mehrere Arten von Beats, Jumps und Loops. Du kannst zwei Mikrofone anschlie\u00dfen, weshalb du Kontakt mit deinem Publikum hast. Das Display hat einen hellen und dunklen Modus, sodass du die Informationen immer deutlich abliest.<\/p>\n","protected":false},"excerpt":{"rendered":"<p>Mit dem AlphaTheta Omnis-Duo bestimmst du, wo und wann du Musik mixt. Der Zweikanal-Controller hat einen integrierten Akku mit einer Akkulaufzeit von f\u00fcnf Stunden. Dadurch kannst du kabellos an jedem Ort mixen. Dank der kompakten Gr\u00f6\u00dfe und dem Gewicht von weniger als 5 Kilogramm nimmst du den Controller problemlos mit. Mittels Bluetooth verbindest du dein Smartphone mit dem Controller. So f\u00fcgst du deinem Mix Online-Musik hinzu. Der Controller hat verschiedene Funktionen wie mehrere Arten von Beats, Jumps und Loops. Du kannst zwei Mikrofone anschlie\u00dfen, weshalb du Kontakt mit deinem Publikum hast. Das Display hat einen hellen und dunklen Modus, sodass du die Informationen immer deutlich abliest.<\/p>\n","protected":false},"featured_media":0,"comment_status":"closed","ping_status":"open","template":"","meta":{"_acf_changed":false},"brand":[17681],"product_brand":[],"product_cat":[4528],"product_tag":[4529],"class_list":{"0":"post-78497","1":"product","2":"type-product","3":"status-publish","5":"brand-alphatheta","6":"product_cat-dj-controller","7":"product_tag-dj-controllers","8":"pa_condition-new","9":"pa_coolblue-de-verzending-morgen-gratis-geliefert","10":"pa_ean-17679","11":"pa_mpn-pyxj","13":"first","14":"instock","15":"product-type-external"},"acf":[],"_links":{"self":[{"href":"https:\/\/onlinehardwareshop.de\/index.php\/wp-json\/wp\/v2\/product\/78497","targetHints":{"allow":["GET"]}}],"collection":[{"href":"https:\/\/onlinehardwareshop.de\/index.php\/wp-json\/wp\/v2\/product"}],"about":[{"href":"https:\/\/onlinehardwareshop.de\/index.php\/wp-json\/wp\/v2\/types\/product"}],"replies":[{"embeddable":true,"href":"https:\/\/onlinehardwareshop.de\/index.php\/wp-json\/wp\/v2\/comments?post=78497"}],"wp:attachment":[{"href":"https:\/\/onlinehardwareshop.de\/index.php\/wp-json\/wp\/v2\/media?parent=78497"}],"wp:term":[{"taxonomy":"brand","embeddable":true,"href":"https:\/\/onlinehardwareshop.de\/index.php\/wp-json\/wp\/v2\/brand?post=78497"},{"taxonomy":"product_brand","embeddable":true,"href":"https:\/\/onlinehardwareshop.de\/index.php\/wp-json\/wp\/v2\/product_brand?post=78497"},{"taxonomy":"product_cat","embeddable":true,"href":"https:\/\/onlinehardwareshop.de\/index.php\/wp-json\/wp\/v2\/product_cat?post=78497"},{"taxonomy":"product_tag","embeddable":true,"href":"https:\/\/onlinehardwareshop.de\/index.php\/wp-json\/wp\/v2\/product_tag?post=78497"}],"curies":[{"name":"wp","href":"https:\/\/api.w.org\/{rel}","templated":true}]}}