{"id":78496,"date":"2024-03-01T17:31:48","date_gmt":"2024-03-01T17:31:48","guid":{"rendered":"https:\/\/onlinehardwareshop.de\/index.php\/produkt\/nilfisk-excellent-170-komplettset-2\/"},"modified":"2025-05-14T10:27:13","modified_gmt":"2025-05-14T10:27:13","slug":"nilfisk-excellent-170-komplettset","status":"publish","type":"product","link":"https:\/\/onlinehardwareshop.de\/index.php\/produkt\/nilfisk-excellent-170-komplettset\/","title":{"rendered":"Nilfisk Excellent 170 Komplettset"},"content":{"rendered":"<p>Mit dem Nilfisk Excellent 170 Komplettset machst du schnell und im Nu mittelgro\u00dfe und gro\u00dfe Oberfl\u00e4chen sauber. Terrassen und Einfahrten reinigst du ohne M\u00fche. Das Ger\u00e4t hat eine gro\u00dfe Reinigungskapazit\u00e4t von 60 Quadratmetern pro Stunde. F\u00fcr dein Auto verwendest du die weiche Autowaschb\u00fcrste. So machst du es sauber, ohne Kratzer zu verursachen. Hast du gr\u00f6\u00dfere Fl\u00e4chen? Dann verwende den Fl\u00e4chenreiniger. Mit dem Rohrreinigungsschlauch machst du Leitungen wieder frei. Dieses praktische Paket umfasst auch einen Hochdruckreiniger und eine Schaumd\u00fcse. Au\u00dferdem erh\u00e4ltst du einen Gartenschlauch und zwei Flaschen Reinigungsmittel. Auf seinen R\u00e4dern bewegst du den Hochdruckreiniger ohne Anstrengung zum n\u00e4chsten Einsatzort. Nach dem Saubermachen rollst du den Hochdruckschlauch ordentlich auf der Trommel auf. Nilfisk bietet eine lebenslange Garantie auf seine Produkte. So bist du beim Kauf immer abgesichert.<\/p>\n","protected":false},"excerpt":{"rendered":"<p>Mit dem Nilfisk Excellent 170 Komplettset machst du schnell und im Nu mittelgro\u00dfe und gro\u00dfe Oberfl\u00e4chen sauber. Terrassen und Einfahrten reinigst du ohne M\u00fche. Das Ger\u00e4t hat eine gro\u00dfe Reinigungskapazit\u00e4t von 60 Quadratmetern pro Stunde. F\u00fcr dein Auto verwendest du die weiche Autowaschb\u00fcrste. So machst du es sauber, ohne Kratzer zu verursachen. Hast du gr\u00f6\u00dfere Fl\u00e4chen? Dann verwende den Fl\u00e4chenreiniger. Mit dem Rohrreinigungsschlauch machst du Leitungen wieder frei. Dieses praktische Paket umfasst auch einen Hochdruckreiniger und eine Schaumd\u00fcse. Au\u00dferdem erh\u00e4ltst du einen Gartenschlauch und zwei Flaschen Reinigungsmittel. Auf seinen R\u00e4dern bewegst du den Hochdruckreiniger ohne Anstrengung zum n\u00e4chsten Einsatzort. Nach dem Saubermachen rollst du den Hochdruckschlauch ordentlich auf der Trommel auf. Nilfisk bietet eine lebenslange Garantie auf seine Produkte. So bist du beim Kauf immer abgesichert.<\/p>\n","protected":false},"featured_media":0,"comment_status":"closed","ping_status":"open","template":"","meta":{"_acf_changed":false},"brand":[289],"product_brand":[],"product_cat":[2722],"product_tag":[2723],"class_list":{"0":"post-78496","1":"product","2":"type-product","3":"status-publish","5":"brand-nilfisk","6":"product_cat-hochdruckreiniger","7":"product_tag-hogedrukreinigers","8":"pa_condition-new","9":"pa_coolblue-de-verzending-morgen-gratis-geliefert","10":"pa_ean-29004","12":"first","13":"instock","14":"product-type-external"},"acf":[],"_links":{"self":[{"href":"https:\/\/onlinehardwareshop.de\/index.php\/wp-json\/wp\/v2\/product\/78496","targetHints":{"allow":["GET"]}}],"collection":[{"href":"https:\/\/onlinehardwareshop.de\/index.php\/wp-json\/wp\/v2\/product"}],"about":[{"href":"https:\/\/onlinehardwareshop.de\/index.php\/wp-json\/wp\/v2\/types\/product"}],"replies":[{"embeddable":true,"href":"https:\/\/onlinehardwareshop.de\/index.php\/wp-json\/wp\/v2\/comments?post=78496"}],"wp:attachment":[{"href":"https:\/\/onlinehardwareshop.de\/index.php\/wp-json\/wp\/v2\/media?parent=78496"}],"wp:term":[{"taxonomy":"brand","embeddable":true,"href":"https:\/\/onlinehardwareshop.de\/index.php\/wp-json\/wp\/v2\/brand?post=78496"},{"taxonomy":"product_brand","embeddable":true,"href":"https:\/\/onlinehardwareshop.de\/index.php\/wp-json\/wp\/v2\/product_brand?post=78496"},{"taxonomy":"product_cat","embeddable":true,"href":"https:\/\/onlinehardwareshop.de\/index.php\/wp-json\/wp\/v2\/product_cat?post=78496"},{"taxonomy":"product_tag","embeddable":true,"href":"https:\/\/onlinehardwareshop.de\/index.php\/wp-json\/wp\/v2\/product_tag?post=78496"}],"curies":[{"name":"wp","href":"https:\/\/api.w.org\/{rel}","templated":true}]}}