{"id":78495,"date":"2024-08-10T07:43:26","date_gmt":"2024-08-10T07:43:26","guid":{"rendered":"https:\/\/onlinehardwareshop.de\/index.php\/produkt\/nilfisk-excellent-160-complete-2\/"},"modified":"2025-05-14T10:27:08","modified_gmt":"2025-05-14T10:27:08","slug":"nilfisk-excellent-160-complete","status":"publish","type":"product","link":"https:\/\/onlinehardwareshop.de\/index.php\/produkt\/nilfisk-excellent-160-complete\/","title":{"rendered":"Nilfisk Excellent 160 Complete"},"content":{"rendered":"<p>Im Lieferumfang des Nilfisk Excellent 160 Complete sind neben einem Hochdruckreiniger auch eine Autowaschb\u00fcrste, ein Fl\u00e4chenreiniger, eine Schaumd\u00fcse, ein Rohrreinigungsschlauch, ein Gartenschlauch und zwei Reinigungsmittel enthalten. Das bedeutet, dass du sofort loslegst. Mit dem Arbeitsdruck von 160 bar bew\u00e4ltigst du mittlere bis gro\u00dfe Reinigungsarbeiten. So spr\u00fchst du deine Terrasse oder Einfahrt und dein Auto strahlend sauber. Der Arbeitsdruck ist einstellbar, sodass du auch weiche Oberfl\u00e4chen reinigst, ohne sie zu besch\u00e4digen, zum Beispiel den Sand zwischen deinen Fliesen oder den Lack deines Autos. Dank der Rollen und des Griffs bewegst du den Excellent 160 problemlos. Nach dem Gebrauch rollst du den Hochdruckschlauch knickfrei auf der Trommel auf. Nilfisk bietet eine lebenslange Garantie auf seine Produkte. So bist du beim Kauf immer abgesichert.<\/p>\n","protected":false},"excerpt":{"rendered":"<p>Im Lieferumfang des Nilfisk Excellent 160 Complete sind neben einem Hochdruckreiniger auch eine Autowaschb\u00fcrste, ein Fl\u00e4chenreiniger, eine Schaumd\u00fcse, ein Rohrreinigungsschlauch, ein Gartenschlauch und zwei Reinigungsmittel enthalten. Das bedeutet, dass du sofort loslegst. Mit dem Arbeitsdruck von 160 bar bew\u00e4ltigst du mittlere bis gro\u00dfe Reinigungsarbeiten. So spr\u00fchst du deine Terrasse oder Einfahrt und dein Auto strahlend sauber. Der Arbeitsdruck ist einstellbar, sodass du auch weiche Oberfl\u00e4chen reinigst, ohne sie zu besch\u00e4digen, zum Beispiel den Sand zwischen deinen Fliesen oder den Lack deines Autos. Dank der Rollen und des Griffs bewegst du den Excellent 160 problemlos. Nach dem Gebrauch rollst du den Hochdruckschlauch knickfrei auf der Trommel auf. Nilfisk bietet eine lebenslange Garantie auf seine Produkte. So bist du beim Kauf immer abgesichert.<\/p>\n","protected":false},"featured_media":0,"comment_status":"closed","ping_status":"open","template":"","meta":{"_acf_changed":false},"brand":[289],"product_brand":[],"product_cat":[2722],"product_tag":[2723],"class_list":{"0":"post-78495","1":"product","2":"type-product","3":"status-publish","5":"brand-nilfisk","6":"product_cat-hochdruckreiniger","7":"product_tag-hogedrukreinigers","8":"pa_condition-new","9":"pa_coolblue-de-verzending-morgen-gratis-geliefert","10":"pa_ean-17678","12":"first","13":"instock","14":"product-type-external"},"acf":[],"_links":{"self":[{"href":"https:\/\/onlinehardwareshop.de\/index.php\/wp-json\/wp\/v2\/product\/78495","targetHints":{"allow":["GET"]}}],"collection":[{"href":"https:\/\/onlinehardwareshop.de\/index.php\/wp-json\/wp\/v2\/product"}],"about":[{"href":"https:\/\/onlinehardwareshop.de\/index.php\/wp-json\/wp\/v2\/types\/product"}],"replies":[{"embeddable":true,"href":"https:\/\/onlinehardwareshop.de\/index.php\/wp-json\/wp\/v2\/comments?post=78495"}],"wp:attachment":[{"href":"https:\/\/onlinehardwareshop.de\/index.php\/wp-json\/wp\/v2\/media?parent=78495"}],"wp:term":[{"taxonomy":"brand","embeddable":true,"href":"https:\/\/onlinehardwareshop.de\/index.php\/wp-json\/wp\/v2\/brand?post=78495"},{"taxonomy":"product_brand","embeddable":true,"href":"https:\/\/onlinehardwareshop.de\/index.php\/wp-json\/wp\/v2\/product_brand?post=78495"},{"taxonomy":"product_cat","embeddable":true,"href":"https:\/\/onlinehardwareshop.de\/index.php\/wp-json\/wp\/v2\/product_cat?post=78495"},{"taxonomy":"product_tag","embeddable":true,"href":"https:\/\/onlinehardwareshop.de\/index.php\/wp-json\/wp\/v2\/product_tag?post=78495"}],"curies":[{"name":"wp","href":"https:\/\/api.w.org\/{rel}","templated":true}]}}