{"id":78475,"date":"2024-05-15T13:31:05","date_gmt":"2024-05-15T13:31:05","guid":{"rendered":"https:\/\/onlinehardwareshop.de\/index.php\/produkt\/nilfisk-excellent-170-car-home-set-2\/"},"modified":"2025-05-14T10:25:42","modified_gmt":"2025-05-14T10:25:42","slug":"nilfisk-excellent-170-car-home-set","status":"publish","type":"product","link":"https:\/\/onlinehardwareshop.de\/index.php\/produkt\/nilfisk-excellent-170-car-home-set\/","title":{"rendered":"Nilfisk Excellent 170 Car &#038; Home Set"},"content":{"rendered":"<p>Mit dem Nilfisk Excellent 170 Car &#038; Home Set beginnst du gleich mit deinen Reinigungsaufgaben. Dieser Hochdruckreiniger ist perfekt, um dein Auto, deine Terrasse oder deine Einfahrt blitzblank zu bekommen. Mitgeliefert wird eine Autowaschb\u00fcrste und ein Fl\u00e4chenreiniger, womit du m\u00fchelos die unterschiedlichsten Oberfl\u00e4chen saubermachst. Die Schaumd\u00fcse und zwei Reinigungsmittel helfen dir, hartn\u00e4ckigen Schmutz zu entfernen. Mit einer Reinigungskapazit\u00e4t von 60 Quadratmetern in der Stunde wagst du dich bald an andere Arbeiten, zum Beispiel das Abspritzen deines Wohnwagens oder Schwimmbeckens. Der einstellbare Arbeitsdruck sorgt daf\u00fcr, dass du empfindliche Oberfl\u00e4chen wie den Lack deines Autos sicher reinigst. Dank der R\u00e4der bringst du den Hochdruckreiniger m\u00fchelos von A nach B. Nach Gebrauch rollst du den Hochdruckschlauch ordentlich auf die Trommel auf.<\/p>\n","protected":false},"excerpt":{"rendered":"<p>Mit dem Nilfisk Excellent 170 Car &#038; Home Set beginnst du gleich mit deinen Reinigungsaufgaben. Dieser Hochdruckreiniger ist perfekt, um dein Auto, deine Terrasse oder deine Einfahrt blitzblank zu bekommen. Mitgeliefert wird eine Autowaschb\u00fcrste und ein Fl\u00e4chenreiniger, womit du m\u00fchelos die unterschiedlichsten Oberfl\u00e4chen saubermachst. Die Schaumd\u00fcse und zwei Reinigungsmittel helfen dir, hartn\u00e4ckigen Schmutz zu entfernen. Mit einer Reinigungskapazit\u00e4t von 60 Quadratmetern in der Stunde wagst du dich bald an andere Arbeiten, zum Beispiel das Abspritzen deines Wohnwagens oder Schwimmbeckens. Der einstellbare Arbeitsdruck sorgt daf\u00fcr, dass du empfindliche Oberfl\u00e4chen wie den Lack deines Autos sicher reinigst. Dank der R\u00e4der bringst du den Hochdruckreiniger m\u00fchelos von A nach B. Nach Gebrauch rollst du den Hochdruckschlauch ordentlich auf die Trommel auf.<\/p>\n","protected":false},"featured_media":0,"comment_status":"closed","ping_status":"open","template":"","meta":{"_acf_changed":false},"brand":[289],"product_brand":[],"product_cat":[2722],"product_tag":[2723],"class_list":{"0":"post-78475","1":"product","2":"type-product","3":"status-publish","5":"brand-nilfisk","6":"product_cat-hochdruckreiniger","7":"product_tag-hogedrukreinigers","8":"pa_condition-new","9":"pa_coolblue-de-verzending-morgen-gratis-geliefert","10":"pa_ean-29003","12":"first","13":"instock","14":"product-type-external"},"acf":[],"_links":{"self":[{"href":"https:\/\/onlinehardwareshop.de\/index.php\/wp-json\/wp\/v2\/product\/78475","targetHints":{"allow":["GET"]}}],"collection":[{"href":"https:\/\/onlinehardwareshop.de\/index.php\/wp-json\/wp\/v2\/product"}],"about":[{"href":"https:\/\/onlinehardwareshop.de\/index.php\/wp-json\/wp\/v2\/types\/product"}],"replies":[{"embeddable":true,"href":"https:\/\/onlinehardwareshop.de\/index.php\/wp-json\/wp\/v2\/comments?post=78475"}],"wp:attachment":[{"href":"https:\/\/onlinehardwareshop.de\/index.php\/wp-json\/wp\/v2\/media?parent=78475"}],"wp:term":[{"taxonomy":"brand","embeddable":true,"href":"https:\/\/onlinehardwareshop.de\/index.php\/wp-json\/wp\/v2\/brand?post=78475"},{"taxonomy":"product_brand","embeddable":true,"href":"https:\/\/onlinehardwareshop.de\/index.php\/wp-json\/wp\/v2\/product_brand?post=78475"},{"taxonomy":"product_cat","embeddable":true,"href":"https:\/\/onlinehardwareshop.de\/index.php\/wp-json\/wp\/v2\/product_cat?post=78475"},{"taxonomy":"product_tag","embeddable":true,"href":"https:\/\/onlinehardwareshop.de\/index.php\/wp-json\/wp\/v2\/product_tag?post=78475"}],"curies":[{"name":"wp","href":"https:\/\/api.w.org\/{rel}","templated":true}]}}