{"id":78473,"date":"2025-02-24T11:05:37","date_gmt":"2025-02-24T11:05:37","guid":{"rendered":"https:\/\/onlinehardwareshop.de\/index.php\/produkt\/nilfisk-excellent-160-car-home-set-2\/"},"modified":"2025-05-14T10:25:33","modified_gmt":"2025-05-14T10:25:33","slug":"nilfisk-excellent-160-car-home-set","status":"publish","type":"product","link":"https:\/\/onlinehardwareshop.de\/index.php\/produkt\/nilfisk-excellent-160-car-home-set\/","title":{"rendered":"Nilfisk Excellent 160 Car &#038; Home Set"},"content":{"rendered":"<p>Das Nilfisk Excellent 160 Car &#038; Home Set enth\u00e4lt alles was du f\u00fcr diverse Reinigungsaufgaben brauchst. Der Hochdruckreiniger hat einen Arbeitsdruck von 160 bar, sodass du problemlos mittelgro\u00dfe bis gro\u00dfe Arbeiten erledigst. Mit dem Fl\u00e4chenreiniger machst du deine Einfahrt und deine Terrasse schnell sauber. Die Autowaschb\u00fcrste sorgt f\u00fcr ein blitzblankes Auto, ohne den Lack zu besch\u00e4digen. Den Arbeitsdruck passt du ganz einfach f\u00fcr unterschiedliche Oberfl\u00e4chen an, sodass du auch empfindliche Untergr\u00fcnde sicher reinigst. Durch die R\u00e4der und den Griff bewegst du den Hochdruckreiniger ohne Anstrengung zum n\u00e4chsten Einsatzort. Nach Gebrauch rollst du den Schlauch ordentlich auf die Trommel auf.<\/p>\n","protected":false},"excerpt":{"rendered":"<p>Das Nilfisk Excellent 160 Car &#038; Home Set enth\u00e4lt alles was du f\u00fcr diverse Reinigungsaufgaben brauchst. Der Hochdruckreiniger hat einen Arbeitsdruck von 160 bar, sodass du problemlos mittelgro\u00dfe bis gro\u00dfe Arbeiten erledigst. Mit dem Fl\u00e4chenreiniger machst du deine Einfahrt und deine Terrasse schnell sauber. Die Autowaschb\u00fcrste sorgt f\u00fcr ein blitzblankes Auto, ohne den Lack zu besch\u00e4digen. Den Arbeitsdruck passt du ganz einfach f\u00fcr unterschiedliche Oberfl\u00e4chen an, sodass du auch empfindliche Untergr\u00fcnde sicher reinigst. Durch die R\u00e4der und den Griff bewegst du den Hochdruckreiniger ohne Anstrengung zum n\u00e4chsten Einsatzort. Nach Gebrauch rollst du den Schlauch ordentlich auf die Trommel auf.<\/p>\n","protected":false},"featured_media":0,"comment_status":"closed","ping_status":"open","template":"","meta":{"_acf_changed":false},"brand":[289],"product_brand":[],"product_cat":[2722],"product_tag":[2723],"class_list":{"0":"post-78473","1":"product","2":"type-product","3":"status-publish","5":"brand-nilfisk","6":"product_cat-hochdruckreiniger","7":"product_tag-hogedrukreinigers","8":"pa_condition-new","9":"pa_coolblue-de-verzending-morgen-gratis-geliefert","10":"pa_ean-17640","12":"first","13":"instock","14":"product-type-external"},"acf":[],"_links":{"self":[{"href":"https:\/\/onlinehardwareshop.de\/index.php\/wp-json\/wp\/v2\/product\/78473","targetHints":{"allow":["GET"]}}],"collection":[{"href":"https:\/\/onlinehardwareshop.de\/index.php\/wp-json\/wp\/v2\/product"}],"about":[{"href":"https:\/\/onlinehardwareshop.de\/index.php\/wp-json\/wp\/v2\/types\/product"}],"replies":[{"embeddable":true,"href":"https:\/\/onlinehardwareshop.de\/index.php\/wp-json\/wp\/v2\/comments?post=78473"}],"wp:attachment":[{"href":"https:\/\/onlinehardwareshop.de\/index.php\/wp-json\/wp\/v2\/media?parent=78473"}],"wp:term":[{"taxonomy":"brand","embeddable":true,"href":"https:\/\/onlinehardwareshop.de\/index.php\/wp-json\/wp\/v2\/brand?post=78473"},{"taxonomy":"product_brand","embeddable":true,"href":"https:\/\/onlinehardwareshop.de\/index.php\/wp-json\/wp\/v2\/product_brand?post=78473"},{"taxonomy":"product_cat","embeddable":true,"href":"https:\/\/onlinehardwareshop.de\/index.php\/wp-json\/wp\/v2\/product_cat?post=78473"},{"taxonomy":"product_tag","embeddable":true,"href":"https:\/\/onlinehardwareshop.de\/index.php\/wp-json\/wp\/v2\/product_tag?post=78473"}],"curies":[{"name":"wp","href":"https:\/\/api.w.org\/{rel}","templated":true}]}}