{"id":78472,"date":"2024-01-24T06:05:24","date_gmt":"2024-01-24T06:05:24","guid":{"rendered":"https:\/\/onlinehardwareshop.de\/index.php\/produkt\/nilfisk-core-150-powercontrol-car-home-set-2\/"},"modified":"2025-05-14T10:25:28","modified_gmt":"2025-05-14T10:25:28","slug":"nilfisk-core-150-powercontrol-car-home-set","status":"publish","type":"product","link":"https:\/\/onlinehardwareshop.de\/index.php\/produkt\/nilfisk-core-150-powercontrol-car-home-set\/","title":{"rendered":"Nilfisk Core 150 Powercontrol Car &#038; Home Set"},"content":{"rendered":"<p>Mit dem Nilfisk Core 150 PowerControl Car &#038; Home Set bist du gleich f\u00fcr jeden Reinigungsjob gewappnet. Mit dem Hochdruckreiniger sind Terrasse, Einfahrt oder Auto im Handumdrehen sauber. Dieses praktische Set umfasst auch einen Fl\u00e4chenreiniger, womit du gro\u00dfe Fl\u00e4chen in einem Zug reinigst. Die Autob\u00fcrste mit weichen Haaren w\u00e4scht dein Auto, ohne Kratzer zu verursachen. Mit der Schaumd\u00fcse entfernst du hartn\u00e4ckigen Schmutz ohne Anstrengung. Du erh\u00e4ltst auch zwei Reinigungsmittel f\u00fcr noch mehr Reinigungskraft. Du \u00e4nderst den Wasserdruck problemlos in drei Stufen, sodass du immer den richtigen Druck f\u00fcr deine T\u00e4tigkeit nutzt. Durch die R\u00e4der bewegst du den Hochdruckreiniger m\u00fchelos. Nach Gebrauch rollst du den Hochdruckschlauch ordentlich auf die Schlauchtrommel auf. Nilfisk bietet eine lebenslange Garantie auf seine Produkte. So bist du beim Kauf immer abgesichert.<\/p>\n","protected":false},"excerpt":{"rendered":"<p>Mit dem Nilfisk Core 150 PowerControl Car &#038; Home Set bist du gleich f\u00fcr jeden Reinigungsjob gewappnet. Mit dem Hochdruckreiniger sind Terrasse, Einfahrt oder Auto im Handumdrehen sauber. Dieses praktische Set umfasst auch einen Fl\u00e4chenreiniger, womit du gro\u00dfe Fl\u00e4chen in einem Zug reinigst. Die Autob\u00fcrste mit weichen Haaren w\u00e4scht dein Auto, ohne Kratzer zu verursachen. Mit der Schaumd\u00fcse entfernst du hartn\u00e4ckigen Schmutz ohne Anstrengung. Du erh\u00e4ltst auch zwei Reinigungsmittel f\u00fcr noch mehr Reinigungskraft. Du \u00e4nderst den Wasserdruck problemlos in drei Stufen, sodass du immer den richtigen Druck f\u00fcr deine T\u00e4tigkeit nutzt. Durch die R\u00e4der bewegst du den Hochdruckreiniger m\u00fchelos. Nach Gebrauch rollst du den Hochdruckschlauch ordentlich auf die Schlauchtrommel auf. Nilfisk bietet eine lebenslange Garantie auf seine Produkte. So bist du beim Kauf immer abgesichert.<\/p>\n","protected":false},"featured_media":0,"comment_status":"closed","ping_status":"open","template":"","meta":{"_acf_changed":false},"brand":[289],"product_brand":[],"product_cat":[2722],"product_tag":[2723],"class_list":{"0":"post-78472","1":"product","2":"type-product","3":"status-publish","5":"brand-nilfisk","6":"product_cat-hochdruckreiniger","7":"product_tag-hogedrukreinigers","8":"pa_condition-new","9":"pa_coolblue-de-verzending-morgen-gratis-geliefert","10":"pa_ean-17639","12":"first","13":"instock","14":"product-type-external"},"acf":[],"_links":{"self":[{"href":"https:\/\/onlinehardwareshop.de\/index.php\/wp-json\/wp\/v2\/product\/78472","targetHints":{"allow":["GET"]}}],"collection":[{"href":"https:\/\/onlinehardwareshop.de\/index.php\/wp-json\/wp\/v2\/product"}],"about":[{"href":"https:\/\/onlinehardwareshop.de\/index.php\/wp-json\/wp\/v2\/types\/product"}],"replies":[{"embeddable":true,"href":"https:\/\/onlinehardwareshop.de\/index.php\/wp-json\/wp\/v2\/comments?post=78472"}],"wp:attachment":[{"href":"https:\/\/onlinehardwareshop.de\/index.php\/wp-json\/wp\/v2\/media?parent=78472"}],"wp:term":[{"taxonomy":"brand","embeddable":true,"href":"https:\/\/onlinehardwareshop.de\/index.php\/wp-json\/wp\/v2\/brand?post=78472"},{"taxonomy":"product_brand","embeddable":true,"href":"https:\/\/onlinehardwareshop.de\/index.php\/wp-json\/wp\/v2\/product_brand?post=78472"},{"taxonomy":"product_cat","embeddable":true,"href":"https:\/\/onlinehardwareshop.de\/index.php\/wp-json\/wp\/v2\/product_cat?post=78472"},{"taxonomy":"product_tag","embeddable":true,"href":"https:\/\/onlinehardwareshop.de\/index.php\/wp-json\/wp\/v2\/product_tag?post=78472"}],"curies":[{"name":"wp","href":"https:\/\/api.w.org\/{rel}","templated":true}]}}