{"id":78470,"date":"2024-05-20T23:53:53","date_gmt":"2024-05-20T23:53:53","guid":{"rendered":"https:\/\/onlinehardwareshop.de\/index.php\/produkt\/nilfisk-core-125-5-car-home-set-2\/"},"modified":"2025-05-14T10:25:18","modified_gmt":"2025-05-14T10:25:18","slug":"nilfisk-core-125-5-car-home-set","status":"publish","type":"product","link":"https:\/\/onlinehardwareshop.de\/index.php\/produkt\/nilfisk-core-125-5-car-home-set\/","title":{"rendered":"Nilfisk Core 125-5 Car &#038; Home Set"},"content":{"rendered":"<p>Beginne dein Reinigungsprojekt mit dem Nilfisk Core 125-5 Car &#038; Home Set, das es dir ganz einfach macht, dein Auto und deine Terrasse wieder sauber zu bekommen. Im Mittelpunkt steht der leistungsstarke Hochdruckreiniger. Dazu erh\u00e4ltst du eine Autowaschb\u00fcrste, eine Schaumd\u00fcse, einen Fl\u00e4chenreiniger und zwei Flaschen Reinigungsmittel. Mit dem Hochdruckreiniger entfernst du Schmutz und putzt dein Auto strahlend sauber. Du passt den Arbeitsdruck an, damit der Lack des Autos vor Besch\u00e4digung gesch\u00fctzt ist. F\u00fcr andere Arbeiten verwendest du die Dreckfr\u00e4se, die Spr\u00fchlanze und den Wasserfilter, sodass du schnell dein Fahrrad oder deine Gartenger\u00e4te reinigst. Nach Gebrauch bewahrst du den Hochdruckschlauch ordentlich im praktischen Aufbewahrungsfach auf. So ist alles \u00fcbersichtlich f\u00fcr die n\u00e4chste Reinigung. Nilfisk bietet eine lebenslange Garantie auf seine Produkte. So bist du beim Kauf immer abgesichert.<\/p>\n","protected":false},"excerpt":{"rendered":"<p>Beginne dein Reinigungsprojekt mit dem Nilfisk Core 125-5 Car &#038; Home Set, das es dir ganz einfach macht, dein Auto und deine Terrasse wieder sauber zu bekommen. Im Mittelpunkt steht der leistungsstarke Hochdruckreiniger. Dazu erh\u00e4ltst du eine Autowaschb\u00fcrste, eine Schaumd\u00fcse, einen Fl\u00e4chenreiniger und zwei Flaschen Reinigungsmittel. Mit dem Hochdruckreiniger entfernst du Schmutz und putzt dein Auto strahlend sauber. Du passt den Arbeitsdruck an, damit der Lack des Autos vor Besch\u00e4digung gesch\u00fctzt ist. F\u00fcr andere Arbeiten verwendest du die Dreckfr\u00e4se, die Spr\u00fchlanze und den Wasserfilter, sodass du schnell dein Fahrrad oder deine Gartenger\u00e4te reinigst. Nach Gebrauch bewahrst du den Hochdruckschlauch ordentlich im praktischen Aufbewahrungsfach auf. So ist alles \u00fcbersichtlich f\u00fcr die n\u00e4chste Reinigung. Nilfisk bietet eine lebenslange Garantie auf seine Produkte. So bist du beim Kauf immer abgesichert.<\/p>\n","protected":false},"featured_media":0,"comment_status":"closed","ping_status":"open","template":"","meta":{"_acf_changed":false},"brand":[289],"product_brand":[],"product_cat":[2722],"product_tag":[2723],"class_list":{"0":"post-78470","1":"product","2":"type-product","3":"status-publish","5":"brand-nilfisk","6":"product_cat-hochdruckreiniger","7":"product_tag-hogedrukreinigers","8":"pa_condition-new","9":"pa_coolblue-de-verzending-morgen-gratis-geliefert","10":"pa_ean-17637","12":"first","13":"instock","14":"product-type-external"},"acf":[],"_links":{"self":[{"href":"https:\/\/onlinehardwareshop.de\/index.php\/wp-json\/wp\/v2\/product\/78470","targetHints":{"allow":["GET"]}}],"collection":[{"href":"https:\/\/onlinehardwareshop.de\/index.php\/wp-json\/wp\/v2\/product"}],"about":[{"href":"https:\/\/onlinehardwareshop.de\/index.php\/wp-json\/wp\/v2\/types\/product"}],"replies":[{"embeddable":true,"href":"https:\/\/onlinehardwareshop.de\/index.php\/wp-json\/wp\/v2\/comments?post=78470"}],"wp:attachment":[{"href":"https:\/\/onlinehardwareshop.de\/index.php\/wp-json\/wp\/v2\/media?parent=78470"}],"wp:term":[{"taxonomy":"brand","embeddable":true,"href":"https:\/\/onlinehardwareshop.de\/index.php\/wp-json\/wp\/v2\/brand?post=78470"},{"taxonomy":"product_brand","embeddable":true,"href":"https:\/\/onlinehardwareshop.de\/index.php\/wp-json\/wp\/v2\/product_brand?post=78470"},{"taxonomy":"product_cat","embeddable":true,"href":"https:\/\/onlinehardwareshop.de\/index.php\/wp-json\/wp\/v2\/product_cat?post=78470"},{"taxonomy":"product_tag","embeddable":true,"href":"https:\/\/onlinehardwareshop.de\/index.php\/wp-json\/wp\/v2\/product_tag?post=78470"}],"curies":[{"name":"wp","href":"https:\/\/api.w.org\/{rel}","templated":true}]}}