{"id":78464,"date":"2024-01-08T06:29:45","date_gmt":"2024-01-08T06:29:45","guid":{"rendered":"https:\/\/onlinehardwareshop.de\/index.php\/produkt\/nilfisk-excellent-170-car-2\/"},"modified":"2025-05-14T10:24:59","modified_gmt":"2025-05-14T10:24:59","slug":"nilfisk-excellent-170-car","status":"publish","type":"product","link":"https:\/\/onlinehardwareshop.de\/index.php\/produkt\/nilfisk-excellent-170-car\/","title":{"rendered":"Nilfisk Excellent 170 Car"},"content":{"rendered":"<p>Mit dem Nilfisk Excellent 170 Car erh\u00e4ltst du nicht nur einen Hochdruckreiniger, sondern auch eine Autowaschb\u00fcrste, eine Schaumd\u00fcse sowie Reinigungsmittel. Damit erledigst du sofort verschiedene Reinigungsarbeiten. Beispielsweise putzt du dank der hohen Reinigungskapazit\u00e4t von 60 Quadratmetern pro Stunde blitzschnell dein Auto. Oder aber du widmest dich anderen Reinigungsarbeiten, wie etwa dem S\u00e4ubern deines Wohnwagens, Pools oder Gartenzauns. Dank des regulierbaren Arbeitsdruck kannst du auch empfindliche Oberfl\u00e4chen reinigen, ohne dass diese besch\u00e4digen. Zum Beispiel den Lack von deinem Auto. Der Excellent 170 l\u00e4sst sich mit seinen Rollen leicht verschieben. Nach der Nutzung rollst du den Schlauch wieder fest auf die Trommel. Nilfisk bietet eine lebenslange Garantie auf seine Produkte. So bist du beim Kauf immer abgesichert.<\/p>\n","protected":false},"excerpt":{"rendered":"<p>Mit dem Nilfisk Excellent 170 Car erh\u00e4ltst du nicht nur einen Hochdruckreiniger, sondern auch eine Autowaschb\u00fcrste, eine Schaumd\u00fcse sowie Reinigungsmittel. Damit erledigst du sofort verschiedene Reinigungsarbeiten. Beispielsweise putzt du dank der hohen Reinigungskapazit\u00e4t von 60 Quadratmetern pro Stunde blitzschnell dein Auto. Oder aber du widmest dich anderen Reinigungsarbeiten, wie etwa dem S\u00e4ubern deines Wohnwagens, Pools oder Gartenzauns. Dank des regulierbaren Arbeitsdruck kannst du auch empfindliche Oberfl\u00e4chen reinigen, ohne dass diese besch\u00e4digen. Zum Beispiel den Lack von deinem Auto. Der Excellent 170 l\u00e4sst sich mit seinen Rollen leicht verschieben. Nach der Nutzung rollst du den Schlauch wieder fest auf die Trommel. Nilfisk bietet eine lebenslange Garantie auf seine Produkte. So bist du beim Kauf immer abgesichert.<\/p>\n","protected":false},"featured_media":0,"comment_status":"closed","ping_status":"open","template":"","meta":{"_acf_changed":false},"brand":[289],"product_brand":[],"product_cat":[2722],"product_tag":[2723],"class_list":{"0":"post-78464","1":"product","2":"type-product","3":"status-publish","5":"brand-nilfisk","6":"product_cat-hochdruckreiniger","7":"product_tag-hogedrukreinigers","8":"pa_condition-new","9":"pa_coolblue-de-verzending-morgen-gratis-geliefert","10":"pa_ean-29000","12":"first","13":"instock","14":"product-type-external"},"acf":[],"_links":{"self":[{"href":"https:\/\/onlinehardwareshop.de\/index.php\/wp-json\/wp\/v2\/product\/78464","targetHints":{"allow":["GET"]}}],"collection":[{"href":"https:\/\/onlinehardwareshop.de\/index.php\/wp-json\/wp\/v2\/product"}],"about":[{"href":"https:\/\/onlinehardwareshop.de\/index.php\/wp-json\/wp\/v2\/types\/product"}],"replies":[{"embeddable":true,"href":"https:\/\/onlinehardwareshop.de\/index.php\/wp-json\/wp\/v2\/comments?post=78464"}],"wp:attachment":[{"href":"https:\/\/onlinehardwareshop.de\/index.php\/wp-json\/wp\/v2\/media?parent=78464"}],"wp:term":[{"taxonomy":"brand","embeddable":true,"href":"https:\/\/onlinehardwareshop.de\/index.php\/wp-json\/wp\/v2\/brand?post=78464"},{"taxonomy":"product_brand","embeddable":true,"href":"https:\/\/onlinehardwareshop.de\/index.php\/wp-json\/wp\/v2\/product_brand?post=78464"},{"taxonomy":"product_cat","embeddable":true,"href":"https:\/\/onlinehardwareshop.de\/index.php\/wp-json\/wp\/v2\/product_cat?post=78464"},{"taxonomy":"product_tag","embeddable":true,"href":"https:\/\/onlinehardwareshop.de\/index.php\/wp-json\/wp\/v2\/product_tag?post=78464"}],"curies":[{"name":"wp","href":"https:\/\/api.w.org\/{rel}","templated":true}]}}