{"id":78456,"date":"2025-02-02T14:29:33","date_gmt":"2025-02-02T14:29:33","guid":{"rendered":"https:\/\/onlinehardwareshop.de\/index.php\/produkt\/nilfisk-premium-180-1-10-home-set-2\/"},"modified":"2025-05-14T10:24:13","modified_gmt":"2025-05-14T10:24:13","slug":"nilfisk-premium-180-1-10-home-set","status":"publish","type":"product","link":"https:\/\/onlinehardwareshop.de\/index.php\/produkt\/nilfisk-premium-180-1-10-home-set\/","title":{"rendered":"Nilfisk Premium 180.1-10 Home Set"},"content":{"rendered":"<p>Mit dem Nilfisk Premium 180.1-10 Home-Set hast du alles, was du f\u00fcr Reinigungsarbeiten rund ums Haus ben\u00f6tigst. Im Lieferumfang enthalten ist der Nilfisk Power Foamer, mit dem du ohne Anstrengung Reinigungsmittel auftr\u00e4gst. Au\u00dferdem bekommst du den Nilfisk Power Patio und ein Reinigungsmittel f\u00fcr eine Terrassenreinigung ohne Spritzer. Mit der Dreckfr\u00e4se entfernst du Schmutz schnell und m\u00fchelos. Der Hochdruckreiniger hat einen Wasserdruck von 180 bar und eine Durchflussmenge von 610 Litern pro Stunde. Du w\u00e4hlst selbst den besten Wasserdruck f\u00fcr deine Aufgabe, sodass sich der Hochdruckreiniger f\u00fcr jede Arbeit eignet. Durch den Induktionsmotor ist der Hochdruckreiniger langlebig. Nach Gebrauch rollst du den Schlauch schnell und knickfrei auf die Trommel auf. Nilfisk bietet eine lebenslange Garantie auf seine Produkte. So bist du beim Kauf immer abgesichert.<\/p>\n","protected":false},"excerpt":{"rendered":"<p>Mit dem Nilfisk Premium 180.1-10 Home-Set hast du alles, was du f\u00fcr Reinigungsarbeiten rund ums Haus ben\u00f6tigst. Im Lieferumfang enthalten ist der Nilfisk Power Foamer, mit dem du ohne Anstrengung Reinigungsmittel auftr\u00e4gst. Au\u00dferdem bekommst du den Nilfisk Power Patio und ein Reinigungsmittel f\u00fcr eine Terrassenreinigung ohne Spritzer. Mit der Dreckfr\u00e4se entfernst du Schmutz schnell und m\u00fchelos. Der Hochdruckreiniger hat einen Wasserdruck von 180 bar und eine Durchflussmenge von 610 Litern pro Stunde. Du w\u00e4hlst selbst den besten Wasserdruck f\u00fcr deine Aufgabe, sodass sich der Hochdruckreiniger f\u00fcr jede Arbeit eignet. Durch den Induktionsmotor ist der Hochdruckreiniger langlebig. Nach Gebrauch rollst du den Schlauch schnell und knickfrei auf die Trommel auf. Nilfisk bietet eine lebenslange Garantie auf seine Produkte. So bist du beim Kauf immer abgesichert.<\/p>\n","protected":false},"featured_media":0,"comment_status":"closed","ping_status":"open","template":"","meta":{"_acf_changed":false},"brand":[289],"product_brand":[],"product_cat":[2722],"product_tag":[2723],"class_list":{"0":"post-78456","1":"product","2":"type-product","3":"status-publish","5":"brand-nilfisk","6":"product_cat-hochdruckreiniger","7":"product_tag-hogedrukreinigers","8":"pa_condition-new","9":"pa_coolblue-de-verzending-morgen-gratis-geliefert","10":"pa_ean-28999","12":"first","13":"instock","14":"product-type-external"},"acf":[],"_links":{"self":[{"href":"https:\/\/onlinehardwareshop.de\/index.php\/wp-json\/wp\/v2\/product\/78456","targetHints":{"allow":["GET"]}}],"collection":[{"href":"https:\/\/onlinehardwareshop.de\/index.php\/wp-json\/wp\/v2\/product"}],"about":[{"href":"https:\/\/onlinehardwareshop.de\/index.php\/wp-json\/wp\/v2\/types\/product"}],"replies":[{"embeddable":true,"href":"https:\/\/onlinehardwareshop.de\/index.php\/wp-json\/wp\/v2\/comments?post=78456"}],"wp:attachment":[{"href":"https:\/\/onlinehardwareshop.de\/index.php\/wp-json\/wp\/v2\/media?parent=78456"}],"wp:term":[{"taxonomy":"brand","embeddable":true,"href":"https:\/\/onlinehardwareshop.de\/index.php\/wp-json\/wp\/v2\/brand?post=78456"},{"taxonomy":"product_brand","embeddable":true,"href":"https:\/\/onlinehardwareshop.de\/index.php\/wp-json\/wp\/v2\/product_brand?post=78456"},{"taxonomy":"product_cat","embeddable":true,"href":"https:\/\/onlinehardwareshop.de\/index.php\/wp-json\/wp\/v2\/product_cat?post=78456"},{"taxonomy":"product_tag","embeddable":true,"href":"https:\/\/onlinehardwareshop.de\/index.php\/wp-json\/wp\/v2\/product_tag?post=78456"}],"curies":[{"name":"wp","href":"https:\/\/api.w.org\/{rel}","templated":true}]}}