{"id":78453,"date":"2024-06-09T14:20:43","date_gmt":"2024-06-09T14:20:43","guid":{"rendered":"https:\/\/onlinehardwareshop.de\/index.php\/produkt\/nilfisk-excellent-160-home-2\/"},"modified":"2025-05-14T10:24:03","modified_gmt":"2025-05-14T10:24:03","slug":"nilfisk-excellent-160-home","status":"publish","type":"product","link":"https:\/\/onlinehardwareshop.de\/index.php\/produkt\/nilfisk-excellent-160-home\/","title":{"rendered":"Nilfisk Excellent 160 Home"},"content":{"rendered":"<p>Mit dem Nilfisk Excellent 160 Home erh\u00e4ltst du zus\u00e4tzlich zum Hochdruckreiniger auch einen Fl\u00e4chenreiniger, eine Schaumd\u00fcse und Reinigungsmittel. Mit einem Arbeitsdruck von 160\u00a0bar eignet sich der Hochdruckreiniger f\u00fcr mittelgro\u00dfe bis gro\u00dfe Reinigungsarbeiten. Du spritzt damit also nicht nur Gartenger\u00e4te, Mauerwerk oder deinen Wohnwagen sauber, sondern auch deine Terrasse oder deine Auffahrt. Da sich der Arbeitsdruck einfach anpassen l\u00e4sst, werden weiche Oberfl\u00e4chen nicht besch\u00e4digt. Zum Beispiel der Sand zwischen den Fliesen oder der Lack von deinem Auto. Dank der R\u00e4der und des Griffs verschiebst du den Hochdruckreiniger ohne Probleme. Alles wieder sauber? Dann rollst du den Hochdruckschlauch fest auf die Trommel des Excellent 160. Nilfisk bietet eine lebenslange Garantie auf seine Produkte. So bist du beim Kauf immer abgesichert.<\/p>\n","protected":false},"excerpt":{"rendered":"<p>Mit dem Nilfisk Excellent 160 Home erh\u00e4ltst du zus\u00e4tzlich zum Hochdruckreiniger auch einen Fl\u00e4chenreiniger, eine Schaumd\u00fcse und Reinigungsmittel. Mit einem Arbeitsdruck von 160\u00a0bar eignet sich der Hochdruckreiniger f\u00fcr mittelgro\u00dfe bis gro\u00dfe Reinigungsarbeiten. Du spritzt damit also nicht nur Gartenger\u00e4te, Mauerwerk oder deinen Wohnwagen sauber, sondern auch deine Terrasse oder deine Auffahrt. Da sich der Arbeitsdruck einfach anpassen l\u00e4sst, werden weiche Oberfl\u00e4chen nicht besch\u00e4digt. Zum Beispiel der Sand zwischen den Fliesen oder der Lack von deinem Auto. Dank der R\u00e4der und des Griffs verschiebst du den Hochdruckreiniger ohne Probleme. Alles wieder sauber? Dann rollst du den Hochdruckschlauch fest auf die Trommel des Excellent 160. Nilfisk bietet eine lebenslange Garantie auf seine Produkte. So bist du beim Kauf immer abgesichert.<\/p>\n","protected":false},"featured_media":0,"comment_status":"closed","ping_status":"open","template":"","meta":{"_acf_changed":false},"brand":[289],"product_brand":[],"product_cat":[2722],"product_tag":[2723],"class_list":{"0":"post-78453","1":"product","2":"type-product","3":"status-publish","5":"brand-nilfisk","6":"product_cat-hochdruckreiniger","7":"product_tag-hogedrukreinigers","8":"pa_condition-new","9":"pa_coolblue-de-verzending-morgen-gratis-geliefert","10":"pa_ean-17617","12":"first","13":"instock","14":"product-type-external"},"acf":[],"_links":{"self":[{"href":"https:\/\/onlinehardwareshop.de\/index.php\/wp-json\/wp\/v2\/product\/78453","targetHints":{"allow":["GET"]}}],"collection":[{"href":"https:\/\/onlinehardwareshop.de\/index.php\/wp-json\/wp\/v2\/product"}],"about":[{"href":"https:\/\/onlinehardwareshop.de\/index.php\/wp-json\/wp\/v2\/types\/product"}],"replies":[{"embeddable":true,"href":"https:\/\/onlinehardwareshop.de\/index.php\/wp-json\/wp\/v2\/comments?post=78453"}],"wp:attachment":[{"href":"https:\/\/onlinehardwareshop.de\/index.php\/wp-json\/wp\/v2\/media?parent=78453"}],"wp:term":[{"taxonomy":"brand","embeddable":true,"href":"https:\/\/onlinehardwareshop.de\/index.php\/wp-json\/wp\/v2\/brand?post=78453"},{"taxonomy":"product_brand","embeddable":true,"href":"https:\/\/onlinehardwareshop.de\/index.php\/wp-json\/wp\/v2\/product_brand?post=78453"},{"taxonomy":"product_cat","embeddable":true,"href":"https:\/\/onlinehardwareshop.de\/index.php\/wp-json\/wp\/v2\/product_cat?post=78453"},{"taxonomy":"product_tag","embeddable":true,"href":"https:\/\/onlinehardwareshop.de\/index.php\/wp-json\/wp\/v2\/product_tag?post=78453"}],"curies":[{"name":"wp","href":"https:\/\/api.w.org\/{rel}","templated":true}]}}