{"id":78452,"date":"2025-04-11T17:53:36","date_gmt":"2025-04-11T17:53:36","guid":{"rendered":"https:\/\/onlinehardwareshop.de\/index.php\/produkt\/nilfisk-core-150-powercontrol-home-set-2\/"},"modified":"2025-05-14T10:23:58","modified_gmt":"2025-05-14T10:23:58","slug":"nilfisk-core-150-powercontrol-home-set","status":"publish","type":"product","link":"https:\/\/onlinehardwareshop.de\/index.php\/produkt\/nilfisk-core-150-powercontrol-home-set\/","title":{"rendered":"Nilfisk Core 150 PowerControl Home Set"},"content":{"rendered":"<p>Mit dem Nilfisk Core 150 PowerControl Home Set machst du problemlos unterschiedliche Oberfl\u00e4chen sauber, zum Beispiel deine Terrasse und deine Einfahrt. Verwende den mitgelieferten Fl\u00e4chenreiniger und das Reinigungsmittel und beginne sofort. Dieser Hochdruckreiniger hat einen Arbeitsdruck von 150 bar, wodurch du schneller gro\u00dfe, verschmutzte Oberfl\u00e4chen reinigst. Er eignet sich f\u00fcr kleine und mittelgro\u00dfe Aufgaben wie das Reinigen von Gartenm\u00f6beln, Werkzeug oder deinem Motorrad oder Fahrrad. Den in drei Stufen einstellbaren Wasserdruck passt du problemlos an jede T\u00e4tigkeit an. Durch seine R\u00e4der bewegst du den Hochdruckreiniger ohne Anstrengung. Nach Gebrauch rollst du den Hochdruckschlauch fest auf die integrierte Schlauchtrommel auf, sodass alles bis zur n\u00e4chsten Reinigungseinsatz ordentlich bleibt. Nilfisk bietet eine lebenslange Garantie auf seine Produkte. So bist du beim Kauf immer abgesichert.<\/p>\n","protected":false},"excerpt":{"rendered":"<p>Mit dem Nilfisk Core 150 PowerControl Home Set machst du problemlos unterschiedliche Oberfl\u00e4chen sauber, zum Beispiel deine Terrasse und deine Einfahrt. Verwende den mitgelieferten Fl\u00e4chenreiniger und das Reinigungsmittel und beginne sofort. Dieser Hochdruckreiniger hat einen Arbeitsdruck von 150 bar, wodurch du schneller gro\u00dfe, verschmutzte Oberfl\u00e4chen reinigst. Er eignet sich f\u00fcr kleine und mittelgro\u00dfe Aufgaben wie das Reinigen von Gartenm\u00f6beln, Werkzeug oder deinem Motorrad oder Fahrrad. Den in drei Stufen einstellbaren Wasserdruck passt du problemlos an jede T\u00e4tigkeit an. Durch seine R\u00e4der bewegst du den Hochdruckreiniger ohne Anstrengung. Nach Gebrauch rollst du den Hochdruckschlauch fest auf die integrierte Schlauchtrommel auf, sodass alles bis zur n\u00e4chsten Reinigungseinsatz ordentlich bleibt. Nilfisk bietet eine lebenslange Garantie auf seine Produkte. So bist du beim Kauf immer abgesichert.<\/p>\n","protected":false},"featured_media":0,"comment_status":"closed","ping_status":"open","template":"","meta":{"_acf_changed":false},"brand":[289],"product_brand":[],"product_cat":[2722],"product_tag":[2723],"class_list":{"0":"post-78452","1":"product","2":"type-product","3":"status-publish","5":"brand-nilfisk","6":"product_cat-hochdruckreiniger","7":"product_tag-hogedrukreinigers","8":"pa_condition-new","9":"pa_coolblue-de-verzending-morgen-gratis-geliefert","10":"pa_ean-17616","12":"first","13":"instock","14":"product-type-external"},"acf":[],"_links":{"self":[{"href":"https:\/\/onlinehardwareshop.de\/index.php\/wp-json\/wp\/v2\/product\/78452","targetHints":{"allow":["GET"]}}],"collection":[{"href":"https:\/\/onlinehardwareshop.de\/index.php\/wp-json\/wp\/v2\/product"}],"about":[{"href":"https:\/\/onlinehardwareshop.de\/index.php\/wp-json\/wp\/v2\/types\/product"}],"replies":[{"embeddable":true,"href":"https:\/\/onlinehardwareshop.de\/index.php\/wp-json\/wp\/v2\/comments?post=78452"}],"wp:attachment":[{"href":"https:\/\/onlinehardwareshop.de\/index.php\/wp-json\/wp\/v2\/media?parent=78452"}],"wp:term":[{"taxonomy":"brand","embeddable":true,"href":"https:\/\/onlinehardwareshop.de\/index.php\/wp-json\/wp\/v2\/brand?post=78452"},{"taxonomy":"product_brand","embeddable":true,"href":"https:\/\/onlinehardwareshop.de\/index.php\/wp-json\/wp\/v2\/product_brand?post=78452"},{"taxonomy":"product_cat","embeddable":true,"href":"https:\/\/onlinehardwareshop.de\/index.php\/wp-json\/wp\/v2\/product_cat?post=78452"},{"taxonomy":"product_tag","embeddable":true,"href":"https:\/\/onlinehardwareshop.de\/index.php\/wp-json\/wp\/v2\/product_tag?post=78452"}],"curies":[{"name":"wp","href":"https:\/\/api.w.org\/{rel}","templated":true}]}}