{"id":78451,"date":"2024-12-19T12:08:18","date_gmt":"2024-12-19T12:08:18","guid":{"rendered":"https:\/\/onlinehardwareshop.de\/index.php\/produkt\/nilfisk-core-140-powercontrol-in-hand-home-set-2\/"},"modified":"2025-05-14T10:23:54","modified_gmt":"2025-05-14T10:23:54","slug":"nilfisk-core-140-powercontrol-in-hand-home-set","status":"publish","type":"product","link":"https:\/\/onlinehardwareshop.de\/index.php\/produkt\/nilfisk-core-140-powercontrol-in-hand-home-set\/","title":{"rendered":"Nilfisk Core 140 PowerControl In-Hand Home Set"},"content":{"rendered":"<p>Mit dem Nilfisk Core 140 PowerControl In-Hand Home Set beginnst du sofort mit der Reinigung. Dieses Set enth\u00e4lt nicht nur einen Hochdruckreiniger, sondern auch ein Reinigungsmittel f\u00fcr die Terrasse. Mit dem Hochdruckreiniger, der einen Arbeitsdruck von 140 bar hat, erledigst du auch andere Aufgaben schnell. Verwende die Autowaschb\u00fcrste f\u00fcr dein Motorrad, Fahrrad oder deine Gartenger\u00e4te. Mit dem einstellbaren Wasserdruck erzielst du immer das beste Ergebnis. Du entfernst den hartn\u00e4ckigen Schmutz mit der Dreckfr\u00e4se, reinigst schwer zug\u00e4ngliche Stellen mit der Spr\u00fchlanze, verhinderst Verstopfungen mit dem Wasserfilter, bewegst den Hochdruckreiniger m\u00fchelos mit den Rollen und rollst den Schlauch einfach mit der Trommel auf. Nilfisk bietet eine lebenslange Garantie auf seine Produkte. So bist du beim Kauf immer abgesichert.<\/p>\n","protected":false},"excerpt":{"rendered":"<p>Mit dem Nilfisk Core 140 PowerControl In-Hand Home Set beginnst du sofort mit der Reinigung. Dieses Set enth\u00e4lt nicht nur einen Hochdruckreiniger, sondern auch ein Reinigungsmittel f\u00fcr die Terrasse. Mit dem Hochdruckreiniger, der einen Arbeitsdruck von 140 bar hat, erledigst du auch andere Aufgaben schnell. Verwende die Autowaschb\u00fcrste f\u00fcr dein Motorrad, Fahrrad oder deine Gartenger\u00e4te. Mit dem einstellbaren Wasserdruck erzielst du immer das beste Ergebnis. Du entfernst den hartn\u00e4ckigen Schmutz mit der Dreckfr\u00e4se, reinigst schwer zug\u00e4ngliche Stellen mit der Spr\u00fchlanze, verhinderst Verstopfungen mit dem Wasserfilter, bewegst den Hochdruckreiniger m\u00fchelos mit den Rollen und rollst den Schlauch einfach mit der Trommel auf. Nilfisk bietet eine lebenslange Garantie auf seine Produkte. So bist du beim Kauf immer abgesichert.<\/p>\n","protected":false},"featured_media":0,"comment_status":"closed","ping_status":"open","template":"","meta":{"_acf_changed":false},"brand":[289],"product_brand":[],"product_cat":[2722],"product_tag":[2723],"class_list":{"0":"post-78451","1":"product","2":"type-product","3":"status-publish","5":"brand-nilfisk","6":"product_cat-hochdruckreiniger","7":"product_tag-hogedrukreinigers","8":"pa_condition-new","9":"pa_coolblue-de-verzending-morgen-gratis-geliefert","10":"pa_ean-17615","12":"first","13":"instock","14":"product-type-external"},"acf":[],"_links":{"self":[{"href":"https:\/\/onlinehardwareshop.de\/index.php\/wp-json\/wp\/v2\/product\/78451","targetHints":{"allow":["GET"]}}],"collection":[{"href":"https:\/\/onlinehardwareshop.de\/index.php\/wp-json\/wp\/v2\/product"}],"about":[{"href":"https:\/\/onlinehardwareshop.de\/index.php\/wp-json\/wp\/v2\/types\/product"}],"replies":[{"embeddable":true,"href":"https:\/\/onlinehardwareshop.de\/index.php\/wp-json\/wp\/v2\/comments?post=78451"}],"wp:attachment":[{"href":"https:\/\/onlinehardwareshop.de\/index.php\/wp-json\/wp\/v2\/media?parent=78451"}],"wp:term":[{"taxonomy":"brand","embeddable":true,"href":"https:\/\/onlinehardwareshop.de\/index.php\/wp-json\/wp\/v2\/brand?post=78451"},{"taxonomy":"product_brand","embeddable":true,"href":"https:\/\/onlinehardwareshop.de\/index.php\/wp-json\/wp\/v2\/product_brand?post=78451"},{"taxonomy":"product_cat","embeddable":true,"href":"https:\/\/onlinehardwareshop.de\/index.php\/wp-json\/wp\/v2\/product_cat?post=78451"},{"taxonomy":"product_tag","embeddable":true,"href":"https:\/\/onlinehardwareshop.de\/index.php\/wp-json\/wp\/v2\/product_tag?post=78451"}],"curies":[{"name":"wp","href":"https:\/\/api.w.org\/{rel}","templated":true}]}}