{"id":78450,"date":"2024-10-21T10:39:22","date_gmt":"2024-10-21T10:39:22","guid":{"rendered":"https:\/\/onlinehardwareshop.de\/index.php\/produkt\/nilfisk-core-125-5-home-set-2\/"},"modified":"2025-05-14T10:23:49","modified_gmt":"2025-05-14T10:23:49","slug":"nilfisk-core-125-5-home-set","status":"publish","type":"product","link":"https:\/\/onlinehardwareshop.de\/index.php\/produkt\/nilfisk-core-125-5-home-set\/","title":{"rendered":"Nilfisk Core 125-5 Home Set"},"content":{"rendered":"<p>Mit dem Nilfisk Core 125-5 Home startest du sofort deine Putzarbeiten. Dieses praktische Paket enth\u00e4lt den Core 125-5 Hochdruckreiniger. Du verwendest ihn m\u00fchelos mit dem Fl\u00e4chenreiniger und dem mitgelieferten Reinigungsmittel. Damit machst du deine Terrassen und Einfahrten m\u00fchelos blitzsauber. F\u00fcr andere Arbeiten verwendest du die Dreckfr\u00e4se und die Spr\u00fchlanze, zum Beispiel zum Abspritzen deines Fahrrads, deiner Gartenger\u00e4te oder Gartenm\u00f6bel. Der Wasserdruck ist einstellbar und l\u00e4sst sich somit an deine Reinigungst\u00e4tigkeit anpassen. So erh\u00e4ltst du immer das beste Resultat. Alles wieder sauber? Dann verstaust du den Hochdruckschlauch ordentlich im praktischen Aufbewahrungsfach des Core 125-5 Hochdruckreinigers. Nilfisk bietet eine lebenslange Garantie auf seine Produkte. So bist du beim Kauf immer abgesichert.<\/p>\n","protected":false},"excerpt":{"rendered":"<p>Mit dem Nilfisk Core 125-5 Home startest du sofort deine Putzarbeiten. Dieses praktische Paket enth\u00e4lt den Core 125-5 Hochdruckreiniger. Du verwendest ihn m\u00fchelos mit dem Fl\u00e4chenreiniger und dem mitgelieferten Reinigungsmittel. Damit machst du deine Terrassen und Einfahrten m\u00fchelos blitzsauber. F\u00fcr andere Arbeiten verwendest du die Dreckfr\u00e4se und die Spr\u00fchlanze, zum Beispiel zum Abspritzen deines Fahrrads, deiner Gartenger\u00e4te oder Gartenm\u00f6bel. Der Wasserdruck ist einstellbar und l\u00e4sst sich somit an deine Reinigungst\u00e4tigkeit anpassen. So erh\u00e4ltst du immer das beste Resultat. Alles wieder sauber? Dann verstaust du den Hochdruckschlauch ordentlich im praktischen Aufbewahrungsfach des Core 125-5 Hochdruckreinigers. Nilfisk bietet eine lebenslange Garantie auf seine Produkte. So bist du beim Kauf immer abgesichert.<\/p>\n","protected":false},"featured_media":0,"comment_status":"closed","ping_status":"open","template":"","meta":{"_acf_changed":false},"brand":[289],"product_brand":[],"product_cat":[2722],"product_tag":[2723],"class_list":{"0":"post-78450","1":"product","2":"type-product","3":"status-publish","5":"brand-nilfisk","6":"product_cat-hochdruckreiniger","7":"product_tag-hogedrukreinigers","8":"pa_condition-new","9":"pa_coolblue-de-verzending-morgen-gratis-geliefert","10":"pa_ean-17614","12":"first","13":"instock","14":"product-type-external"},"acf":[],"_links":{"self":[{"href":"https:\/\/onlinehardwareshop.de\/index.php\/wp-json\/wp\/v2\/product\/78450","targetHints":{"allow":["GET"]}}],"collection":[{"href":"https:\/\/onlinehardwareshop.de\/index.php\/wp-json\/wp\/v2\/product"}],"about":[{"href":"https:\/\/onlinehardwareshop.de\/index.php\/wp-json\/wp\/v2\/types\/product"}],"replies":[{"embeddable":true,"href":"https:\/\/onlinehardwareshop.de\/index.php\/wp-json\/wp\/v2\/comments?post=78450"}],"wp:attachment":[{"href":"https:\/\/onlinehardwareshop.de\/index.php\/wp-json\/wp\/v2\/media?parent=78450"}],"wp:term":[{"taxonomy":"brand","embeddable":true,"href":"https:\/\/onlinehardwareshop.de\/index.php\/wp-json\/wp\/v2\/brand?post=78450"},{"taxonomy":"product_brand","embeddable":true,"href":"https:\/\/onlinehardwareshop.de\/index.php\/wp-json\/wp\/v2\/product_brand?post=78450"},{"taxonomy":"product_cat","embeddable":true,"href":"https:\/\/onlinehardwareshop.de\/index.php\/wp-json\/wp\/v2\/product_cat?post=78450"},{"taxonomy":"product_tag","embeddable":true,"href":"https:\/\/onlinehardwareshop.de\/index.php\/wp-json\/wp\/v2\/product_tag?post=78450"}],"curies":[{"name":"wp","href":"https:\/\/api.w.org\/{rel}","templated":true}]}}