{"id":78432,"date":"2025-01-31T09:56:42","date_gmt":"2025-01-31T09:56:42","guid":{"rendered":"https:\/\/onlinehardwareshop.de\/index.php\/produkt\/krcher-k7-smart-control-flex-complete-paket-2\/"},"modified":"2025-05-14T10:22:07","modified_gmt":"2025-05-14T10:22:07","slug":"krcher-k7-smart-control-flex-complete-paket","status":"publish","type":"product","link":"https:\/\/onlinehardwareshop.de\/index.php\/produkt\/krcher-k7-smart-control-flex-complete-paket\/","title":{"rendered":"K&#xE4;rcher K7 Smart Control Flex Complete Paket"},"content":{"rendered":"<p>Met dem K\u00e4rcher K7 Smart Control Flex Complete Paket legst du einfach sofort mit all deinen Reinigungsarbeiten los. Das vollst\u00e4ndige Zubeh\u00f6rset erm\u00f6glicht eine m\u00fchelose Reinigung unterschiedlicher Oberfl\u00e4chen. Der leistungsstarke Hochdruckreiniger hat einen Arbeitsdruck von 180\u00a0bar, wodurch im Handumdrehen alles sauber ist. Du erh\u00e4ltst einen Fl\u00e4chenreiniger und eine Waschb\u00fcrste f\u00fcr die Tiefenreinigung. Die Felgenb\u00fcrste hilft dir, schwierige Stellen sauber zu machen. Dank des zehn Meter langen, flexiblen Hochdruckschlauchs erreichst du problemlos auch die schwer zug\u00e4nglichsten Ecken. Mit dem Gartenschlauch und dem Rohrreiniger bist du auch im Garten aktiv. Die drei Reinigungsmittel und die Schaumd\u00fcse sorgen daf\u00fcr, dass du gut auf alles vorbereitet bist. Passe den Arbeitsdruck an, um Besch\u00e4digungen an Oberfl\u00e4chen vorzubeugen. In der K\u00e4rcher App bekommst du praktische Tipps und einen Einblick in deinen Wasserverbrauch.<\/p>\n","protected":false},"excerpt":{"rendered":"<p>Met dem K\u00e4rcher K7 Smart Control Flex Complete Paket legst du einfach sofort mit all deinen Reinigungsarbeiten los. Das vollst\u00e4ndige Zubeh\u00f6rset erm\u00f6glicht eine m\u00fchelose Reinigung unterschiedlicher Oberfl\u00e4chen. Der leistungsstarke Hochdruckreiniger hat einen Arbeitsdruck von 180\u00a0bar, wodurch im Handumdrehen alles sauber ist. Du erh\u00e4ltst einen Fl\u00e4chenreiniger und eine Waschb\u00fcrste f\u00fcr die Tiefenreinigung. Die Felgenb\u00fcrste hilft dir, schwierige Stellen sauber zu machen. Dank des zehn Meter langen, flexiblen Hochdruckschlauchs erreichst du problemlos auch die schwer zug\u00e4nglichsten Ecken. Mit dem Gartenschlauch und dem Rohrreiniger bist du auch im Garten aktiv. Die drei Reinigungsmittel und die Schaumd\u00fcse sorgen daf\u00fcr, dass du gut auf alles vorbereitet bist. Passe den Arbeitsdruck an, um Besch\u00e4digungen an Oberfl\u00e4chen vorzubeugen. In der K\u00e4rcher App bekommst du praktische Tipps und einen Einblick in deinen Wasserverbrauch.<\/p>\n","protected":false},"featured_media":0,"comment_status":"closed","ping_status":"open","template":"","meta":{"_acf_changed":false},"brand":[294],"product_brand":[],"product_cat":[2722],"product_tag":[2723],"class_list":{"0":"post-78432","1":"product","2":"type-product","3":"status-publish","5":"brand-karcher","6":"product_cat-hochdruckreiniger","7":"product_tag-hogedrukreinigers","8":"pa_condition-new","9":"pa_coolblue-de-verzending-morgen-gratis-geliefert","10":"pa_ean-17575","12":"first","13":"instock","14":"product-type-external"},"acf":[],"_links":{"self":[{"href":"https:\/\/onlinehardwareshop.de\/index.php\/wp-json\/wp\/v2\/product\/78432","targetHints":{"allow":["GET"]}}],"collection":[{"href":"https:\/\/onlinehardwareshop.de\/index.php\/wp-json\/wp\/v2\/product"}],"about":[{"href":"https:\/\/onlinehardwareshop.de\/index.php\/wp-json\/wp\/v2\/types\/product"}],"replies":[{"embeddable":true,"href":"https:\/\/onlinehardwareshop.de\/index.php\/wp-json\/wp\/v2\/comments?post=78432"}],"wp:attachment":[{"href":"https:\/\/onlinehardwareshop.de\/index.php\/wp-json\/wp\/v2\/media?parent=78432"}],"wp:term":[{"taxonomy":"brand","embeddable":true,"href":"https:\/\/onlinehardwareshop.de\/index.php\/wp-json\/wp\/v2\/brand?post=78432"},{"taxonomy":"product_brand","embeddable":true,"href":"https:\/\/onlinehardwareshop.de\/index.php\/wp-json\/wp\/v2\/product_brand?post=78432"},{"taxonomy":"product_cat","embeddable":true,"href":"https:\/\/onlinehardwareshop.de\/index.php\/wp-json\/wp\/v2\/product_cat?post=78432"},{"taxonomy":"product_tag","embeddable":true,"href":"https:\/\/onlinehardwareshop.de\/index.php\/wp-json\/wp\/v2\/product_tag?post=78432"}],"curies":[{"name":"wp","href":"https:\/\/api.w.org\/{rel}","templated":true}]}}