{"id":78428,"date":"2025-03-17T04:48:05","date_gmt":"2025-03-17T04:48:05","guid":{"rendered":"https:\/\/onlinehardwareshop.de\/index.php\/produkt\/epson-ecotank-et-2871-2\/"},"modified":"2025-05-14T10:21:53","modified_gmt":"2025-05-14T10:21:53","slug":"epson-ecotank-et-2871","status":"publish","type":"product","link":"https:\/\/onlinehardwareshop.de\/index.php\/produkt\/epson-ecotank-et-2871\/","title":{"rendered":"Epson EcoTank ET-2871"},"content":{"rendered":"<p>Der Epson EcoTank ET-2871 ist eine g\u00fcnstige Druckl\u00f6sung f\u00fcr zu Hause. Mit diesem EcoTank Multifunktionsdrucker druckst, scannst und kopierst du Dokumente. Probleme mit leeren Patronen geh\u00f6ren der Vergangenheit an, denn du f\u00fcllst den EcoTank einfach mit Tinte aus einer Flasche nach. Mit nur einem Tintenflaschenset druckst du bis zu 4.500 Seiten in Schwarz-Wei\u00df und 7.500 Seiten in Farbe aus. Das reicht bei durchschnittlicher Nutzung f\u00fcr drei Jahre Drucken. Du siehst von au\u00dfen, wie viel Tinte sich noch im Tintentank befindet. In der Papierkassette ist Platz f\u00fcr 100 Blatt Papier. Du verbindest den Drucker \u00fcber WLAN oder Wi-Fi Direct. So nutzt du den Drucker auch an Orten ohne kabelloses Netzwerk. Du bedienst den Drucker \u00fcber die Epson Smart Panel App oder das LCD-Display.<\/p>\n","protected":false},"excerpt":{"rendered":"<p>Der Epson EcoTank ET-2871 ist eine g\u00fcnstige Druckl\u00f6sung f\u00fcr zu Hause. Mit diesem EcoTank Multifunktionsdrucker druckst, scannst und kopierst du Dokumente. Probleme mit leeren Patronen geh\u00f6ren der Vergangenheit an, denn du f\u00fcllst den EcoTank einfach mit Tinte aus einer Flasche nach. Mit nur einem Tintenflaschenset druckst du bis zu 4.500 Seiten in Schwarz-Wei\u00df und 7.500 Seiten in Farbe aus. Das reicht bei durchschnittlicher Nutzung f\u00fcr drei Jahre Drucken. Du siehst von au\u00dfen, wie viel Tinte sich noch im Tintentank befindet. In der Papierkassette ist Platz f\u00fcr 100 Blatt Papier. Du verbindest den Drucker \u00fcber WLAN oder Wi-Fi Direct. So nutzt du den Drucker auch an Orten ohne kabelloses Netzwerk. Du bedienst den Drucker \u00fcber die Epson Smart Panel App oder das LCD-Display.<\/p>\n","protected":false},"featured_media":0,"comment_status":"closed","ping_status":"open","template":"","meta":{"_acf_changed":false},"brand":[267],"product_brand":[],"product_cat":[2205],"product_tag":[4745],"class_list":{"0":"post-78428","1":"product","2":"type-product","3":"status-publish","5":"brand-epson","6":"product_cat-drucker","7":"product_tag-inkttank-printers","8":"pa_condition-new","9":"pa_coolblue-de-verzending-morgen-gratis-geliefert","10":"pa_ean-33327","11":"pa_mpn-c11cj66422","13":"first","14":"instock","15":"product-type-external"},"acf":[],"_links":{"self":[{"href":"https:\/\/onlinehardwareshop.de\/index.php\/wp-json\/wp\/v2\/product\/78428","targetHints":{"allow":["GET"]}}],"collection":[{"href":"https:\/\/onlinehardwareshop.de\/index.php\/wp-json\/wp\/v2\/product"}],"about":[{"href":"https:\/\/onlinehardwareshop.de\/index.php\/wp-json\/wp\/v2\/types\/product"}],"replies":[{"embeddable":true,"href":"https:\/\/onlinehardwareshop.de\/index.php\/wp-json\/wp\/v2\/comments?post=78428"}],"wp:attachment":[{"href":"https:\/\/onlinehardwareshop.de\/index.php\/wp-json\/wp\/v2\/media?parent=78428"}],"wp:term":[{"taxonomy":"brand","embeddable":true,"href":"https:\/\/onlinehardwareshop.de\/index.php\/wp-json\/wp\/v2\/brand?post=78428"},{"taxonomy":"product_brand","embeddable":true,"href":"https:\/\/onlinehardwareshop.de\/index.php\/wp-json\/wp\/v2\/product_brand?post=78428"},{"taxonomy":"product_cat","embeddable":true,"href":"https:\/\/onlinehardwareshop.de\/index.php\/wp-json\/wp\/v2\/product_cat?post=78428"},{"taxonomy":"product_tag","embeddable":true,"href":"https:\/\/onlinehardwareshop.de\/index.php\/wp-json\/wp\/v2\/product_tag?post=78428"}],"curies":[{"name":"wp","href":"https:\/\/api.w.org\/{rel}","templated":true}]}}