{"id":78424,"date":"2024-04-13T23:16:25","date_gmt":"2024-04-13T23:16:25","guid":{"rendered":"https:\/\/onlinehardwareshop.de\/index.php\/produkt\/dji-mic-2-single-2\/"},"modified":"2025-05-14T10:21:33","modified_gmt":"2025-05-14T10:21:33","slug":"dji-mic-2-single","status":"publish","type":"product","link":"https:\/\/onlinehardwareshop.de\/index.php\/produkt\/dji-mic-2-single\/","title":{"rendered":"DJI Mic 2 Single"},"content":{"rendered":"<p>Mit dem DJI Mic\u00a02 Single machst du deutliche Tonaufnahmen. Du erh\u00e4ltst einen Sender mit integriertem Mikrofon und einen Empf\u00e4nger, die beide eine maximale Akkulaufzeit von 5,5 Stunden haben. Du kannst sie zum Beispiel mitnehmen, wenn du ein Interview vor Ort aufnimmst. Dank ihrer kompakten Gr\u00f6\u00dfe passen sie problemlos in deine Jackentasche. Das Set eignet sich sowohl f\u00fcr dein Smartphone als auch f\u00fcr deine Kamera. Die gro\u00dfe Reichweite von 250 Meter bietet dir viel Bewegungsfreiheit, sodass du dich bedenkenlos etwas weiter von der Kamera entfernen kannst. Mit dem Magnetclip befestigst du den Sender ganz einfach an deiner Kleidung. Indem du ihn etwas tiefer an deiner Brust anbringst, nimmt der Sender den Ton noch deutlicher auf. Der interne Speicher bietet Platz f\u00fcr 14 Stunden an Tonaufnahmen.<\/p>\n","protected":false},"excerpt":{"rendered":"<p>Mit dem DJI Mic\u00a02 Single machst du deutliche Tonaufnahmen. Du erh\u00e4ltst einen Sender mit integriertem Mikrofon und einen Empf\u00e4nger, die beide eine maximale Akkulaufzeit von 5,5 Stunden haben. Du kannst sie zum Beispiel mitnehmen, wenn du ein Interview vor Ort aufnimmst. Dank ihrer kompakten Gr\u00f6\u00dfe passen sie problemlos in deine Jackentasche. Das Set eignet sich sowohl f\u00fcr dein Smartphone als auch f\u00fcr deine Kamera. Die gro\u00dfe Reichweite von 250 Meter bietet dir viel Bewegungsfreiheit, sodass du dich bedenkenlos etwas weiter von der Kamera entfernen kannst. Mit dem Magnetclip befestigst du den Sender ganz einfach an deiner Kleidung. Indem du ihn etwas tiefer an deiner Brust anbringst, nimmt der Sender den Ton noch deutlicher auf. Der interne Speicher bietet Platz f\u00fcr 14 Stunden an Tonaufnahmen.<\/p>\n","protected":false},"featured_media":0,"comment_status":"closed","ping_status":"open","template":"","meta":{"_acf_changed":false},"brand":[3664],"product_brand":[],"product_cat":[1570],"product_tag":[1571],"class_list":{"0":"post-78424","1":"product","2":"type-product","3":"status-publish","5":"brand-dji","6":"product_cat-kameramikrofone","7":"product_tag-cameramicrofoons","8":"pa_condition-new","9":"pa_coolblue-de-verzending-morgen-gratis-geliefert","10":"pa_ean-17560","11":"pa_mpn-cp-rn-00000326-01","13":"first","14":"instock","15":"product-type-external"},"acf":[],"_links":{"self":[{"href":"https:\/\/onlinehardwareshop.de\/index.php\/wp-json\/wp\/v2\/product\/78424","targetHints":{"allow":["GET"]}}],"collection":[{"href":"https:\/\/onlinehardwareshop.de\/index.php\/wp-json\/wp\/v2\/product"}],"about":[{"href":"https:\/\/onlinehardwareshop.de\/index.php\/wp-json\/wp\/v2\/types\/product"}],"replies":[{"embeddable":true,"href":"https:\/\/onlinehardwareshop.de\/index.php\/wp-json\/wp\/v2\/comments?post=78424"}],"wp:attachment":[{"href":"https:\/\/onlinehardwareshop.de\/index.php\/wp-json\/wp\/v2\/media?parent=78424"}],"wp:term":[{"taxonomy":"brand","embeddable":true,"href":"https:\/\/onlinehardwareshop.de\/index.php\/wp-json\/wp\/v2\/brand?post=78424"},{"taxonomy":"product_brand","embeddable":true,"href":"https:\/\/onlinehardwareshop.de\/index.php\/wp-json\/wp\/v2\/product_brand?post=78424"},{"taxonomy":"product_cat","embeddable":true,"href":"https:\/\/onlinehardwareshop.de\/index.php\/wp-json\/wp\/v2\/product_cat?post=78424"},{"taxonomy":"product_tag","embeddable":true,"href":"https:\/\/onlinehardwareshop.de\/index.php\/wp-json\/wp\/v2\/product_tag?post=78424"}],"curies":[{"name":"wp","href":"https:\/\/api.w.org\/{rel}","templated":true}]}}