{"id":78423,"date":"2024-03-09T14:37:57","date_gmt":"2024-03-09T14:37:57","guid":{"rendered":"https:\/\/onlinehardwareshop.de\/index.php\/produkt\/dji-mic-2-ladecase-2\/"},"modified":"2025-05-14T10:21:28","modified_gmt":"2025-05-14T10:21:28","slug":"dji-mic-2-ladecase","status":"publish","type":"product","link":"https:\/\/onlinehardwareshop.de\/index.php\/produkt\/dji-mic-2-ladecase\/","title":{"rendered":"DJI Mic 2 + Ladecase"},"content":{"rendered":"<p>Mit dem Set aus DJI Mic\u00a02 + Ladecase machst du deutliche Tonaufnahmen. Du erh\u00e4ltst ein vollst\u00e4ndiges Set mit zwei Sendern mit integriertem Mikrofon, einem Empf\u00e4nger und einem kabellosen Ladecase. Die Sender und der Empf\u00e4nger haben eine Akkulaufzeit von 5,5 Stunden. Im Ladecase kannst du sie bis zu dreimal aufladen und somit bis zu 17 Stunden an Tonmaterial aufnehmen. Das ist praktisch, wenn zum Beispiel f\u00fcr eine Doku ein langer Drehtag ansteht. Dank der Akkulaufzeit eignet sich das Set auch f\u00fcr Vlogger. Sender und Empf\u00e4nger haben eine Reichweite von 250 Metern. Daher kannst du dich bedenkenlos etwas weiter von der Kamera entfernen. Mit den Magnetclips befestigst du die Sender ganz einfach an deiner Kleidung. Indem du sie etwas tiefer an deiner Brust anbringst, nehmen die Sender den Ton noch deutlicher auf. Der interne Speicher bietet Platz f\u00fcr 14 Stunden an Tonaufnahmen.<\/p>\n","protected":false},"excerpt":{"rendered":"<p>Mit dem Set aus DJI Mic\u00a02 + Ladecase machst du deutliche Tonaufnahmen. Du erh\u00e4ltst ein vollst\u00e4ndiges Set mit zwei Sendern mit integriertem Mikrofon, einem Empf\u00e4nger und einem kabellosen Ladecase. Die Sender und der Empf\u00e4nger haben eine Akkulaufzeit von 5,5 Stunden. Im Ladecase kannst du sie bis zu dreimal aufladen und somit bis zu 17 Stunden an Tonmaterial aufnehmen. Das ist praktisch, wenn zum Beispiel f\u00fcr eine Doku ein langer Drehtag ansteht. Dank der Akkulaufzeit eignet sich das Set auch f\u00fcr Vlogger. Sender und Empf\u00e4nger haben eine Reichweite von 250 Metern. Daher kannst du dich bedenkenlos etwas weiter von der Kamera entfernen. Mit den Magnetclips befestigst du die Sender ganz einfach an deiner Kleidung. Indem du sie etwas tiefer an deiner Brust anbringst, nehmen die Sender den Ton noch deutlicher auf. Der interne Speicher bietet Platz f\u00fcr 14 Stunden an Tonaufnahmen.<\/p>\n","protected":false},"featured_media":0,"comment_status":"closed","ping_status":"open","template":"","meta":{"_acf_changed":false},"brand":[3664],"product_brand":[],"product_cat":[1570],"product_tag":[1571],"class_list":{"0":"post-78423","1":"product","2":"type-product","3":"status-publish","5":"brand-dji","6":"product_cat-kameramikrofone","7":"product_tag-cameramicrofoons","8":"pa_condition-new","9":"pa_coolblue-de-verzending-morgen-gratis-geliefert","10":"pa_ean-29695","11":"pa_mpn-cp-rn-00000324-01","13":"first","14":"instock","15":"product-type-external"},"acf":[],"_links":{"self":[{"href":"https:\/\/onlinehardwareshop.de\/index.php\/wp-json\/wp\/v2\/product\/78423","targetHints":{"allow":["GET"]}}],"collection":[{"href":"https:\/\/onlinehardwareshop.de\/index.php\/wp-json\/wp\/v2\/product"}],"about":[{"href":"https:\/\/onlinehardwareshop.de\/index.php\/wp-json\/wp\/v2\/types\/product"}],"replies":[{"embeddable":true,"href":"https:\/\/onlinehardwareshop.de\/index.php\/wp-json\/wp\/v2\/comments?post=78423"}],"wp:attachment":[{"href":"https:\/\/onlinehardwareshop.de\/index.php\/wp-json\/wp\/v2\/media?parent=78423"}],"wp:term":[{"taxonomy":"brand","embeddable":true,"href":"https:\/\/onlinehardwareshop.de\/index.php\/wp-json\/wp\/v2\/brand?post=78423"},{"taxonomy":"product_brand","embeddable":true,"href":"https:\/\/onlinehardwareshop.de\/index.php\/wp-json\/wp\/v2\/product_brand?post=78423"},{"taxonomy":"product_cat","embeddable":true,"href":"https:\/\/onlinehardwareshop.de\/index.php\/wp-json\/wp\/v2\/product_cat?post=78423"},{"taxonomy":"product_tag","embeddable":true,"href":"https:\/\/onlinehardwareshop.de\/index.php\/wp-json\/wp\/v2\/product_tag?post=78423"}],"curies":[{"name":"wp","href":"https:\/\/api.w.org\/{rel}","templated":true}]}}