{"id":78391,"date":"2024-02-13T10:39:23","date_gmt":"2024-02-13T10:39:23","guid":{"rendered":"https:\/\/onlinehardwareshop.de\/index.php\/produkt\/bose-ultra-open-earbuds-schwarz-2\/"},"modified":"2025-05-14T10:18:48","modified_gmt":"2025-05-14T10:18:48","slug":"bose-ultra-open-earbuds-schwarz","status":"publish","type":"product","link":"https:\/\/onlinehardwareshop.de\/index.php\/produkt\/bose-ultra-open-earbuds-schwarz\/","title":{"rendered":"Bose Ultra Open Earbuds Schwarz"},"content":{"rendered":"<p>Mit dem Open-Ear-Design der Bose Ultra Open Earbuds Schwarz gestaltet sich dein Training sicher. Bei diesem OpenAudio-Design liegt der Kontaktpunkt der Ohrst\u00f6psel in deiner Ohrmuschel. Die Musik gelangt \u00fcber einen Schallwandler in deine Ohren. So bleibt dein Geh\u00f6rgang frei und du h\u00f6rst sowohl die Musik als auch deine Umgebung deutlich. Dank des Ohr-Clips sitzen die Ohrh\u00f6rer fest an deinen Ohren und fallen auch nicht so leicht heraus, wenn du im Training einen Sprint einlegst. Dank Bose Immersive Audio erlebst du deine Musik intensiver denn je. Mit dieser tiefen und detaillierten Klangb\u00fchne kommt es dir vor, als w\u00e4rst du mitten auf einem Festival. \u00dcber Bose SimpleSync synchronisierst du die In-Ear-Kopfh\u00f6rer mit deiner Bose Soundar. So schaust du \u00fcber deine Kopfh\u00f6rer fern.<\/p>\n","protected":false},"excerpt":{"rendered":"<p>Mit dem Open-Ear-Design der Bose Ultra Open Earbuds Schwarz gestaltet sich dein Training sicher. Bei diesem OpenAudio-Design liegt der Kontaktpunkt der Ohrst\u00f6psel in deiner Ohrmuschel. Die Musik gelangt \u00fcber einen Schallwandler in deine Ohren. So bleibt dein Geh\u00f6rgang frei und du h\u00f6rst sowohl die Musik als auch deine Umgebung deutlich. Dank des Ohr-Clips sitzen die Ohrh\u00f6rer fest an deinen Ohren und fallen auch nicht so leicht heraus, wenn du im Training einen Sprint einlegst. Dank Bose Immersive Audio erlebst du deine Musik intensiver denn je. Mit dieser tiefen und detaillierten Klangb\u00fchne kommt es dir vor, als w\u00e4rst du mitten auf einem Festival. \u00dcber Bose SimpleSync synchronisierst du die In-Ear-Kopfh\u00f6rer mit deiner Bose Soundar. So schaust du \u00fcber deine Kopfh\u00f6rer fern.<\/p>\n","protected":false},"featured_media":0,"comment_status":"closed","ping_status":"open","template":"","meta":{"_acf_changed":false},"brand":[3092],"product_brand":[],"product_cat":[563],"product_tag":[1210],"class_list":{"0":"post-78391","1":"product","2":"type-product","3":"status-publish","5":"brand-bose","6":"product_cat-in-ear-kopfhrer","7":"product_tag-non-apple-oordopjes","8":"pa_condition-new","9":"pa_coolblue-de-verzending-morgen-gratis-geliefert","10":"pa_ean-17504","11":"pa_mpn-881046-0010","13":"first","14":"instock","15":"product-type-external"},"acf":[],"_links":{"self":[{"href":"https:\/\/onlinehardwareshop.de\/index.php\/wp-json\/wp\/v2\/product\/78391","targetHints":{"allow":["GET"]}}],"collection":[{"href":"https:\/\/onlinehardwareshop.de\/index.php\/wp-json\/wp\/v2\/product"}],"about":[{"href":"https:\/\/onlinehardwareshop.de\/index.php\/wp-json\/wp\/v2\/types\/product"}],"replies":[{"embeddable":true,"href":"https:\/\/onlinehardwareshop.de\/index.php\/wp-json\/wp\/v2\/comments?post=78391"}],"wp:attachment":[{"href":"https:\/\/onlinehardwareshop.de\/index.php\/wp-json\/wp\/v2\/media?parent=78391"}],"wp:term":[{"taxonomy":"brand","embeddable":true,"href":"https:\/\/onlinehardwareshop.de\/index.php\/wp-json\/wp\/v2\/brand?post=78391"},{"taxonomy":"product_brand","embeddable":true,"href":"https:\/\/onlinehardwareshop.de\/index.php\/wp-json\/wp\/v2\/product_brand?post=78391"},{"taxonomy":"product_cat","embeddable":true,"href":"https:\/\/onlinehardwareshop.de\/index.php\/wp-json\/wp\/v2\/product_cat?post=78391"},{"taxonomy":"product_tag","embeddable":true,"href":"https:\/\/onlinehardwareshop.de\/index.php\/wp-json\/wp\/v2\/product_tag?post=78391"}],"curies":[{"name":"wp","href":"https:\/\/api.w.org\/{rel}","templated":true}]}}