{"id":78376,"date":"2024-04-15T00:52:43","date_gmt":"2024-04-15T00:52:43","guid":{"rendered":"https:\/\/onlinehardwareshop.de\/index.php\/produkt\/razer-blackshark-v2-pro-2023-kabelloses-gaming-headset-schwarz-2\/"},"modified":"2025-05-14T10:17:28","modified_gmt":"2025-05-14T10:17:28","slug":"razer-blackshark-v2-pro-2023-kabelloses-gaming-headset-schwarz","status":"publish","type":"product","link":"https:\/\/onlinehardwareshop.de\/index.php\/produkt\/razer-blackshark-v2-pro-2023-kabelloses-gaming-headset-schwarz\/","title":{"rendered":"Razer BlackShark V2 Pro (2023) Kabelloses Gaming-Headset &#8211; Schwarz"},"content":{"rendered":"<p>Mit dem Razer BlackShark V2 Pro (2023) Kabellosem Gaming-Headset Schwarz genie\u00dft du beim Gaming einen klaren Sound. Dieses Headset verbindest du \u00fcber den USB-A-Dongle kabellos mit deiner Playstation und deinem PC. So hast du beim Gaming keinen Kabelsalat. Die 50-mm-Treiber trennen die hohen, mittelhohen und tiefen T\u00f6ne voneinander, sodass der Sound immer besonders klar ist. Mit Surround Sound genie\u00dft du einen 360-Grad-Sound deines Gameplays und wei\u00dft immer genau, aus welcher Richtung sich deine Gegner n\u00e4hern. So bist du ihnen immer einen Schritt voraus. Au\u00dferdem kommunizierst du dank der Rauschunterdr\u00fcckung des Mikrofons online ohne Hintergrundger\u00e4usche mit deinen Freunden. So kommen deine Kommentare immer deutlich r\u00fcber. Die durchschnittliche Akkulaufzeit des Headsets betr\u00e4gt 70 Stunden. So erlebst du ausgiebigen Gaming-Spa\u00df, ohne das Headset zwischendurch zu laden. Spielst du \u00f6fter im Single-Player-Modus oder ben\u00f6tigst kein Mikrofon? Dann l\u00e4sst sich das Mikrofon vom Headset einfach entfernen.<\/p>\n","protected":false},"excerpt":{"rendered":"<p>Mit dem Razer BlackShark V2 Pro (2023) Kabellosem Gaming-Headset Schwarz genie\u00dft du beim Gaming einen klaren Sound. Dieses Headset verbindest du \u00fcber den USB-A-Dongle kabellos mit deiner Playstation und deinem PC. So hast du beim Gaming keinen Kabelsalat. Die 50-mm-Treiber trennen die hohen, mittelhohen und tiefen T\u00f6ne voneinander, sodass der Sound immer besonders klar ist. Mit Surround Sound genie\u00dft du einen 360-Grad-Sound deines Gameplays und wei\u00dft immer genau, aus welcher Richtung sich deine Gegner n\u00e4hern. So bist du ihnen immer einen Schritt voraus. Au\u00dferdem kommunizierst du dank der Rauschunterdr\u00fcckung des Mikrofons online ohne Hintergrundger\u00e4usche mit deinen Freunden. So kommen deine Kommentare immer deutlich r\u00fcber. Die durchschnittliche Akkulaufzeit des Headsets betr\u00e4gt 70 Stunden. So erlebst du ausgiebigen Gaming-Spa\u00df, ohne das Headset zwischendurch zu laden. Spielst du \u00f6fter im Single-Player-Modus oder ben\u00f6tigst kein Mikrofon? Dann l\u00e4sst sich das Mikrofon vom Headset einfach entfernen.<\/p>\n","protected":false},"featured_media":0,"comment_status":"closed","ping_status":"open","template":"","meta":{"_acf_changed":false},"brand":[3451],"product_brand":[],"product_cat":[3435],"product_tag":[3436],"class_list":{"0":"post-78376","1":"product","2":"type-product","3":"status-publish","5":"brand-razer","6":"product_cat-gaming-headsets","7":"product_tag-gaming-headsets","8":"pa_condition-new","9":"pa_coolblue-de-verzending-morgen-gratis-geliefert","10":"pa_ean-17466","11":"pa_mpn-rz04-04530100-r3m1","13":"first","14":"instock","15":"product-type-external"},"acf":[],"_links":{"self":[{"href":"https:\/\/onlinehardwareshop.de\/index.php\/wp-json\/wp\/v2\/product\/78376","targetHints":{"allow":["GET"]}}],"collection":[{"href":"https:\/\/onlinehardwareshop.de\/index.php\/wp-json\/wp\/v2\/product"}],"about":[{"href":"https:\/\/onlinehardwareshop.de\/index.php\/wp-json\/wp\/v2\/types\/product"}],"replies":[{"embeddable":true,"href":"https:\/\/onlinehardwareshop.de\/index.php\/wp-json\/wp\/v2\/comments?post=78376"}],"wp:attachment":[{"href":"https:\/\/onlinehardwareshop.de\/index.php\/wp-json\/wp\/v2\/media?parent=78376"}],"wp:term":[{"taxonomy":"brand","embeddable":true,"href":"https:\/\/onlinehardwareshop.de\/index.php\/wp-json\/wp\/v2\/brand?post=78376"},{"taxonomy":"product_brand","embeddable":true,"href":"https:\/\/onlinehardwareshop.de\/index.php\/wp-json\/wp\/v2\/product_brand?post=78376"},{"taxonomy":"product_cat","embeddable":true,"href":"https:\/\/onlinehardwareshop.de\/index.php\/wp-json\/wp\/v2\/product_cat?post=78376"},{"taxonomy":"product_tag","embeddable":true,"href":"https:\/\/onlinehardwareshop.de\/index.php\/wp-json\/wp\/v2\/product_tag?post=78376"}],"curies":[{"name":"wp","href":"https:\/\/api.w.org\/{rel}","templated":true}]}}