{"id":78372,"date":"2024-09-01T22:16:37","date_gmt":"2024-09-01T22:16:37","guid":{"rendered":"https:\/\/onlinehardwareshop.de\/index.php\/produkt\/lacie-rugged-mini-ssd-2tb-2\/"},"modified":"2025-05-14T10:17:08","modified_gmt":"2025-05-14T10:17:08","slug":"lacie-rugged-mini-ssd-2tb","status":"publish","type":"product","link":"https:\/\/onlinehardwareshop.de\/index.php\/produkt\/lacie-rugged-mini-ssd-2tb\/","title":{"rendered":"Lacie Rugged Mini SSD 2TB"},"content":{"rendered":"<p>Deine Dateien lassen sich mit der LaCie Rugged Mini SSD 2TB schnell \u00fcbertragen und sicher transportieren. Mit dem 2 Terabyte gro\u00dfen Speicher hast du genug Platz, um den Speicherplatz deines PCs zu verdoppeln. Diese stabile externe SSD ist nach IP54 konzipiert und somit unter anderem wasserbest\u00e4ndig und staubgesch\u00fctzt. Hast du sie aus Versehen fallen lassen? Keine Sorge. Die SSD \u00fcberlebt einen Sturz aus bis zu 3 Metern H\u00f6he und h\u00e4lt einiges aus. Dank der Lese- und Schreibgeschwindigkeiten von 2.000 MB\/s \u00fcbertr\u00e4gst du deine Dateien im Handumdrehen. Zudem bekommst du 3 Jahre Zugang zu den Rescue Services von LaCie, um verlorene Dateien anzufordern.<\/p>\n","protected":false},"excerpt":{"rendered":"<p>Deine Dateien lassen sich mit der LaCie Rugged Mini SSD 2TB schnell \u00fcbertragen und sicher transportieren. Mit dem 2 Terabyte gro\u00dfen Speicher hast du genug Platz, um den Speicherplatz deines PCs zu verdoppeln. Diese stabile externe SSD ist nach IP54 konzipiert und somit unter anderem wasserbest\u00e4ndig und staubgesch\u00fctzt. Hast du sie aus Versehen fallen lassen? Keine Sorge. Die SSD \u00fcberlebt einen Sturz aus bis zu 3 Metern H\u00f6he und h\u00e4lt einiges aus. Dank der Lese- und Schreibgeschwindigkeiten von 2.000 MB\/s \u00fcbertr\u00e4gst du deine Dateien im Handumdrehen. Zudem bekommst du 3 Jahre Zugang zu den Rescue Services von LaCie, um verlorene Dateien anzufordern.<\/p>\n","protected":false},"featured_media":0,"comment_status":"closed","ping_status":"open","template":"","meta":{"_acf_changed":false},"brand":[2394],"product_brand":[],"product_cat":[4819],"product_tag":[4820],"class_list":{"0":"post-78372","1":"product","2":"type-product","3":"status-publish","5":"brand-lacie","6":"product_cat-externe-ssds","7":"product_tag-harde-schijven-extern-ssd","8":"pa_condition-new","9":"pa_coolblue-de-verzending-morgen-gratis-geliefert","10":"pa_ean-28079","11":"pa_mpn-stmf2000400","13":"first","14":"instock","15":"product-type-external"},"acf":[],"_links":{"self":[{"href":"https:\/\/onlinehardwareshop.de\/index.php\/wp-json\/wp\/v2\/product\/78372","targetHints":{"allow":["GET"]}}],"collection":[{"href":"https:\/\/onlinehardwareshop.de\/index.php\/wp-json\/wp\/v2\/product"}],"about":[{"href":"https:\/\/onlinehardwareshop.de\/index.php\/wp-json\/wp\/v2\/types\/product"}],"replies":[{"embeddable":true,"href":"https:\/\/onlinehardwareshop.de\/index.php\/wp-json\/wp\/v2\/comments?post=78372"}],"wp:attachment":[{"href":"https:\/\/onlinehardwareshop.de\/index.php\/wp-json\/wp\/v2\/media?parent=78372"}],"wp:term":[{"taxonomy":"brand","embeddable":true,"href":"https:\/\/onlinehardwareshop.de\/index.php\/wp-json\/wp\/v2\/brand?post=78372"},{"taxonomy":"product_brand","embeddable":true,"href":"https:\/\/onlinehardwareshop.de\/index.php\/wp-json\/wp\/v2\/product_brand?post=78372"},{"taxonomy":"product_cat","embeddable":true,"href":"https:\/\/onlinehardwareshop.de\/index.php\/wp-json\/wp\/v2\/product_cat?post=78372"},{"taxonomy":"product_tag","embeddable":true,"href":"https:\/\/onlinehardwareshop.de\/index.php\/wp-json\/wp\/v2\/product_tag?post=78372"}],"curies":[{"name":"wp","href":"https:\/\/api.w.org\/{rel}","templated":true}]}}