{"id":78369,"date":"2024-08-21T01:43:55","date_gmt":"2024-08-21T01:43:55","guid":{"rendered":"https:\/\/onlinehardwareshop.de\/index.php\/produkt\/bluebuilt-handyhalterung-fahrrad-motorrad-roller-2\/"},"modified":"2025-05-14T10:16:46","modified_gmt":"2025-05-14T10:16:46","slug":"bluebuilt-handyhalterung-fahrrad-motorrad-roller","status":"publish","type":"product","link":"https:\/\/onlinehardwareshop.de\/index.php\/produkt\/bluebuilt-handyhalterung-fahrrad-motorrad-roller\/","title":{"rendered":"BlueBuilt Handyhalterung Fahrrad\/Motorrad\/Roller"},"content":{"rendered":"<p>Mit der BlueBuilt Handyhalterung Fahrrad\/Motorrad\/Roller siehst du dir Informationen sicher auf deinem Lenker an. Du befestigst die Handyhalterung ganz einfach am Lenker deines Fahrrads, Rollers oder Motorrads mit der verstellbaren Klemme an der R\u00fcckseite. Drehe den Knopf an der Seite, um die Halterung auf die richtige Gr\u00f6\u00dfe f\u00fcr dein Smartphone einzustellen. Anschlie\u00dfend drehst du den Knopf wieder fest, sodass dein Handy sicher in der Halterung sitzt. Du brauchst dir also keine Sorgen zu machen, dass dein Smartphone aus der Halterung f\u00e4llt, wenn du \u00fcber einen holprigen Weg f\u00e4hrst. Du erh\u00e4ltst f\u00fcnf Jahre Garantie auf diese Handyhalterung.<\/p>\n","protected":false},"excerpt":{"rendered":"<p>Mit der BlueBuilt Handyhalterung Fahrrad\/Motorrad\/Roller siehst du dir Informationen sicher auf deinem Lenker an. Du befestigst die Handyhalterung ganz einfach am Lenker deines Fahrrads, Rollers oder Motorrads mit der verstellbaren Klemme an der R\u00fcckseite. Drehe den Knopf an der Seite, um die Halterung auf die richtige Gr\u00f6\u00dfe f\u00fcr dein Smartphone einzustellen. Anschlie\u00dfend drehst du den Knopf wieder fest, sodass dein Handy sicher in der Halterung sitzt. Du brauchst dir also keine Sorgen zu machen, dass dein Smartphone aus der Halterung f\u00e4llt, wenn du \u00fcber einen holprigen Weg f\u00e4hrst. Du erh\u00e4ltst f\u00fcnf Jahre Garantie auf diese Handyhalterung.<\/p>\n","protected":false},"featured_media":0,"comment_status":"closed","ping_status":"open","template":"","meta":{"_acf_changed":false},"brand":[5893],"product_brand":[],"product_cat":[541],"product_tag":[17457],"class_list":{"0":"post-78369","1":"product","2":"type-product","3":"status-publish","5":"brand-bluebuilt","6":"product_cat-handyhalterungen","7":"product_tag-telefoonhouders-fiets","8":"pa_condition-new","9":"pa_coolblue-de-verzending-morgen-gratis-geliefert","10":"pa_ean-17455","11":"pa_mpn-bbphb001","13":"first","14":"instock","15":"product-type-external"},"acf":[],"_links":{"self":[{"href":"https:\/\/onlinehardwareshop.de\/index.php\/wp-json\/wp\/v2\/product\/78369","targetHints":{"allow":["GET"]}}],"collection":[{"href":"https:\/\/onlinehardwareshop.de\/index.php\/wp-json\/wp\/v2\/product"}],"about":[{"href":"https:\/\/onlinehardwareshop.de\/index.php\/wp-json\/wp\/v2\/types\/product"}],"replies":[{"embeddable":true,"href":"https:\/\/onlinehardwareshop.de\/index.php\/wp-json\/wp\/v2\/comments?post=78369"}],"wp:attachment":[{"href":"https:\/\/onlinehardwareshop.de\/index.php\/wp-json\/wp\/v2\/media?parent=78369"}],"wp:term":[{"taxonomy":"brand","embeddable":true,"href":"https:\/\/onlinehardwareshop.de\/index.php\/wp-json\/wp\/v2\/brand?post=78369"},{"taxonomy":"product_brand","embeddable":true,"href":"https:\/\/onlinehardwareshop.de\/index.php\/wp-json\/wp\/v2\/product_brand?post=78369"},{"taxonomy":"product_cat","embeddable":true,"href":"https:\/\/onlinehardwareshop.de\/index.php\/wp-json\/wp\/v2\/product_cat?post=78369"},{"taxonomy":"product_tag","embeddable":true,"href":"https:\/\/onlinehardwareshop.de\/index.php\/wp-json\/wp\/v2\/product_tag?post=78369"}],"curies":[{"name":"wp","href":"https:\/\/api.w.org\/{rel}","templated":true}]}}