{"id":78346,"date":"2024-06-16T19:18:41","date_gmt":"2024-06-16T19:18:41","guid":{"rendered":"https:\/\/onlinehardwareshop.de\/index.php\/produkt\/hp-laserjet-pro-mfp-3102fdn-2\/"},"modified":"2025-05-14T10:14:52","modified_gmt":"2025-05-14T10:14:52","slug":"hp-laserjet-pro-mfp-3102fdn","status":"publish","type":"product","link":"https:\/\/onlinehardwareshop.de\/index.php\/produkt\/hp-laserjet-pro-mfp-3102fdn\/","title":{"rendered":"HP LaserJet Pro MFP 3102fdn"},"content":{"rendered":"<p>Der HP LaserJet Pro MFP 3102fdw ist ein schneller 4-in-1-Drucker f\u00fcr dein Homeoffice oder kleines B\u00fcro. Er druckt bis zu 33 Seiten pro Minute. Wenn du schnell ein umfangreiches Dokument drucken m\u00f6chtest, legst du einfach bis zu 50 Blatt Papier auf einmal in den automatischen Dokumenteneinzug. Mit dem LaserJet Pro MFP 3102fdwe kannst du au\u00dferdem deine Dokumente faxen. Das Drucken erfolgt automatisch beidseitig, sodass du Papier sparst. Der Drucker verf\u00fcgt nicht \u00fcber WLAN. Du druckst also \u00fcber ein USB- oder Netzwerkkabel.<\/p>\n","protected":false},"excerpt":{"rendered":"<p>Der HP LaserJet Pro MFP 3102fdw ist ein schneller 4-in-1-Drucker f\u00fcr dein Homeoffice oder kleines B\u00fcro. Er druckt bis zu 33 Seiten pro Minute. Wenn du schnell ein umfangreiches Dokument drucken m\u00f6chtest, legst du einfach bis zu 50 Blatt Papier auf einmal in den automatischen Dokumenteneinzug. Mit dem LaserJet Pro MFP 3102fdwe kannst du au\u00dferdem deine Dokumente faxen. Das Drucken erfolgt automatisch beidseitig, sodass du Papier sparst. Der Drucker verf\u00fcgt nicht \u00fcber WLAN. Du druckst also \u00fcber ein USB- oder Netzwerkkabel.<\/p>\n","protected":false},"featured_media":0,"comment_status":"closed","ping_status":"open","template":"","meta":{"_acf_changed":false},"brand":[90],"product_brand":[],"product_cat":[2205],"product_tag":[4823],"class_list":{"0":"post-78346","1":"product","2":"type-product","3":"status-publish","5":"brand-hp","6":"product_cat-drucker","7":"product_tag-laserprinters","8":"pa_condition-new","9":"pa_coolblue-de-verzending-morgen-gratis-geliefert","10":"pa_ean-17414","11":"pa_mpn-3g629f","13":"first","14":"instock","15":"product-type-external"},"acf":[],"_links":{"self":[{"href":"https:\/\/onlinehardwareshop.de\/index.php\/wp-json\/wp\/v2\/product\/78346","targetHints":{"allow":["GET"]}}],"collection":[{"href":"https:\/\/onlinehardwareshop.de\/index.php\/wp-json\/wp\/v2\/product"}],"about":[{"href":"https:\/\/onlinehardwareshop.de\/index.php\/wp-json\/wp\/v2\/types\/product"}],"replies":[{"embeddable":true,"href":"https:\/\/onlinehardwareshop.de\/index.php\/wp-json\/wp\/v2\/comments?post=78346"}],"wp:attachment":[{"href":"https:\/\/onlinehardwareshop.de\/index.php\/wp-json\/wp\/v2\/media?parent=78346"}],"wp:term":[{"taxonomy":"brand","embeddable":true,"href":"https:\/\/onlinehardwareshop.de\/index.php\/wp-json\/wp\/v2\/brand?post=78346"},{"taxonomy":"product_brand","embeddable":true,"href":"https:\/\/onlinehardwareshop.de\/index.php\/wp-json\/wp\/v2\/product_brand?post=78346"},{"taxonomy":"product_cat","embeddable":true,"href":"https:\/\/onlinehardwareshop.de\/index.php\/wp-json\/wp\/v2\/product_cat?post=78346"},{"taxonomy":"product_tag","embeddable":true,"href":"https:\/\/onlinehardwareshop.de\/index.php\/wp-json\/wp\/v2\/product_tag?post=78346"}],"curies":[{"name":"wp","href":"https:\/\/api.w.org\/{rel}","templated":true}]}}