{"id":78315,"date":"2025-02-22T11:37:45","date_gmt":"2025-02-22T11:37:45","guid":{"rendered":"https:\/\/onlinehardwareshop.de\/index.php\/produkt\/razer-viper-v3-hyperspeed-kabellose-gaming-maus-2\/"},"modified":"2025-05-14T10:12:17","modified_gmt":"2025-05-14T10:12:17","slug":"razer-viper-v3-hyperspeed-kabellose-gaming-maus","status":"publish","type":"product","link":"https:\/\/onlinehardwareshop.de\/index.php\/produkt\/razer-viper-v3-hyperspeed-kabellose-gaming-maus\/","title":{"rendered":"Razer Viper V3 HyperSpeed Kabellose Gaming-Maus"},"content":{"rendered":"<p>Spiele pr\u00e4zise mit der kabellosen Gaming-Maus Razer Viper V3 Hyperspeed und schalte deine Gegner geschickt aus. Diese kabellose Gaming-Maus verf\u00fcgt \u00fcber mechanische Gen-2-Switches. Dadurch h\u00e4lt die Gaming-Maus besonders lange. Spielst du viele unterschiedliche Games? Mit einem einstellbaren dpi von bis zu 18.000 kannst du deine Maus f\u00fcr eine Partie Warzone verwenden, aber auch f\u00fcr einen ruhigen Abend mit The Sims. Mit den 2 zus\u00e4tzlichen Daumentasten kannst du Aktionen im Spiel festlegen, sodass sich mit einem Klick auf die Taste ein Spezialangriff ausf\u00fchren l\u00e4sst. Du kannst bis zu 280 Stunden ohne Aufladen spielen, wodurch du lange an Gaming-Sessions teilnehmen kannst.<\/p>\n","protected":false},"excerpt":{"rendered":"<p>Spiele pr\u00e4zise mit der kabellosen Gaming-Maus Razer Viper V3 Hyperspeed und schalte deine Gegner geschickt aus. Diese kabellose Gaming-Maus verf\u00fcgt \u00fcber mechanische Gen-2-Switches. Dadurch h\u00e4lt die Gaming-Maus besonders lange. Spielst du viele unterschiedliche Games? Mit einem einstellbaren dpi von bis zu 18.000 kannst du deine Maus f\u00fcr eine Partie Warzone verwenden, aber auch f\u00fcr einen ruhigen Abend mit The Sims. Mit den 2 zus\u00e4tzlichen Daumentasten kannst du Aktionen im Spiel festlegen, sodass sich mit einem Klick auf die Taste ein Spezialangriff ausf\u00fchren l\u00e4sst. Du kannst bis zu 280 Stunden ohne Aufladen spielen, wodurch du lange an Gaming-Sessions teilnehmen kannst.<\/p>\n","protected":false},"featured_media":0,"comment_status":"closed","ping_status":"open","template":"","meta":{"_acf_changed":false},"brand":[3451],"product_brand":[],"product_cat":[33],"product_tag":[3752],"class_list":{"0":"post-78315","1":"product","2":"type-product","3":"status-publish","5":"brand-razer","6":"product_cat-muse","7":"product_tag-gaming-muizen","8":"pa_condition-new","9":"pa_coolblue-de-verzending-morgen-gratis-geliefert","10":"pa_ean-17349","11":"pa_mpn-rz01-04910100-r3m1","13":"first","14":"instock","15":"product-type-external"},"acf":[],"_links":{"self":[{"href":"https:\/\/onlinehardwareshop.de\/index.php\/wp-json\/wp\/v2\/product\/78315","targetHints":{"allow":["GET"]}}],"collection":[{"href":"https:\/\/onlinehardwareshop.de\/index.php\/wp-json\/wp\/v2\/product"}],"about":[{"href":"https:\/\/onlinehardwareshop.de\/index.php\/wp-json\/wp\/v2\/types\/product"}],"replies":[{"embeddable":true,"href":"https:\/\/onlinehardwareshop.de\/index.php\/wp-json\/wp\/v2\/comments?post=78315"}],"wp:attachment":[{"href":"https:\/\/onlinehardwareshop.de\/index.php\/wp-json\/wp\/v2\/media?parent=78315"}],"wp:term":[{"taxonomy":"brand","embeddable":true,"href":"https:\/\/onlinehardwareshop.de\/index.php\/wp-json\/wp\/v2\/brand?post=78315"},{"taxonomy":"product_brand","embeddable":true,"href":"https:\/\/onlinehardwareshop.de\/index.php\/wp-json\/wp\/v2\/product_brand?post=78315"},{"taxonomy":"product_cat","embeddable":true,"href":"https:\/\/onlinehardwareshop.de\/index.php\/wp-json\/wp\/v2\/product_cat?post=78315"},{"taxonomy":"product_tag","embeddable":true,"href":"https:\/\/onlinehardwareshop.de\/index.php\/wp-json\/wp\/v2\/product_tag?post=78315"}],"curies":[{"name":"wp","href":"https:\/\/api.w.org\/{rel}","templated":true}]}}