{"id":78299,"date":"2024-01-25T20:16:32","date_gmt":"2024-01-25T20:16:32","guid":{"rendered":"https:\/\/onlinehardwareshop.de\/index.php\/produkt\/krcher-k7-smart-control-flex-car-2\/"},"modified":"2025-05-14T10:10:43","modified_gmt":"2025-05-14T10:10:43","slug":"krcher-k7-smart-control-flex-car","status":"publish","type":"product","link":"https:\/\/onlinehardwareshop.de\/index.php\/produkt\/krcher-k7-smart-control-flex-car\/","title":{"rendered":"K&#xE4;rcher K7 Smart Control Flex Car"},"content":{"rendered":"<p>Mit dem K\u00e4rcher K7 Smart Control Car Flex reinigst du dein Auto, deinen Wohnwagen oder dein Boot gr\u00fcndlich und ohne Kratzer. Der zehn Meter lange, flexible Schlauch bietet einen gro\u00dfen Aktionsradius, sodass du \u00fcberall leicht hinkommst. Dieses Set enth\u00e4lt den K7 Hochdruckreiniger, eine Dreckfr\u00e4se, einen Wasserfilter, eine Spr\u00fchlanze, eine Waschb\u00fcrste, eine Felgenwaschb\u00fcrste, eine Schaumd\u00fcse und zwei Flaschen Reinigungsmittel. Die Waschb\u00fcrste und die Felgenb\u00fcrste reinigen den Lack kratzfrei, w\u00e4hrend die Schaumd\u00fcse selbst hartn\u00e4ckigem Schmutz den Kampf ansagt. Verbinde deinen Hochdruckreiniger \u00fcber Bluetooth mit der K\u00e4rcher App f\u00fcr gezielte Reinigungstipps und einen Einblick in deinen Wasserverbrauch. Mit dem verstellbaren Wasserstrahl passt du den Arbeitsdruck ganz einfach an die jeweilige Aufgabe an.<\/p>\n","protected":false},"excerpt":{"rendered":"<p>Mit dem K\u00e4rcher K7 Smart Control Car Flex reinigst du dein Auto, deinen Wohnwagen oder dein Boot gr\u00fcndlich und ohne Kratzer. Der zehn Meter lange, flexible Schlauch bietet einen gro\u00dfen Aktionsradius, sodass du \u00fcberall leicht hinkommst. Dieses Set enth\u00e4lt den K7 Hochdruckreiniger, eine Dreckfr\u00e4se, einen Wasserfilter, eine Spr\u00fchlanze, eine Waschb\u00fcrste, eine Felgenwaschb\u00fcrste, eine Schaumd\u00fcse und zwei Flaschen Reinigungsmittel. Die Waschb\u00fcrste und die Felgenb\u00fcrste reinigen den Lack kratzfrei, w\u00e4hrend die Schaumd\u00fcse selbst hartn\u00e4ckigem Schmutz den Kampf ansagt. Verbinde deinen Hochdruckreiniger \u00fcber Bluetooth mit der K\u00e4rcher App f\u00fcr gezielte Reinigungstipps und einen Einblick in deinen Wasserverbrauch. Mit dem verstellbaren Wasserstrahl passt du den Arbeitsdruck ganz einfach an die jeweilige Aufgabe an.<\/p>\n","protected":false},"featured_media":0,"comment_status":"closed","ping_status":"open","template":"","meta":{"_acf_changed":false},"brand":[294],"product_brand":[],"product_cat":[2722],"product_tag":[2723],"class_list":{"0":"post-78299","1":"product","2":"type-product","3":"status-publish","5":"brand-karcher","6":"product_cat-hochdruckreiniger","7":"product_tag-hogedrukreinigers","8":"pa_condition-new","9":"pa_coolblue-de-verzending-morgen-gratis-geliefert","10":"pa_ean-17339","12":"first","13":"instock","14":"product-type-external"},"acf":[],"_links":{"self":[{"href":"https:\/\/onlinehardwareshop.de\/index.php\/wp-json\/wp\/v2\/product\/78299","targetHints":{"allow":["GET"]}}],"collection":[{"href":"https:\/\/onlinehardwareshop.de\/index.php\/wp-json\/wp\/v2\/product"}],"about":[{"href":"https:\/\/onlinehardwareshop.de\/index.php\/wp-json\/wp\/v2\/types\/product"}],"replies":[{"embeddable":true,"href":"https:\/\/onlinehardwareshop.de\/index.php\/wp-json\/wp\/v2\/comments?post=78299"}],"wp:attachment":[{"href":"https:\/\/onlinehardwareshop.de\/index.php\/wp-json\/wp\/v2\/media?parent=78299"}],"wp:term":[{"taxonomy":"brand","embeddable":true,"href":"https:\/\/onlinehardwareshop.de\/index.php\/wp-json\/wp\/v2\/brand?post=78299"},{"taxonomy":"product_brand","embeddable":true,"href":"https:\/\/onlinehardwareshop.de\/index.php\/wp-json\/wp\/v2\/product_brand?post=78299"},{"taxonomy":"product_cat","embeddable":true,"href":"https:\/\/onlinehardwareshop.de\/index.php\/wp-json\/wp\/v2\/product_cat?post=78299"},{"taxonomy":"product_tag","embeddable":true,"href":"https:\/\/onlinehardwareshop.de\/index.php\/wp-json\/wp\/v2\/product_tag?post=78299"}],"curies":[{"name":"wp","href":"https:\/\/api.w.org\/{rel}","templated":true}]}}