{"id":78228,"date":"2024-01-11T14:44:04","date_gmt":"2024-01-11T14:44:04","guid":{"rendered":"https:\/\/onlinehardwareshop.de\/index.php\/produkt\/samsonite-scure-spinner-55cm-doppelpack-black-2\/"},"modified":"2025-05-14T10:04:37","modified_gmt":"2025-05-14T10:04:37","slug":"samsonite-scure-spinner-55cm-doppelpack-black","status":"publish","type":"product","link":"https:\/\/onlinehardwareshop.de\/index.php\/produkt\/samsonite-scure-spinner-55cm-doppelpack-black\/","title":{"rendered":"Samsonite S&#8217;Cure Spinner 55&#xA0;cm Doppelpack Black"},"content":{"rendered":"<p>Mit dem Samsonite S&#8217;Cure Spinner 55\u00a0cm Doppelpack Black legst du dir gleich zwei Handgep\u00e4ckkoffer f\u00fcr dich und eine mitreisende Person zu. Die Koffer haben ein Fassungsverm\u00f6gen von 34 Litern. So habt ihr beide genug Platz f\u00fcr das Gep\u00e4ck eines Wochenendtrips. Dank der F\u00e4cher und der Packgurte bleiben deine Sachen ordentlich an ihrem Platz. Da sich die Rollen um 360 Grad drehen, fahren die S&#8217;Cure Koffer einfach in jede Richtung mit. Das ist zum Beispiel praktisch, wenn du beide Koffer mit einer Hand schieben m\u00f6chtest. Die Handgep\u00e4ckkoffer bestehen aus Polypropylen, sodass sie nicht so schnell Kratzer oder Dellen bekommen. Dank des praktischen TSA-Zahlenschlosses wird dein Koffer bei einer Zollkontrolle in den USA au\u00dferdem nicht besch\u00e4digt.<\/p>\n","protected":false},"excerpt":{"rendered":"<p>Mit dem Samsonite S&#8217;Cure Spinner 55\u00a0cm Doppelpack Black legst du dir gleich zwei Handgep\u00e4ckkoffer f\u00fcr dich und eine mitreisende Person zu. Die Koffer haben ein Fassungsverm\u00f6gen von 34 Litern. So habt ihr beide genug Platz f\u00fcr das Gep\u00e4ck eines Wochenendtrips. Dank der F\u00e4cher und der Packgurte bleiben deine Sachen ordentlich an ihrem Platz. Da sich die Rollen um 360 Grad drehen, fahren die S&#8217;Cure Koffer einfach in jede Richtung mit. Das ist zum Beispiel praktisch, wenn du beide Koffer mit einer Hand schieben m\u00f6chtest. Die Handgep\u00e4ckkoffer bestehen aus Polypropylen, sodass sie nicht so schnell Kratzer oder Dellen bekommen. Dank des praktischen TSA-Zahlenschlosses wird dein Koffer bei einer Zollkontrolle in den USA au\u00dferdem nicht besch\u00e4digt.<\/p>\n","protected":false},"featured_media":0,"comment_status":"closed","ping_status":"open","template":"","meta":{"_acf_changed":false},"brand":[1260],"product_brand":[],"product_cat":[1261],"product_tag":[1271],"class_list":{"0":"post-78228","1":"product","2":"type-product","3":"status-publish","5":"brand-samsonite","6":"product_cat-koffer","7":"product_tag-handbagage-koffers","8":"pa_condition-new","9":"pa_coolblue-de-verzending-morgen-gratis-geliefert","10":"pa_ean-17198","12":"first","13":"instock","14":"product-type-external"},"acf":[],"_links":{"self":[{"href":"https:\/\/onlinehardwareshop.de\/index.php\/wp-json\/wp\/v2\/product\/78228","targetHints":{"allow":["GET"]}}],"collection":[{"href":"https:\/\/onlinehardwareshop.de\/index.php\/wp-json\/wp\/v2\/product"}],"about":[{"href":"https:\/\/onlinehardwareshop.de\/index.php\/wp-json\/wp\/v2\/types\/product"}],"replies":[{"embeddable":true,"href":"https:\/\/onlinehardwareshop.de\/index.php\/wp-json\/wp\/v2\/comments?post=78228"}],"wp:attachment":[{"href":"https:\/\/onlinehardwareshop.de\/index.php\/wp-json\/wp\/v2\/media?parent=78228"}],"wp:term":[{"taxonomy":"brand","embeddable":true,"href":"https:\/\/onlinehardwareshop.de\/index.php\/wp-json\/wp\/v2\/brand?post=78228"},{"taxonomy":"product_brand","embeddable":true,"href":"https:\/\/onlinehardwareshop.de\/index.php\/wp-json\/wp\/v2\/product_brand?post=78228"},{"taxonomy":"product_cat","embeddable":true,"href":"https:\/\/onlinehardwareshop.de\/index.php\/wp-json\/wp\/v2\/product_cat?post=78228"},{"taxonomy":"product_tag","embeddable":true,"href":"https:\/\/onlinehardwareshop.de\/index.php\/wp-json\/wp\/v2\/product_tag?post=78228"}],"curies":[{"name":"wp","href":"https:\/\/api.w.org\/{rel}","templated":true}]}}