{"id":78218,"date":"2025-02-08T08:50:07","date_gmt":"2025-02-08T08:50:07","guid":{"rendered":"https:\/\/onlinehardwareshop.de\/index.php\/produkt\/eve-play-2\/"},"modified":"2025-05-14T10:04:03","modified_gmt":"2025-05-14T10:04:03","slug":"eve-play","status":"publish","type":"product","link":"https:\/\/onlinehardwareshop.de\/index.php\/produkt\/eve-play\/","title":{"rendered":"Eve Play"},"content":{"rendered":"<p>Mit dem Eve Play Audio-Streamer stattest du Lautsprecher, Verst\u00e4rker und Soundbars bei dir zu Hause mit Apple AirPlay und HomeKit aus. Dadurch h\u00f6rst du sogar auf deinen \u00e4lteren Ger\u00e4ten deine Lieblingsmusik und -podcasts. Dank der Multiroom-Playback-Funktion spielst du sie auf mehreren Ger\u00e4ten gleichzeitig ab. Mit der Sync-Funktion in der Eve App entsteht keine Verz\u00f6gerung zwischen verschiedenen Airplay-Ger\u00e4ten. So entspricht der abgespielte Ton eines Lautsprechers immer dem der anderen. Du bedienst den Audio-Streamer von deinem iPhone, iPad oder Mac. Mit dem mitgelieferten Cinch-Kabel oder \u00fcber WLAN verbindest du den Audio-Streamer mit deinem Lautsprecher oder Verst\u00e4rker.<\/p>\n","protected":false},"excerpt":{"rendered":"<p>Mit dem Eve Play Audio-Streamer stattest du Lautsprecher, Verst\u00e4rker und Soundbars bei dir zu Hause mit Apple AirPlay und HomeKit aus. Dadurch h\u00f6rst du sogar auf deinen \u00e4lteren Ger\u00e4ten deine Lieblingsmusik und -podcasts. Dank der Multiroom-Playback-Funktion spielst du sie auf mehreren Ger\u00e4ten gleichzeitig ab. Mit der Sync-Funktion in der Eve App entsteht keine Verz\u00f6gerung zwischen verschiedenen Airplay-Ger\u00e4ten. So entspricht der abgespielte Ton eines Lautsprechers immer dem der anderen. Du bedienst den Audio-Streamer von deinem iPhone, iPad oder Mac. Mit dem mitgelieferten Cinch-Kabel oder \u00fcber WLAN verbindest du den Audio-Streamer mit deinem Lautsprecher oder Verst\u00e4rker.<\/p>\n","protected":false},"featured_media":0,"comment_status":"closed","ping_status":"open","template":"","meta":{"_acf_changed":false},"brand":[10245],"product_brand":[],"product_cat":[1250],"product_tag":[1251],"class_list":{"0":"post-78218","1":"product","2":"type-product","3":"status-publish","5":"brand-eve","6":"product_cat-audio-streamer","7":"product_tag-audiostreamers-receivers","8":"pa_condition-new","9":"pa_coolblue-de-verzending-morgen-gratis-geliefert","10":"pa_ean-17176","11":"pa_mpn-10ebr8701","13":"first","14":"instock","15":"product-type-external"},"acf":[],"_links":{"self":[{"href":"https:\/\/onlinehardwareshop.de\/index.php\/wp-json\/wp\/v2\/product\/78218","targetHints":{"allow":["GET"]}}],"collection":[{"href":"https:\/\/onlinehardwareshop.de\/index.php\/wp-json\/wp\/v2\/product"}],"about":[{"href":"https:\/\/onlinehardwareshop.de\/index.php\/wp-json\/wp\/v2\/types\/product"}],"replies":[{"embeddable":true,"href":"https:\/\/onlinehardwareshop.de\/index.php\/wp-json\/wp\/v2\/comments?post=78218"}],"wp:attachment":[{"href":"https:\/\/onlinehardwareshop.de\/index.php\/wp-json\/wp\/v2\/media?parent=78218"}],"wp:term":[{"taxonomy":"brand","embeddable":true,"href":"https:\/\/onlinehardwareshop.de\/index.php\/wp-json\/wp\/v2\/brand?post=78218"},{"taxonomy":"product_brand","embeddable":true,"href":"https:\/\/onlinehardwareshop.de\/index.php\/wp-json\/wp\/v2\/product_brand?post=78218"},{"taxonomy":"product_cat","embeddable":true,"href":"https:\/\/onlinehardwareshop.de\/index.php\/wp-json\/wp\/v2\/product_cat?post=78218"},{"taxonomy":"product_tag","embeddable":true,"href":"https:\/\/onlinehardwareshop.de\/index.php\/wp-json\/wp\/v2\/product_tag?post=78218"}],"curies":[{"name":"wp","href":"https:\/\/api.w.org\/{rel}","templated":true}]}}